{"id":85047,"date":"2025-06-26T17:29:06","date_gmt":"2025-06-26T17:29:06","guid":{"rendered":"https:\/\/brandss.com.py\/index\/?post_type=product&#038;p=85047"},"modified":"2025-07-04T16:45:05","modified_gmt":"2025-07-04T16:45:05","slug":"bruma-corporal-femenino-lattafa-yara-tous-all-over-edp-150ml","status":"publish","type":"product","link":"https:\/\/brandss.com.py\/index\/producto\/bruma-corporal-femenino-lattafa-yara-tous-all-over-edp-150ml\/","title":{"rendered":"BRUMA CORPORAL FEMENINO LATTAFA YARA TOUS ALL OVER EDP 150ML"},"content":{"rendered":"<p><img loading=\"lazy\" decoding=\"async\" class=\"\" src=\"https:\/\/myscentjourney.s3.us-east-2.amazonaws.com\/2022\/02\/14\/29KIascent_j_marca_1644871114_202.png\" alt=\"MSJ::LATTAFA\" width=\"98\" height=\"116\" \/><\/p>\n<h1>YARA TOUS ALL OVER<\/h1>\n<h4><em>Tu resplandor tropical, desatado en una bruma vers\u00e1til.<\/em><\/h4>\n<p>Lattafa Perfumes, sin\u00f3nimo de lujo accesible y encantadoras fragancias \u00e1rabes, presenta su \u00faltima joya: Yara Tous All Over Spray en un generoso formato de 150 ml. No se trata simplemente de una versi\u00f3n m\u00e1s ligera del apreciado Yara Tous Eau de Parfum.<\/p>\n<p>Es una bruma cuidadosamente formulada, dise\u00f1ada para envolverte en su vibrante, dulce y profundamente tropical aura de pies a cabeza. Irradiar\u00e1s calidez y encanto con cada movimiento.<\/p>\n<h4><em>El arte de perfumar todo el cuerpo: elevando tu ritual diario<\/em><\/h4>\n<p>Para quienes aprecian un aroma exquisito pero buscan flexibilidad, comodidad y un toque constante de frescura, la categor\u00eda &#8220;All Over Spray&#8221; es una revelaci\u00f3n moderna. Inspirada en los \u00faltimos avances en perfumer\u00eda, este formato ofrece claras ventajas sobre los Eau de Parfums tradicionales, convirti\u00e9ndolo en un imprescindible de la rutina diaria:<\/p>\n<p><strong>Suave con la piel y el cabello<\/strong><\/p>\n<p>Formulado con una concentraci\u00f3n de alcohol t\u00edpicamente menor en comparaci\u00f3n con los EDP tradicionales. Esta bruma es excepcionalmente suave con la piel y el cabello. Ofrece un aroma sutil pero persistente sin resecar ni dejar residuos, dejando el cabello delicadamente perfumado y con una sensaci\u00f3n de frescura.<\/p>\n<p><strong>Refrescante sin esfuerzo<\/strong><\/p>\n<p>Ya sea que desees un r\u00e1pido rejuvenecimiento despu\u00e9s de entrenar, una deliciosa revitalizaci\u00f3n al mediod\u00eda o un ligero retoque antes de una reuni\u00f3n improvisada, este spray de 150 ml ofrece una explosi\u00f3n de aroma vigorizante al instante. Su amplia difusi\u00f3n garantiza una cobertura uniforme y una sensaci\u00f3n refrescante.<\/p>\n<p><strong>El arte de la superposici\u00f3n<\/strong><\/p>\n<p>Act\u00faa como una exquisita capa base. Roc\u00edalo generosamente antes de aplicar tu Eau de Parfum Lattafa Yara Tous para prolongar significativamente su duraci\u00f3n y profundizar su perfil, creando una burbuja arom\u00e1tica m\u00e1s robusta y duradera. Alternativamente, comb\u00ednalo con perfumes complementarios para crear tu propia fragancia \u00fanica y personalizada.<\/p>\n<p><strong>Radiancia Difusa<\/strong><\/p>\n<p>La bruma ultrafina crea una hermosa y et\u00e9rea nube de aroma que se difunde sutilmente a tu alrededor. Esto crea una presencia arom\u00e1tica personal, siempre atractiva y duradera, sin resultar abrumadora. Por ejemplo, es perfecta para cualquier ocasi\u00f3n.<\/p>\n<h2>Notas Olfativas<\/h2>\n<ul>\n<li><strong>Notas de salida<\/strong>\u00a0: Mango, coco, maracuy\u00e1.<\/li>\n<li><strong>Notas medias<\/strong>\u00a0: jazm\u00edn, flor de naranja, heliotropo.<\/li>\n<li><strong>Notas de base<\/strong>\u00a0: vainilla, almizcle, cachemira.<\/li>\n<\/ul>\n","protected":false},"excerpt":{"rendered":"<p>YARA TOUS ALL OVER Tu resplandor tropical, desatado en una bruma vers\u00e1til. Lattafa Perfumes, sin\u00f3nimo de lujo accesible y encantadoras<\/p>\n","protected":false},"featured_media":85048,"comment_status":"open","ping_status":"closed","template":"","meta":{"nf_dc_page":""},"product_brand":[],"product_cat":[84],"product_tag":[],"class_list":{"0":"post-85047","1":"product","2":"type-product","3":"status-publish","4":"has-post-thumbnail","6":"product_cat-perfumeria","8":"first","9":"outofstock","10":"shipping-taxable","11":"purchasable","12":"product-type-simple"},"_links":{"self":[{"href":"https:\/\/brandss.com.py\/index\/wp-json\/wp\/v2\/product\/85047","targetHints":{"allow":["GET"]}}],"collection":[{"href":"https:\/\/brandss.com.py\/index\/wp-json\/wp\/v2\/product"}],"about":[{"href":"https:\/\/brandss.com.py\/index\/wp-json\/wp\/v2\/types\/product"}],"replies":[{"embeddable":true,"href":"https:\/\/brandss.com.py\/index\/wp-json\/wp\/v2\/comments?post=85047"}],"version-history":[{"count":1,"href":"https:\/\/brandss.com.py\/index\/wp-json\/wp\/v2\/product\/85047\/revisions"}],"predecessor-version":[{"id":85052,"href":"https:\/\/brandss.com.py\/index\/wp-json\/wp\/v2\/product\/85047\/revisions\/85052"}],"wp:featuredmedia":[{"embeddable":true,"href":"https:\/\/brandss.com.py\/index\/wp-json\/wp\/v2\/media\/85048"}],"wp:attachment":[{"href":"https:\/\/brandss.com.py\/index\/wp-json\/wp\/v2\/media?parent=85047"}],"wp:term":[{"taxonomy":"product_brand","embeddable":true,"href":"https:\/\/brandss.com.py\/index\/wp-json\/wp\/v2\/product_brand?post=85047"},{"taxonomy":"product_cat","embeddable":true,"href":"https:\/\/brandss.com.py\/index\/wp-json\/wp\/v2\/product_cat?post=85047"},{"taxonomy":"product_tag","embeddable":true,"href":"https:\/\/brandss.com.py\/index\/wp-json\/wp\/v2\/product_tag?post=85047"}],"curies":[{"name":"wp","href":"https:\/\/api.w.org\/{rel}","templated":true}]}}