{"id":85053,"date":"2025-06-26T17:49:23","date_gmt":"2025-06-26T17:49:23","guid":{"rendered":"https:\/\/brandss.com.py\/index\/?post_type=product&#038;p=85053"},"modified":"2025-12-22T18:32:21","modified_gmt":"2025-12-22T18:32:21","slug":"bruma-corporal-femenino-lattafa-fakhar-rose-all-over-edp-150ml","status":"publish","type":"product","link":"https:\/\/brandss.com.py\/index\/producto\/bruma-corporal-femenino-lattafa-fakhar-rose-all-over-edp-150ml\/","title":{"rendered":"BRUMA CORPORAL FEMENINO LATTAFA FAKHAR ROS\u00c9 ALL OVER EDP 150ML"},"content":{"rendered":"<p><img loading=\"lazy\" decoding=\"async\" class=\"\" src=\"https:\/\/myscentjourney.s3.us-east-2.amazonaws.com\/2022\/02\/14\/29KIascent_j_marca_1644871114_202.png\" alt=\"MSJ::LATTAFA\" width=\"96\" height=\"114\" \/><\/p>\n<h1>FAKHAR ROS\u00c9<\/h1>\n<p><span>Date un capricho refrescante en los calurosos d\u00edas de verano. El espray corporal Lattafa Fakhar Rose refresca tu piel con un agradable aroma c\u00edtrico que te revitaliza y despierta tus sentidos. Las brumas de Lattafa son la fusi\u00f3n perfecta entre frescura y sofisticaci\u00f3n. Inspirados en las fragancias orientales m\u00e1s emblem\u00e1ticas, estas brumas corporales ofrecen una alternativa ligera, refrescante y duradera para el uso diario. Son ideales para despu\u00e9s de la ducha, para llevar en la bolsa del gimnasio o para refrescarte en cualquier momento del d\u00eda. Adem\u00e1s, su excelente fijaci\u00f3n y estela sorprenden para tratarse de un body spray, acerc\u00e1ndose a la experiencia de un eau de parfum.<\/span><\/p>\n<ul>\n<li><span>Fragancia floral<\/span><\/li>\n<li><span>Fragancia afrutada<\/span><\/li>\n<li><span>Dulce aroma<\/span><\/li>\n<li><span>Para mujeres llenas de energ\u00eda y car\u00e1cter.<\/span><\/li>\n<li><span>Aroma perfecto para todos los d\u00edas.<\/span><\/li>\n<\/ul>\n<h3>Notas Olfativas<\/h3>\n<p>La bruma Corporal<span dir=\"ltr\" lang=\"es-MX\">\u00a0y Capilar<\/span>\u00a0Lattafa Fakhar es una<span dir=\"ltr\" lang=\"es-MX\">\u00a0familia olfativa floral oriental<\/span>\u00a0<span dir=\"ltr\" lang=\"es-MX\">i<\/span>nspirado en la mujer segura de s\u00ed misma, combina notas florales y orientales que envuelven la piel y el cabello con un aroma duradero y encantador.\u00a0<span dir=\"ltr\" lang=\"es-MX\">I<\/span>deal para el uso diario o para ocasiones\u00a0<span dir=\"ltr\" lang=\"es-MX\">especiales.\u00a0<\/span><span dir=\"ltr\" lang=\"es-MX\">Sus<\/span><span dir=\"ltr\" lang=\"es-PY\">\u00a0notas arom\u00e1ticas se componen de los siguientes<\/span><span dir=\"ltr\" lang=\"es-MX\">.<\/span><\/p>\n<ul>\n<li><strong>Nota de salida:<\/strong> azahar.<\/li>\n<li><strong>Nota de coraz\u00f3n:<\/strong><strong>\u00a0<\/strong><span dir=\"ltr\" lang=\"es-MX\">Nardo y jazm\u00edn.<\/span><\/li>\n<li><strong>Nota de fondo:<\/strong><span dir=\"ltr\" lang=\"es-MX\"> vetiver, pachul\u00ed.<\/span><\/li>\n<\/ul>\n","protected":false},"excerpt":{"rendered":"<p>FAKHAR ROS\u00c9 Date un capricho refrescante en los calurosos d\u00edas de verano. El espray corporal Lattafa Fakhar Rose refresca tu<\/p>\n","protected":false},"featured_media":85054,"comment_status":"open","ping_status":"closed","template":"","meta":{"nf_dc_page":""},"product_brand":[109],"product_cat":[84],"product_tag":[2209],"class_list":{"0":"post-85053","1":"product","2":"type-product","3":"status-publish","4":"has-post-thumbnail","6":"product_brand-lattafa","7":"product_cat-perfumeria","8":"product_tag-2209","10":"first","11":"outofstock","12":"shipping-taxable","13":"purchasable","14":"product-type-simple"},"_links":{"self":[{"href":"https:\/\/brandss.com.py\/index\/wp-json\/wp\/v2\/product\/85053","targetHints":{"allow":["GET"]}}],"collection":[{"href":"https:\/\/brandss.com.py\/index\/wp-json\/wp\/v2\/product"}],"about":[{"href":"https:\/\/brandss.com.py\/index\/wp-json\/wp\/v2\/types\/product"}],"replies":[{"embeddable":true,"href":"https:\/\/brandss.com.py\/index\/wp-json\/wp\/v2\/comments?post=85053"}],"version-history":[{"count":1,"href":"https:\/\/brandss.com.py\/index\/wp-json\/wp\/v2\/product\/85053\/revisions"}],"predecessor-version":[{"id":85057,"href":"https:\/\/brandss.com.py\/index\/wp-json\/wp\/v2\/product\/85053\/revisions\/85057"}],"wp:featuredmedia":[{"embeddable":true,"href":"https:\/\/brandss.com.py\/index\/wp-json\/wp\/v2\/media\/85054"}],"wp:attachment":[{"href":"https:\/\/brandss.com.py\/index\/wp-json\/wp\/v2\/media?parent=85053"}],"wp:term":[{"taxonomy":"product_brand","embeddable":true,"href":"https:\/\/brandss.com.py\/index\/wp-json\/wp\/v2\/product_brand?post=85053"},{"taxonomy":"product_cat","embeddable":true,"href":"https:\/\/brandss.com.py\/index\/wp-json\/wp\/v2\/product_cat?post=85053"},{"taxonomy":"product_tag","embeddable":true,"href":"https:\/\/brandss.com.py\/index\/wp-json\/wp\/v2\/product_tag?post=85053"}],"curies":[{"name":"wp","href":"https:\/\/api.w.org\/{rel}","templated":true}]}}