{"id":85058,"date":"2025-06-26T18:07:41","date_gmt":"2025-06-26T18:07:41","guid":{"rendered":"https:\/\/brandss.com.py\/index\/?post_type=product&#038;p=85058"},"modified":"2025-07-04T16:44:44","modified_gmt":"2025-07-04T16:44:44","slug":"bruma-corporal-femenino-lattafa-haya-all-over-edp-150-ml","status":"publish","type":"product","link":"https:\/\/brandss.com.py\/index\/producto\/bruma-corporal-femenino-lattafa-haya-all-over-edp-150-ml\/","title":{"rendered":"BRUMA CORPORAL FEMENINO LATTAFA HAYA ALL OVER EDP 150 ML"},"content":{"rendered":"<p><img loading=\"lazy\" decoding=\"async\" class=\"\" src=\"https:\/\/myscentjourney.s3.us-east-2.amazonaws.com\/2022\/02\/14\/29KIascent_j_marca_1644871114_202.png\" alt=\"MSJ::LATTAFA\" width=\"81\" height=\"96\" \/><\/p>\n<h1>HAYA<\/h1>\n<p><span>\u00a1Despierta tus sentidos! El espray corporal para mujer Lattafa Haya es un c\u00f3ctel de una amplia variedad de ingredientes olfativos. Nunca dejar\u00e1 de divertirte y de darle ritmo a tus d\u00edas.<\/span><\/p>\n<ul>\n<li><span>fragancia floral<\/span><\/li>\n<li><span>fragancia afrutada<\/span><\/li>\n<li><span>perfume para mujeres de esp\u00edritu libre<\/span><\/li>\n<li><span>Aroma perfecto para todos los d\u00edas.<\/span><\/li>\n<\/ul>\n<h3>Notas Olfativas<\/h3>\n<p>La bruma corporal y capilar Haya es una fragancia de la familia olfativa <span dir=\"ltr\" lang=\"en-US\">floral frutal y<\/span>\u00a0ofrece una fragancia sofisticada y duradera que realza tu esencia femenina. Ideal para perfumar suavemente la piel y el cabello, aporta una delicada frescura y un aroma envolvente que te acompa\u00f1a todo el d\u00eda.<span dir=\"ltr\" lang=\"en-US\">\u00a0<\/span><span dir=\"ltr\" lang=\"es-PY\">Sus notas arom\u00e1ticas se componen de los siguientes ingredientes.<\/span><\/p>\n<ul>\n<li><strong>Nota de salida:<\/strong><strong>\u00a0<\/strong><span dir=\"ltr\" lang=\"en-US\">C<\/span>hamp\u00e1n, fresa, rosa, mandarina y naranja sanguina.<\/li>\n<li><strong>Nota de coraz\u00f3n:<\/strong><strong>\u00a0<\/strong><span dir=\"ltr\" lang=\"en-US\">Gardenia, jazm\u00edn y orqu\u00eddea de vainilla.<\/span><\/li>\n<li><strong>Nota de fondo: <\/strong><span dir=\"ltr\" lang=\"en-US\">S\u00e1ndalo, \u00e1mbar y casta\u00f1a.<\/span><\/li>\n<\/ul>\n","protected":false},"excerpt":{"rendered":"<p>HAYA \u00a1Despierta tus sentidos! El espray corporal para mujer Lattafa Haya es un c\u00f3ctel de una amplia variedad de ingredientes<\/p>\n","protected":false},"featured_media":85059,"comment_status":"open","ping_status":"closed","template":"","meta":{"nf_dc_page":""},"product_brand":[],"product_cat":[84],"product_tag":[],"class_list":{"0":"post-85058","1":"product","2":"type-product","3":"status-publish","4":"has-post-thumbnail","6":"product_cat-perfumeria","8":"first","9":"outofstock","10":"shipping-taxable","11":"purchasable","12":"product-type-simple"},"_links":{"self":[{"href":"https:\/\/brandss.com.py\/index\/wp-json\/wp\/v2\/product\/85058","targetHints":{"allow":["GET"]}}],"collection":[{"href":"https:\/\/brandss.com.py\/index\/wp-json\/wp\/v2\/product"}],"about":[{"href":"https:\/\/brandss.com.py\/index\/wp-json\/wp\/v2\/types\/product"}],"replies":[{"embeddable":true,"href":"https:\/\/brandss.com.py\/index\/wp-json\/wp\/v2\/comments?post=85058"}],"version-history":[{"count":1,"href":"https:\/\/brandss.com.py\/index\/wp-json\/wp\/v2\/product\/85058\/revisions"}],"predecessor-version":[{"id":85062,"href":"https:\/\/brandss.com.py\/index\/wp-json\/wp\/v2\/product\/85058\/revisions\/85062"}],"wp:featuredmedia":[{"embeddable":true,"href":"https:\/\/brandss.com.py\/index\/wp-json\/wp\/v2\/media\/85059"}],"wp:attachment":[{"href":"https:\/\/brandss.com.py\/index\/wp-json\/wp\/v2\/media?parent=85058"}],"wp:term":[{"taxonomy":"product_brand","embeddable":true,"href":"https:\/\/brandss.com.py\/index\/wp-json\/wp\/v2\/product_brand?post=85058"},{"taxonomy":"product_cat","embeddable":true,"href":"https:\/\/brandss.com.py\/index\/wp-json\/wp\/v2\/product_cat?post=85058"},{"taxonomy":"product_tag","embeddable":true,"href":"https:\/\/brandss.com.py\/index\/wp-json\/wp\/v2\/product_tag?post=85058"}],"curies":[{"name":"wp","href":"https:\/\/api.w.org\/{rel}","templated":true}]}}