{"id":85066,"date":"2025-06-26T18:35:06","date_gmt":"2025-06-26T18:35:06","guid":{"rendered":"https:\/\/brandss.com.py\/index\/?post_type=product&#038;p=85066"},"modified":"2025-07-04T16:44:33","modified_gmt":"2025-07-04T16:44:33","slug":"bruma-corporal-femenino-lattafa-shahd-all-over-edp-150-ml","status":"publish","type":"product","link":"https:\/\/brandss.com.py\/index\/producto\/bruma-corporal-femenino-lattafa-shahd-all-over-edp-150-ml\/","title":{"rendered":"BRUMA CORPORAL FEMENINO LATTAFA SHAHD ALL OVER EDP 150 ML"},"content":{"rendered":"<p><img loading=\"lazy\" decoding=\"async\" class=\"\" src=\"https:\/\/myscentjourney.s3.us-east-2.amazonaws.com\/2022\/02\/14\/29KIascent_j_marca_1644871114_202.png\" alt=\"MSJ::LATTAFA\" width=\"83\" height=\"99\" \/><\/p>\n<h1>SHAHD<\/h1>\n<h4><em>Tu aura luminosa de flores tropicales &#8211; 150 ml de elegancia radiante.<\/em><\/h4>\n<p>Lattafa Perfumes, sin\u00f3nimo de lujo accesible y atractivas fragancias \u00e1rabes, presenta su \u00faltima joya: el Lattafa Shahd All Over Spray en un generoso formato de 150 ml. No se trata simplemente de una versi\u00f3n m\u00e1s ligera del apreciado Shahd Eau de Parfum.<\/p>\n<p>Es una bruma cuidadosamente formulada, dise\u00f1ada para envolverte en su aura radiante, tropical y profundamente luminosa de pies a cabeza. Te asegura que irradiar\u00e1s elegancia y sol con cada movimiento.<\/p>\n<h4><em>El arte de perfumar todo el cuerpo: elevando tu ritual diario<\/em><\/h4>\n<p>Para quienes aprecian un aroma exquisito pero buscan flexibilidad, comodidad y un toque constante de frescura, la categor\u00eda &#8220;All Over Spray&#8221; es una revelaci\u00f3n moderna. Inspirado en los \u00faltimos avances en perfumer\u00eda, este formato ofrece ventajas distintivas sobre los Eau de Parfums tradicionales, convirti\u00e9ndolo en un imprescindible de la rutina diaria:<\/p>\n<p><strong>Suave con la piel y el cabello<\/strong><\/p>\n<p>Formulada con una concentraci\u00f3n de alcohol t\u00edpicamente menor en comparaci\u00f3n con los EDP tradicionales, esta bruma es excepcionalmente suave con la piel y el cabello. Ofrece un aroma sutil pero persistente sin resecar ni dejar residuos. Deja el cabello delicadamente perfumado y con una sensaci\u00f3n de frescura.<\/p>\n<p><strong>Refrescante sin esfuerzo<\/strong><\/p>\n<p>Ya sea que desees un refrescante toque antes de salir, una deliciosa revitalizaci\u00f3n al mediod\u00eda o un ligero retoque antes de una reuni\u00f3n improvisada, este spray de 150 ml ofrece una explosi\u00f3n de aroma vigorizante al instante. Su amplia difusi\u00f3n garantiza una cobertura uniforme y una sensaci\u00f3n refrescante.<\/p>\n<p><strong>El arte de la superposici\u00f3n<\/strong><\/p>\n<p>Act\u00faa como una exquisita capa base. Roc\u00edalo generosamente antes de aplicar tu Eau de Parfum Lattafa Shahd para prolongar significativamente su duraci\u00f3n y realzar su aroma. Por ejemplo, crea una burbuja arom\u00e1tica m\u00e1s intensa y duradera. Alternativamente, comb\u00ednalo con perfumes complementarios para crear tu propia fragancia \u00fanica y personalizada.<\/p>\n<p><strong>Radiancia Difusa<\/strong><\/p>\n<p>La bruma ultrafina crea una hermosa y et\u00e9rea nube de aroma que se difunde sutilmente a tu alrededor. Esto resulta en una presencia arom\u00e1tica personal, siempre atractiva y duradera, sin resultar abrumadora. Por ejemplo, es perfecta para cualquier ocasi\u00f3n.<\/p>\n<h2>Notas Olfativas<\/h2>\n<ul>\n<li><strong>Notas altas<\/strong>\u00a0: ylang-ylang, frangipani.<\/li>\n<li><strong>Notas medias<\/strong>\u00a0: notas solares, nardos.<\/li>\n<li><strong>Notas de fondo<\/strong>\u00a0: Almizcle, \u00e1mbar, vainilla, cedro.<\/li>\n<\/ul>\n","protected":false},"excerpt":{"rendered":"<p>SHAHD Tu aura luminosa de flores tropicales &#8211; 150 ml de elegancia radiante. Lattafa Perfumes, sin\u00f3nimo de lujo accesible y<\/p>\n","protected":false},"featured_media":85067,"comment_status":"open","ping_status":"closed","template":"","meta":{"nf_dc_page":""},"product_brand":[],"product_cat":[84],"product_tag":[],"class_list":{"0":"post-85066","1":"product","2":"type-product","3":"status-publish","4":"has-post-thumbnail","6":"product_cat-perfumeria","8":"first","9":"outofstock","10":"shipping-taxable","11":"purchasable","12":"product-type-simple"},"_links":{"self":[{"href":"https:\/\/brandss.com.py\/index\/wp-json\/wp\/v2\/product\/85066","targetHints":{"allow":["GET"]}}],"collection":[{"href":"https:\/\/brandss.com.py\/index\/wp-json\/wp\/v2\/product"}],"about":[{"href":"https:\/\/brandss.com.py\/index\/wp-json\/wp\/v2\/types\/product"}],"replies":[{"embeddable":true,"href":"https:\/\/brandss.com.py\/index\/wp-json\/wp\/v2\/comments?post=85066"}],"version-history":[{"count":1,"href":"https:\/\/brandss.com.py\/index\/wp-json\/wp\/v2\/product\/85066\/revisions"}],"predecessor-version":[{"id":85071,"href":"https:\/\/brandss.com.py\/index\/wp-json\/wp\/v2\/product\/85066\/revisions\/85071"}],"wp:featuredmedia":[{"embeddable":true,"href":"https:\/\/brandss.com.py\/index\/wp-json\/wp\/v2\/media\/85067"}],"wp:attachment":[{"href":"https:\/\/brandss.com.py\/index\/wp-json\/wp\/v2\/media?parent=85066"}],"wp:term":[{"taxonomy":"product_brand","embeddable":true,"href":"https:\/\/brandss.com.py\/index\/wp-json\/wp\/v2\/product_brand?post=85066"},{"taxonomy":"product_cat","embeddable":true,"href":"https:\/\/brandss.com.py\/index\/wp-json\/wp\/v2\/product_cat?post=85066"},{"taxonomy":"product_tag","embeddable":true,"href":"https:\/\/brandss.com.py\/index\/wp-json\/wp\/v2\/product_tag?post=85066"}],"curies":[{"name":"wp","href":"https:\/\/api.w.org\/{rel}","templated":true}]}}