{"id":85079,"date":"2025-06-27T13:10:59","date_gmt":"2025-06-27T13:10:59","guid":{"rendered":"https:\/\/brandss.com.py\/index\/?post_type=product&#038;p=85079"},"modified":"2025-12-04T18:34:46","modified_gmt":"2025-12-04T18:34:46","slug":"perfume-femenino-lattafa-rave-now-women-edp-100ml","status":"publish","type":"product","link":"https:\/\/brandss.com.py\/index\/producto\/perfume-femenino-lattafa-rave-now-women-edp-100ml\/","title":{"rendered":"PERFUME FEMENINO LATTAFA RAVE NOW WOMEN EDP 100ML"},"content":{"rendered":"<p><img loading=\"lazy\" decoding=\"async\" class=\"\" src=\"https:\/\/myscentjourney.s3.us-east-2.amazonaws.com\/2022\/02\/14\/29KIascent_j_marca_1644871114_202.png\" alt=\"MSJ::LATTAFA\" width=\"81\" height=\"97\" \/><\/p>\n<h1>RAVE NOW WOMEN<\/h1>\n<p>Presentamos &#8220;Rave Now Women Pink&#8221;, una fragancia vibrante y estimulante que despierta los sentidos con su divertida mezcla de notas frutales, dulces florales y c\u00e1lidos matices.<\/p>\n<p>D\u00e9jate llevar por la espontaneidad y la emoci\u00f3n con &#8220;Rave Now Women Pink&#8221;, que celebra la alegr\u00eda de cada momento con confianza y un encanto femenino. Now Pink Women RAVE es una fragancia alegre y sofisticada. Ideal para el uso diario y ocasiones especiales, este perfume destaca por su frescura y dulzura, perfecto para quienes buscan un aroma que inspire felicidad y estilo.<\/p>\n<h3>Notas Olfativas<\/h3>\n<p><span>Lattafa Rave Now Women es una mezcla deliciosamente dulce y encantadora de acordes frutales, notas florales y vainilla cremosa, creando una fragancia alegre y seductora. Las atractivas notas de salida de frutos rojos y naranja dan paso a un coraz\u00f3n de malvavisco, lirio de los valles y jazm\u00edn, mientras que el fondo de vainilla, musgo y almizcle proporciona un final c\u00e1lido y reconfortante.<\/span><\/p>\n<p><span>Lattafa Rave Now Women: nubes de vainilla en polvo con fruta confitada. Un aut\u00e9ntico cuento de hadas rosa de sabores que hace sonre\u00edr a cualquier mujer. <\/span><span>Fresas, frambuesas, cerezas, naranjas: una verdadera fiesta de frutas te inundar\u00e1 en cuanto su aroma toque tu piel. Una combinaci\u00f3n dulce y jugosa que te llena de energ\u00eda y alegr\u00eda, sin importar el color del cielo hoy.<\/span><\/p>\n<p><span>El aroma espolvoreado con az\u00facar glas te transportar\u00e1 a los embriagadores y c\u00e1lidos d\u00edas de verano, donde la mente estar\u00e1 clara y al mismo tiempo embriagada por los arom\u00e1ticos aromas de colinas y jazm\u00edn. <\/span><span>M\u00e1s pasi\u00f3n y calidez aportar\u00e1n el ic\u00f3nico aroma del almizcle y el olor terroso del musgo.<\/span><\/p>\n<ul>\n<li><strong>Notas de salida:<\/strong> Frutos Rojos y Naranja.<\/li>\n<li><strong>Notas de coraz\u00f3n:<\/strong> malvavisco, lirio del valle y jazm\u00edn.<\/li>\n<li><strong>Notas de fondo:<\/strong> Vainilla, Musgo y Almizcle.<\/li>\n<\/ul>\n","protected":false},"excerpt":{"rendered":"<p>RAVE NOW WOMEN Presentamos &#8220;Rave Now Women Pink&#8221;, una fragancia vibrante y estimulante que despierta los sentidos con su divertida<\/p>\n","protected":false},"featured_media":85080,"comment_status":"open","ping_status":"closed","template":"","meta":{"nf_dc_page":""},"product_brand":[109],"product_cat":[84],"product_tag":[1599],"class_list":{"0":"post-85079","1":"product","2":"type-product","3":"status-publish","4":"has-post-thumbnail","6":"product_brand-lattafa","7":"product_cat-perfumeria","8":"product_tag-1599","10":"first","11":"outofstock","12":"sale","13":"shipping-taxable","14":"purchasable","15":"product-type-simple"},"_links":{"self":[{"href":"https:\/\/brandss.com.py\/index\/wp-json\/wp\/v2\/product\/85079","targetHints":{"allow":["GET"]}}],"collection":[{"href":"https:\/\/brandss.com.py\/index\/wp-json\/wp\/v2\/product"}],"about":[{"href":"https:\/\/brandss.com.py\/index\/wp-json\/wp\/v2\/types\/product"}],"replies":[{"embeddable":true,"href":"https:\/\/brandss.com.py\/index\/wp-json\/wp\/v2\/comments?post=85079"}],"version-history":[{"count":1,"href":"https:\/\/brandss.com.py\/index\/wp-json\/wp\/v2\/product\/85079\/revisions"}],"predecessor-version":[{"id":85086,"href":"https:\/\/brandss.com.py\/index\/wp-json\/wp\/v2\/product\/85079\/revisions\/85086"}],"wp:featuredmedia":[{"embeddable":true,"href":"https:\/\/brandss.com.py\/index\/wp-json\/wp\/v2\/media\/85080"}],"wp:attachment":[{"href":"https:\/\/brandss.com.py\/index\/wp-json\/wp\/v2\/media?parent=85079"}],"wp:term":[{"taxonomy":"product_brand","embeddable":true,"href":"https:\/\/brandss.com.py\/index\/wp-json\/wp\/v2\/product_brand?post=85079"},{"taxonomy":"product_cat","embeddable":true,"href":"https:\/\/brandss.com.py\/index\/wp-json\/wp\/v2\/product_cat?post=85079"},{"taxonomy":"product_tag","embeddable":true,"href":"https:\/\/brandss.com.py\/index\/wp-json\/wp\/v2\/product_tag?post=85079"}],"curies":[{"name":"wp","href":"https:\/\/api.w.org\/{rel}","templated":true}]}}