{"id":85102,"date":"2025-06-27T14:37:36","date_gmt":"2025-06-27T14:37:36","guid":{"rendered":"https:\/\/brandss.com.py\/index\/?post_type=product&#038;p=85102"},"modified":"2026-04-22T17:34:10","modified_gmt":"2026-04-22T17:34:10","slug":"perfume-unisex-lattafa-teriaq-intense-edp-100ml","status":"publish","type":"product","link":"https:\/\/brandss.com.py\/index\/producto\/perfume-unisex-lattafa-teriaq-intense-edp-100ml\/","title":{"rendered":"PERFUME UNISEX LATTAFA TERIAQ INTENSE EDP 100ML"},"content":{"rendered":"<p><img loading=\"lazy\" decoding=\"async\" class=\"\" src=\"https:\/\/myscentjourney.s3.us-east-2.amazonaws.com\/2022\/02\/14\/29KIascent_j_marca_1644871114_202.png\" alt=\"MSJ::LATTAFA\" width=\"77\" height=\"91\" \/><\/p>\n<h1>TERIAQ INTENSE<\/h1>\n<h4><em>\u00a0\u00a1Quentin Bisch vuelve a encontrar el oro!<\/em><\/h4>\n<p>Lattafa Perfumes, conocida por sus creaciones cautivadoras y asequibles, ha vuelto a captar la atenci\u00f3n del mundo de las fragancias con Teriaq Intense. Este nuevo lanzamiento, magistralmente elaborado por el aclamado perfumista Quentin Bisch (la nariz detr\u00e1s del Teriaq original), es una sinfon\u00eda de Especias c\u00e1lidas, ciruela intensa y \u00e1mbar sensual, creando una fragancia sofisticada y seductora.<\/p>\n<p>Teriaq Intense es una fragancia que representa la esencia del lujo refinado y la intensidad cautivadora. Es una composici\u00f3n armoniosa que se abre con una explosi\u00f3n de especias vibrantes, pasa a un coraz\u00f3n rico y alcoh\u00f3lico y se asienta en una base c\u00e1lida y sensual.<\/p>\n<p>Teriaq Intense es como disfrutar de una experiencia sensorial lujosa y atractiva. El aroma evoca una sensaci\u00f3n de calidez, sofisticaci\u00f3n y un encanto innegable. Es un aroma que dejar\u00e1 una impresi\u00f3n duradera dondequiera que vayas.<\/p>\n<p><strong>Este perfume es imprescindible para:<\/strong><\/p>\n<ul>\n<li>Aquellos que aprecian los aromas con un car\u00e1cter c\u00e1lido, especiado y ambarado.<\/li>\n<li>Fan\u00e1ticos de las creaciones de Quentin Bisch.<\/li>\n<li>Amantes de los aromas golosos con un toque alcoh\u00f3lico.<\/li>\n<li>Expertos en perfumes que buscan un perfume sofisticado y atractivo.<\/li>\n<li>Cualquiera que disfrute de aromas como Khamrah\u00a0y\u00a0Angels&#8217; Share de Kilian.<\/li>\n<\/ul>\n<h2>Notas Olfativas<\/h2>\n<p>Teriaq Intense, una fragancia que se atreve a ser \u00fanica sin disculpas. Experimenta la nueva creaci\u00f3n del maestro perfumista Quentin Bisch y enciende tus sentidos para experimentar una intensidad cruda a trav\u00e9s de una mezcla de notas de lujo.\u00a0Teriaq Intense es una fragancia oriental picante, adecuada para cualquier g\u00e9nero, creada por el renombrado perfumista Quentin Bisch. Con un aroma complejo que combina notas de bergamota, azafr\u00e1n, ciruela, canela, \u00e1mbar, tonka y benju\u00ed, brinda una experiencia olfativa rica e intensa. Perfecta para quienes buscan una fragancia duradera con profundidad y sofisticaci\u00f3n.<\/p>\n<ul>\n<li><strong>Notas de salida:<\/strong>\u00a0Azafr\u00e1n, bergamota.<\/li>\n<li><strong>Notas de coraz\u00f3n:<\/strong>\u00a0licor de ciruela, canela.<\/li>\n<li><strong>Notas de fondo:<\/strong>\u00a0\u00c1mbar, haba tonka, benju\u00ed.<\/li>\n<\/ul>\n","protected":false},"excerpt":{"rendered":"<p>TERIAQ INTENSE \u00a0\u00a1Quentin Bisch vuelve a encontrar el oro! Lattafa Perfumes, conocida por sus creaciones cautivadoras y asequibles, ha vuelto<\/p>\n","protected":false},"featured_media":85103,"comment_status":"open","ping_status":"closed","template":"","meta":{"nf_dc_page":""},"product_brand":[109],"product_cat":[84],"product_tag":[690],"class_list":{"0":"post-85102","1":"product","2":"type-product","3":"status-publish","4":"has-post-thumbnail","6":"product_brand-lattafa","7":"product_cat-perfumeria","8":"product_tag-690","10":"first","11":"instock","12":"shipping-taxable","13":"purchasable","14":"product-type-simple"},"_links":{"self":[{"href":"https:\/\/brandss.com.py\/index\/wp-json\/wp\/v2\/product\/85102","targetHints":{"allow":["GET"]}}],"collection":[{"href":"https:\/\/brandss.com.py\/index\/wp-json\/wp\/v2\/product"}],"about":[{"href":"https:\/\/brandss.com.py\/index\/wp-json\/wp\/v2\/types\/product"}],"replies":[{"embeddable":true,"href":"https:\/\/brandss.com.py\/index\/wp-json\/wp\/v2\/comments?post=85102"}],"version-history":[{"count":1,"href":"https:\/\/brandss.com.py\/index\/wp-json\/wp\/v2\/product\/85102\/revisions"}],"predecessor-version":[{"id":85109,"href":"https:\/\/brandss.com.py\/index\/wp-json\/wp\/v2\/product\/85102\/revisions\/85109"}],"wp:featuredmedia":[{"embeddable":true,"href":"https:\/\/brandss.com.py\/index\/wp-json\/wp\/v2\/media\/85103"}],"wp:attachment":[{"href":"https:\/\/brandss.com.py\/index\/wp-json\/wp\/v2\/media?parent=85102"}],"wp:term":[{"taxonomy":"product_brand","embeddable":true,"href":"https:\/\/brandss.com.py\/index\/wp-json\/wp\/v2\/product_brand?post=85102"},{"taxonomy":"product_cat","embeddable":true,"href":"https:\/\/brandss.com.py\/index\/wp-json\/wp\/v2\/product_cat?post=85102"},{"taxonomy":"product_tag","embeddable":true,"href":"https:\/\/brandss.com.py\/index\/wp-json\/wp\/v2\/product_tag?post=85102"}],"curies":[{"name":"wp","href":"https:\/\/api.w.org\/{rel}","templated":true}]}}