{"id":85110,"date":"2025-06-27T16:51:52","date_gmt":"2025-06-27T16:51:52","guid":{"rendered":"https:\/\/brandss.com.py\/index\/?post_type=product&#038;p=85110"},"modified":"2026-03-28T16:21:34","modified_gmt":"2026-03-28T16:21:34","slug":"perfume-masculino-lattafa-malik-al-tayoor-concentrated-edp-100ml","status":"publish","type":"product","link":"https:\/\/brandss.com.py\/index\/producto\/perfume-masculino-lattafa-malik-al-tayoor-concentrated-edp-100ml\/","title":{"rendered":"PERFUME MASCULINO LATTAFA MALIK AL TAYOOR CONCENTRATED EDP 100ML"},"content":{"rendered":"<p><img loading=\"lazy\" decoding=\"async\" class=\"\" src=\"https:\/\/myscentjourney.s3.us-east-2.amazonaws.com\/2022\/02\/14\/29KIascent_j_marca_1644871114_202.png\" alt=\"MSJ::LATTAFA\" width=\"88\" height=\"104\" \/><\/p>\n<h1>MALIK AL TAYOOR CONCENTRATED<\/h1>\n<p dir=\"ltr\">\u00bfEst\u00e1s preparado para una fragancia que transformar\u00e1 tu rutina diaria en un viaje lleno de aventuras extraordinarias? El eau de parfum unisex Lattafa Malik Al Tayoor Concentrated es una esencia refinada que a\u00fana acordes florales con profundas notas amaderadas, almizcle y elementos especiados. Su composici\u00f3n, intensa pero armoniosa, es ideal para aquellas personas que deseen destacar y resaltar su singularidad.<\/p>\n<ul>\n<li value=\"1\">fragancia floral oriental con elementos amaderados<\/li>\n<li value=\"2\">lanzada en el a\u00f1o 2022<\/li>\n<li value=\"3\">ideal tambi\u00e9n para uso diario<\/li>\n<\/ul>\n<p><strong>El frasco:<\/strong><br \/>\nEl elegante frasco negro de la fragancia unisex Malik Al Tayoor Concentrated est\u00e1 adornado con elementos dorados que combinan a la perfecci\u00f3n con su aspecto minimalista. Este eau de parfum es tambi\u00e9n un complemento perfecto de tu estilo personal.<\/p>\n<p>&nbsp;<\/p>\n<p dir=\"ltr\"><strong>Notas Olfativas<\/strong><\/p>\n<p dir=\"ltr\">\nLa fragancia se abre con una embriagadora nota de sensual jazm\u00edn que se entremezcla con jugosa grosella negra y chispeantes c\u00edtricos. En las notas de coraz\u00f3n se despliega la misteriosa trufa negra, cuya rica profundidad se complementa a la perfecci\u00f3n con el ex\u00f3tico ylang-ylang, aportando un car\u00e1cter hipn\u00f3tico a la fragancia. Las notas de fondo ofrecen una combinaci\u00f3n de terroso pachuli, cremosa madera de s\u00e1ndalo y c\u00e1lido \u00e1mbar, mientras que el incienso ahumado, el seco vetiver, la dulce vainilla y el b\u00e1lsamo resinoso conforman un cierre duradero y sensual.<\/p>\n<p><span>El Perfume Malik Al Tayoor Concentrated EDP de Lattafa es una fragancia de la familia arom\u00e1tica\u00a0<\/span><span>para hombres. Con una concentraci\u00f3n del tipo Eau de Parfum, ofrece una duradera y alta intensidad arom\u00e1tica en la piel. Sus notas est\u00e1n compuestas por los siguientes ingredientes.<\/span><\/p>\n<ul>\n<li><span><strong>Notas de salida:<\/strong> Manzana, bergamota y pi\u00f1a.<\/span><\/li>\n<li><span><span dir=\"ltr\" lang=\"es-PY\"><strong>Notas de coraz\u00f3n:\u00a0<\/strong><\/span><span dir=\"ltr\" lang=\"es-PY\">Hojas de violeta y esclarea.<\/span><\/span><\/li>\n<li><strong>Notas de fondo:<\/strong> Cachemira y l\u00e1dano.<\/li>\n<\/ul>\n","protected":false},"excerpt":{"rendered":"<p>MALIK AL TAYOOR CONCENTRATED \u00bfEst\u00e1s preparado para una fragancia que transformar\u00e1 tu rutina diaria en un viaje lleno de aventuras<\/p>\n","protected":false},"featured_media":85111,"comment_status":"open","ping_status":"closed","template":"","meta":{"nf_dc_page":""},"product_brand":[],"product_cat":[84],"product_tag":[],"class_list":{"0":"post-85110","1":"product","2":"type-product","3":"status-publish","4":"has-post-thumbnail","6":"product_cat-perfumeria","8":"first","9":"outofstock","10":"shipping-taxable","11":"purchasable","12":"product-type-simple"},"_links":{"self":[{"href":"https:\/\/brandss.com.py\/index\/wp-json\/wp\/v2\/product\/85110","targetHints":{"allow":["GET"]}}],"collection":[{"href":"https:\/\/brandss.com.py\/index\/wp-json\/wp\/v2\/product"}],"about":[{"href":"https:\/\/brandss.com.py\/index\/wp-json\/wp\/v2\/types\/product"}],"replies":[{"embeddable":true,"href":"https:\/\/brandss.com.py\/index\/wp-json\/wp\/v2\/comments?post=85110"}],"version-history":[{"count":1,"href":"https:\/\/brandss.com.py\/index\/wp-json\/wp\/v2\/product\/85110\/revisions"}],"predecessor-version":[{"id":85119,"href":"https:\/\/brandss.com.py\/index\/wp-json\/wp\/v2\/product\/85110\/revisions\/85119"}],"wp:featuredmedia":[{"embeddable":true,"href":"https:\/\/brandss.com.py\/index\/wp-json\/wp\/v2\/media\/85111"}],"wp:attachment":[{"href":"https:\/\/brandss.com.py\/index\/wp-json\/wp\/v2\/media?parent=85110"}],"wp:term":[{"taxonomy":"product_brand","embeddable":true,"href":"https:\/\/brandss.com.py\/index\/wp-json\/wp\/v2\/product_brand?post=85110"},{"taxonomy":"product_cat","embeddable":true,"href":"https:\/\/brandss.com.py\/index\/wp-json\/wp\/v2\/product_cat?post=85110"},{"taxonomy":"product_tag","embeddable":true,"href":"https:\/\/brandss.com.py\/index\/wp-json\/wp\/v2\/product_tag?post=85110"}],"curies":[{"name":"wp","href":"https:\/\/api.w.org\/{rel}","templated":true}]}}