{"id":85120,"date":"2025-06-27T17:24:03","date_gmt":"2025-06-27T17:24:03","guid":{"rendered":"https:\/\/brandss.com.py\/index\/?post_type=product&#038;p=85120"},"modified":"2026-03-28T16:21:34","modified_gmt":"2026-03-28T16:21:34","slug":"perfume-unisex-lattafa-pride-art-of-arabia-ii-edp-100ml","status":"publish","type":"product","link":"https:\/\/brandss.com.py\/index\/producto\/perfume-unisex-lattafa-pride-art-of-arabia-ii-edp-100ml\/","title":{"rendered":"PERFUME UNISEX LATTAFA PRIDE ART OF ARABIA II EDP 100ML"},"content":{"rendered":"<p><img loading=\"lazy\" decoding=\"async\" class=\"\" src=\"https:\/\/myscentjourney.s3.us-east-2.amazonaws.com\/2022\/02\/14\/29KIascent_j_marca_1644871114_202.png\" alt=\"MSJ::LATTAFA\" width=\"95\" height=\"113\" \/><\/p>\n<h1>ART OF ARABIA II<\/h1>\n<p>Descubra el ep\u00edtome de la elegancia y la sofisticaci\u00f3n con Pride Art of Arabia II, un Eau de Parfum unisex lanzado en 2023. Esta fragancia es un viaje olfativo magistralmente elaborado que fusiona la m\u00edstica de las noches \u00e1rabes con una audaz modernidad, dise\u00f1ada para aquellos que se atreven a destacar. Envuelto en un frasco de 3,4 oz, cada rociada ofrece una aventura inolvidable, por lo que es una adici\u00f3n imprescindible a su colecci\u00f3n de fragancias.<\/p>\n<p>Pride Art of Arabia II es m\u00e1s que una fragancia: es un s\u00edmbolo de elegancia unisex que a\u00fana tradici\u00f3n y sofisticaci\u00f3n contempor\u00e1nea. Perfecta para cualquier ocasi\u00f3n, desde un d\u00eda en la oficina hasta una salida nocturna, esta fragancia le garantiza que dejar\u00e1 una impresi\u00f3n duradera all\u00e1 donde vaya. Abrace esta mezcla \u00fanica de herencia y modernidad con Pride Art of Arabia II.<\/p>\n<p>Olv\u00eddate de las reglas, los l\u00edmites y los obst\u00e1culos. El eau de parfum unisex Lattafa Pride Art of Arabia II es perfecto para cualquier persona que no tenga miedo a destacar.<\/p>\n<ul>\n<li>Fragancia gourmand.<\/li>\n<li>Fragancia dulce.<\/li>\n<li>Fragancia original para una personalidad original.<\/li>\n<\/ul>\n<p>Art Of Arabia II rinde homenaje a la belleza y la m\u00edstica de las tradiciones \u00e1rabes. Su armoniosa fusi\u00f3n de especias, flores, maderas y resinas crea una fragancia cautivadora y memorable que celebra el arte y el encanto de Arabia.<\/p>\n<p><img loading=\"lazy\" decoding=\"async\" class=\"alignleft\" src=\"https:\/\/urbanfashiontenerifeonline.com\/cdn\/shop\/files\/5_ed39bda6-0ab6-4f20-a96d-cc3a256b4a05_1200x1200.png?v=1745496381\" width=\"582\" height=\"343\" \/><\/p>\n<h3>Notas Olfativas<\/h3>\n<p>&nbsp;<\/p>\n<p><span>El perfume Lattafa Art Of Arabia II de 100 ml es una fragancia cautivadora inspirada en la rica y diversa tradici\u00f3n de Arabia. Con una armoniosa mezcla de notas, crea una historia de opulencia y seducci\u00f3n, convirti\u00e9ndola en un viaje olfativo excepcional.<\/span><\/p>\n<p><span>La fragancia se abre con una explosi\u00f3n arom\u00e1tica y especiada de cardamomo, una nota sin\u00f3nimo de la cocina de Oriente Medio, conocida por su c\u00e1lido y ex\u00f3tico perfil. En combinaci\u00f3n con el aroma dulce y polvoriento del heliotropo, junto con las notas frescas y c\u00edtricas de bergamota y pimienta rosa, esta primera impresi\u00f3n es a la vez atractiva e intrigante, preparando el terreno para el viaje olfativo que nos espera.<\/span><\/p>\n<p><span>A medida que la fragancia evoluciona, se transforma en sus notas de coraz\u00f3n, donde se despliega una armoniosa mezcla de acordes florales y de frutos secos. La almendra aporta un toque dulce y suntuoso, creando un aura de indulgencia. La lavanda aporta una faceta calmante y herbal, mientras que el jazm\u00edn aporta una cualidad floral y ligeramente ex\u00f3tica.<\/span><\/p>\n<p><span>En la base, el perfume Art Of Arabia II revela su profundidad y complejidad. La vainilla, con su aroma cremoso y dulce, a\u00f1ade una capa lujosa y reconfortante a la composici\u00f3n. La madera de guayaco aporta un car\u00e1cter amaderado y ahumado, mientras que el oud, un ingrediente preciado en la perfumer\u00eda \u00e1rabe, aporta sus caracter\u00edsticas notas resinosas y orientales. El s\u00e1ndalo, conocido por su aroma cremoso y aterciopelado, aporta un toque final de elegancia y sensualidad.<\/span><\/p>\n<p><span>El perfume Art Of Arabia II es una fragancia unisex que trasciende las barreras de g\u00e9nero. Su mezcla multifac\u00e9tica e intrigante de notas la hace ideal para quienes aprecian la complejidad de los aromas. Ya sea para el d\u00eda o la noche, esta fragancia irradia sofisticaci\u00f3n y encanto.<\/span><\/p>\n<ul>\n<li><strong>Notas de salida: <\/strong>Cardamomo, Heliotropo, Bergamota, Pimienta Rosa.<\/li>\n<li><strong>Notas de coraz\u00f3n:<\/strong> almendra, lavanda, jazm\u00edn.<\/li>\n<li><strong>Notas de fondo:<\/strong> vainilla, madera de guayaco, oud, s\u00e1ndalo.<\/li>\n<\/ul>\n","protected":false},"excerpt":{"rendered":"<p>ART OF ARABIA II Descubra el ep\u00edtome de la elegancia y la sofisticaci\u00f3n con Pride Art of Arabia II, un<\/p>\n","protected":false},"featured_media":85121,"comment_status":"open","ping_status":"closed","template":"","meta":{"nf_dc_page":""},"product_brand":[],"product_cat":[84],"product_tag":[],"class_list":{"0":"post-85120","1":"product","2":"type-product","3":"status-publish","4":"has-post-thumbnail","6":"product_cat-perfumeria","8":"first","9":"outofstock","10":"shipping-taxable","11":"purchasable","12":"product-type-simple"},"_links":{"self":[{"href":"https:\/\/brandss.com.py\/index\/wp-json\/wp\/v2\/product\/85120","targetHints":{"allow":["GET"]}}],"collection":[{"href":"https:\/\/brandss.com.py\/index\/wp-json\/wp\/v2\/product"}],"about":[{"href":"https:\/\/brandss.com.py\/index\/wp-json\/wp\/v2\/types\/product"}],"replies":[{"embeddable":true,"href":"https:\/\/brandss.com.py\/index\/wp-json\/wp\/v2\/comments?post=85120"}],"version-history":[{"count":1,"href":"https:\/\/brandss.com.py\/index\/wp-json\/wp\/v2\/product\/85120\/revisions"}],"predecessor-version":[{"id":85126,"href":"https:\/\/brandss.com.py\/index\/wp-json\/wp\/v2\/product\/85120\/revisions\/85126"}],"wp:featuredmedia":[{"embeddable":true,"href":"https:\/\/brandss.com.py\/index\/wp-json\/wp\/v2\/media\/85121"}],"wp:attachment":[{"href":"https:\/\/brandss.com.py\/index\/wp-json\/wp\/v2\/media?parent=85120"}],"wp:term":[{"taxonomy":"product_brand","embeddable":true,"href":"https:\/\/brandss.com.py\/index\/wp-json\/wp\/v2\/product_brand?post=85120"},{"taxonomy":"product_cat","embeddable":true,"href":"https:\/\/brandss.com.py\/index\/wp-json\/wp\/v2\/product_cat?post=85120"},{"taxonomy":"product_tag","embeddable":true,"href":"https:\/\/brandss.com.py\/index\/wp-json\/wp\/v2\/product_tag?post=85120"}],"curies":[{"name":"wp","href":"https:\/\/api.w.org\/{rel}","templated":true}]}}