{"id":85149,"date":"2025-06-28T11:25:21","date_gmt":"2025-06-28T11:25:21","guid":{"rendered":"https:\/\/brandss.com.py\/index\/?post_type=product&#038;p=85149"},"modified":"2026-03-28T16:20:41","modified_gmt":"2026-03-28T16:20:41","slug":"perfume-unisex-lattafa-pride-al-areeq-gold-edp-100ml","status":"publish","type":"product","link":"https:\/\/brandss.com.py\/index\/producto\/perfume-unisex-lattafa-pride-al-areeq-gold-edp-100ml\/","title":{"rendered":"PERFUME UNISEX LATTAFA PRIDE AL AREEQ GOLD EDP 100ML"},"content":{"rendered":"<p><img loading=\"lazy\" decoding=\"async\" class=\"\" src=\"https:\/\/myscentjourney.s3.us-east-2.amazonaws.com\/2022\/02\/14\/29KIascent_j_marca_1644871114_202.png\" alt=\"MSJ::LATTAFA\" width=\"83\" height=\"98\" \/><\/p>\n<h1>AL AREEQ GOLD<\/h1>\n<h4><em><strong>Una fragancia totalmente adictiva,<\/strong> una noche sin fin.<\/em><\/h4>\n<p>Es una fragancia \u00fanica y sofisticada que combina notas orientales y c\u00e1lidas. Ideal para aquellos que buscan un perfume distintivo y vers\u00e1til, perfecto para cualquier ocasi\u00f3n. Con el perfume Al Areeq Gold Edici\u00f3n, cada aplicaci\u00f3n revela una nueva capa de su compleja composici\u00f3n, haciendo de este perfume la elecci\u00f3n perfecta para aquellos que valoran la distinci\u00f3n y el encanto.<\/p>\n<p><span>Descubra la esencia opulenta del Medio Oriente con Al Areeq Gold EDP, una fragancia que cautiva y encanta.<\/span><\/p>\n<ul class=\"tickmark_blue\">\n<li><span>Inspirado en el humo egipcio de Dunhill<\/span><\/li>\n<li><span>Rica mezcla de Ambra, Incienso, Cuero.<\/span><\/li>\n<li><span>Lujo y elegancia definidos<\/span><\/li>\n<li><span>Perfecto para los amantes de los aromas c\u00e1lidos y especiados.<\/span><\/li>\n<\/ul>\n<p><span>Encarnando el esp\u00edritu de la generosidad y la amabilidad \u00e1rabes, Lattafa Pride Al Areeq Gold teje una historia de lujo a trav\u00e9s de su exquisito perfil arom\u00e1tico. Una obra maestra que resuena con calidez y sofisticaci\u00f3n, invit\u00e1ndote a un reino de excelencia arom\u00e1tica.<\/span><\/p>\n<p><img decoding=\"async\" class=\"alignleft\" src=\"https:\/\/krizrealestudio.com\/cdn\/shop\/files\/D_NQ_NP_745418-MLA70544926844_072023-O_720x.webp?v=1715981602\" \/><\/p>\n<h3>Notas Olfativas<\/h3>\n<p>&nbsp;<\/p>\n<p>Experimente Lattafa Pride Al Areeq Gold EDP: una lujosa mezcla de Ambra, incienso y cuero, que se hace eco de la calidez y la elegancia del Medio Oriente. <b>Al Areeq Gold<\/b>\u00a0de\u00a0<b>Lattafa Perfumes<\/b>\u00a0es una fragancia de la familia olfativa para Hombres y Mujeres.<\/p>\n<p class=\"\"><strong><span>Notas de salida:<\/span><\/strong><span> azafr\u00e1n, t\u00e9 negro.<\/span><\/p>\n<p><strong><span>Notas de coraz\u00f3n:<\/span><\/strong><span> Incienso, Cuero de Gamuza.<\/span><\/p>\n<p><strong><span>Notas de fondo:<\/span><\/strong><span> Amverwood, vainilla, almizcle.<\/span><\/p>\n","protected":false},"excerpt":{"rendered":"<p>AL AREEQ GOLD Una fragancia totalmente adictiva, una noche sin fin. Es una fragancia \u00fanica y sofisticada que combina notas<\/p>\n","protected":false},"featured_media":85150,"comment_status":"open","ping_status":"closed","template":"","meta":{"nf_dc_page":""},"product_brand":[],"product_cat":[84],"product_tag":[],"class_list":{"0":"post-85149","1":"product","2":"type-product","3":"status-publish","4":"has-post-thumbnail","6":"product_cat-perfumeria","8":"first","9":"outofstock","10":"shipping-taxable","11":"purchasable","12":"product-type-simple"},"_links":{"self":[{"href":"https:\/\/brandss.com.py\/index\/wp-json\/wp\/v2\/product\/85149","targetHints":{"allow":["GET"]}}],"collection":[{"href":"https:\/\/brandss.com.py\/index\/wp-json\/wp\/v2\/product"}],"about":[{"href":"https:\/\/brandss.com.py\/index\/wp-json\/wp\/v2\/types\/product"}],"replies":[{"embeddable":true,"href":"https:\/\/brandss.com.py\/index\/wp-json\/wp\/v2\/comments?post=85149"}],"version-history":[{"count":1,"href":"https:\/\/brandss.com.py\/index\/wp-json\/wp\/v2\/product\/85149\/revisions"}],"predecessor-version":[{"id":85156,"href":"https:\/\/brandss.com.py\/index\/wp-json\/wp\/v2\/product\/85149\/revisions\/85156"}],"wp:featuredmedia":[{"embeddable":true,"href":"https:\/\/brandss.com.py\/index\/wp-json\/wp\/v2\/media\/85150"}],"wp:attachment":[{"href":"https:\/\/brandss.com.py\/index\/wp-json\/wp\/v2\/media?parent=85149"}],"wp:term":[{"taxonomy":"product_brand","embeddable":true,"href":"https:\/\/brandss.com.py\/index\/wp-json\/wp\/v2\/product_brand?post=85149"},{"taxonomy":"product_cat","embeddable":true,"href":"https:\/\/brandss.com.py\/index\/wp-json\/wp\/v2\/product_cat?post=85149"},{"taxonomy":"product_tag","embeddable":true,"href":"https:\/\/brandss.com.py\/index\/wp-json\/wp\/v2\/product_tag?post=85149"}],"curies":[{"name":"wp","href":"https:\/\/api.w.org\/{rel}","templated":true}]}}