{"id":85157,"date":"2025-06-28T11:58:58","date_gmt":"2025-06-28T11:58:58","guid":{"rendered":"https:\/\/brandss.com.py\/index\/?post_type=product&#038;p=85157"},"modified":"2026-03-28T16:20:41","modified_gmt":"2026-03-28T16:20:41","slug":"perfume-unisex-lattafa-pride-al-areeq-silver-edp-100ml","status":"publish","type":"product","link":"https:\/\/brandss.com.py\/index\/producto\/perfume-unisex-lattafa-pride-al-areeq-silver-edp-100ml\/","title":{"rendered":"PERFUME UNISEX LATTAFA PRIDE AL AREEQ SILVER EDP 100ML"},"content":{"rendered":"<p><img loading=\"lazy\" decoding=\"async\" class=\"\" src=\"https:\/\/myscentjourney.s3.us-east-2.amazonaws.com\/2022\/02\/14\/29KIascent_j_marca_1644871114_202.png\" alt=\"MSJ::LATTAFA\" width=\"110\" height=\"131\" \/><\/p>\n<h1>AL AREEQ SILVER<\/h1>\n<p><span>Sum\u00e9rgete en un mundo de elegancia atemporal con Al Areeq Silver, un distinguido Eau de Parfum de Lattafa Pride. Creada para quienes aprecian el refinamiento y la sofisticaci\u00f3n, esta fragancia combina notas lujosas para crear un aura de distinci\u00f3n y encanto.<\/span><\/p>\n<h4><em>El viaje olfativo de Al Areeq de Lattafa Pride<\/em><\/h4>\n<p><span>Al Areeq Silver se abre con frescura y vitalidad, donde la manzana fresca se entrelaza con la arom\u00e1tica lavanda y el cardamomo picante. Esta mezcla vigorizante crea una entrada estimulante y din\u00e1mica que cautiva los sentidos desde la primera rociada.<\/span><\/p>\n<p><span>En el coraz\u00f3n de la fragancia, se despliega un bouquet rico y complejo, con los tonos c\u00e1lidos y terrosos del tabaco y el cipr\u00e9s, complementados con las ex\u00f3ticas notas florales del jazm\u00edn y la intensidad caracter\u00edstica del oud. Esta armoniosa mezcla evoca una sensaci\u00f3n de sofisticaci\u00f3n y refinamiento, sumergi\u00e9ndote en su cautivador abrazo.<\/span><\/p>\n<p><span>A medida que la fragancia se asienta, emerge una suntuosa base, caracterizada por la sensual interacci\u00f3n del cuero, el cremoso s\u00e1ndalo y el aterciopelado almizcle. Un toque de dulce vainilla a\u00f1ade el toque final, dejando una estela persistente de irresistible encanto que cautiva e intriga.<\/span><\/p>\n<h2><span>Notas Olfativas<\/span><\/h2>\n<p>Al Areeq Silver de Lattafa Perfumes es una fragancia de la familia olfativa cuero para Hombres y Mujeres. Esta fragancia es nueva. Al Areeq Silver se lanz\u00f3 en 2022.<\/p>\n<ul>\n<li><strong><span>Notas de salida:\u00a0<\/span><\/strong><span>manzana, lavanda, cardamomo.<\/span><\/li>\n<li><strong><span>Notas de coraz\u00f3n: <\/span><\/strong><span>Tabaco, cipr\u00e9s, jazm\u00edn, oud.<\/span><\/li>\n<li><strong><span>Notas de fondo:\u00a0<\/span><\/strong><span>Cuero, s\u00e1ndalo, almizcle, vainilla.<\/span><\/li>\n<\/ul>\n","protected":false},"excerpt":{"rendered":"<p>AL AREEQ SILVER Sum\u00e9rgete en un mundo de elegancia atemporal con Al Areeq Silver, un distinguido Eau de Parfum de<\/p>\n","protected":false},"featured_media":85158,"comment_status":"open","ping_status":"closed","template":"","meta":{"nf_dc_page":""},"product_brand":[],"product_cat":[84],"product_tag":[],"class_list":{"0":"post-85157","1":"product","2":"type-product","3":"status-publish","4":"has-post-thumbnail","6":"product_cat-perfumeria","8":"first","9":"outofstock","10":"shipping-taxable","11":"purchasable","12":"product-type-simple"},"_links":{"self":[{"href":"https:\/\/brandss.com.py\/index\/wp-json\/wp\/v2\/product\/85157","targetHints":{"allow":["GET"]}}],"collection":[{"href":"https:\/\/brandss.com.py\/index\/wp-json\/wp\/v2\/product"}],"about":[{"href":"https:\/\/brandss.com.py\/index\/wp-json\/wp\/v2\/types\/product"}],"replies":[{"embeddable":true,"href":"https:\/\/brandss.com.py\/index\/wp-json\/wp\/v2\/comments?post=85157"}],"version-history":[{"count":2,"href":"https:\/\/brandss.com.py\/index\/wp-json\/wp\/v2\/product\/85157\/revisions"}],"predecessor-version":[{"id":85166,"href":"https:\/\/brandss.com.py\/index\/wp-json\/wp\/v2\/product\/85157\/revisions\/85166"}],"wp:featuredmedia":[{"embeddable":true,"href":"https:\/\/brandss.com.py\/index\/wp-json\/wp\/v2\/media\/85158"}],"wp:attachment":[{"href":"https:\/\/brandss.com.py\/index\/wp-json\/wp\/v2\/media?parent=85157"}],"wp:term":[{"taxonomy":"product_brand","embeddable":true,"href":"https:\/\/brandss.com.py\/index\/wp-json\/wp\/v2\/product_brand?post=85157"},{"taxonomy":"product_cat","embeddable":true,"href":"https:\/\/brandss.com.py\/index\/wp-json\/wp\/v2\/product_cat?post=85157"},{"taxonomy":"product_tag","embeddable":true,"href":"https:\/\/brandss.com.py\/index\/wp-json\/wp\/v2\/product_tag?post=85157"}],"curies":[{"name":"wp","href":"https:\/\/api.w.org\/{rel}","templated":true}]}}