{"id":85167,"date":"2025-06-28T12:41:18","date_gmt":"2025-06-28T12:41:18","guid":{"rendered":"https:\/\/brandss.com.py\/index\/?post_type=product&#038;p=85167"},"modified":"2026-03-28T16:20:41","modified_gmt":"2026-03-28T16:20:41","slug":"perfume-unisex-lattafa-pride-al-qiam-silver-edp-100ml-2","status":"publish","type":"product","link":"https:\/\/brandss.com.py\/index\/producto\/perfume-unisex-lattafa-pride-al-qiam-silver-edp-100ml-2\/","title":{"rendered":"PERFUME UNISEX LATTAFA PRIDE AL AMEED SILVER EDP 100ML"},"content":{"rendered":"<p><img loading=\"lazy\" decoding=\"async\" class=\"\" src=\"https:\/\/myscentjourney.s3.us-east-2.amazonaws.com\/2022\/02\/14\/29KIascent_j_marca_1644871114_202.png\" alt=\"MSJ::LATTAFA\" width=\"75\" height=\"89\" \/><\/p>\n<h1>AL AMEED SILVER<\/h1>\n<p><em><strong>Es una fragancia con car\u00e1cter, una fragancia fresca y potente, ideal para quienes quieren hacerse notar.<\/strong><\/em><\/p>\n<p><span>Descubre la lujosa fragancia Al Ameed Silve, este exquisito perfume se presenta en un espray natural de f\u00e1cil aplicaci\u00f3n y se presenta en un frasco de 100 ml, ofreciendo una fragancia duradera. Perfecto para cualquier ocasi\u00f3n, este perfume dejar\u00e1 una huella imborrable con su cautivador aroma.<\/span><\/p>\n<p><span>Experimenta la lujosa y cautivadora fragancia de Lattafa Floral Profumo Eau De Parfum. Este exquisito perfume es una fusi\u00f3n de aromas florales y aceites naturales, con un aroma duradero y refrescante. Disfruta de una fragancia que te transportar\u00e1 a una experiencia de pura elegancia y confianza.<\/span><\/p>\n<p>&nbsp;<\/p>\n<h3>Notas Olfativas<\/h3>\n<p>&nbsp;<\/p>\n<p>Al Ameed de Lattafa Perfumes es una fragancia de la familia olfativa Arom\u00e1tica Especiada para Hombres y mujeres. Esta fragrancia es nueva. Al Ameed se lanz\u00f3 en 2022.<\/p>\n<p><strong>Notas de salida: <\/strong>esclarea y mandarina.<\/p>\n<p><strong>Notas de coraz\u00f3n: <\/strong>pimienta y pi\u00f1a.<\/p>\n<p><strong>Notas de fondo: <\/strong>cuero y almizc.<\/p>\n","protected":false},"excerpt":{"rendered":"<p>AL AMEED SILVER Es una fragancia con car\u00e1cter, una fragancia fresca y potente, ideal para quienes quieren hacerse notar. Descubre<\/p>\n","protected":false},"featured_media":85175,"comment_status":"open","ping_status":"closed","template":"","meta":{"nf_dc_page":""},"product_brand":[],"product_cat":[84],"product_tag":[],"class_list":{"0":"post-85167","1":"product","2":"type-product","3":"status-publish","4":"has-post-thumbnail","6":"product_cat-perfumeria","8":"first","9":"outofstock","10":"shipping-taxable","11":"purchasable","12":"product-type-simple"},"_links":{"self":[{"href":"https:\/\/brandss.com.py\/index\/wp-json\/wp\/v2\/product\/85167","targetHints":{"allow":["GET"]}}],"collection":[{"href":"https:\/\/brandss.com.py\/index\/wp-json\/wp\/v2\/product"}],"about":[{"href":"https:\/\/brandss.com.py\/index\/wp-json\/wp\/v2\/types\/product"}],"replies":[{"embeddable":true,"href":"https:\/\/brandss.com.py\/index\/wp-json\/wp\/v2\/comments?post=85167"}],"version-history":[{"count":3,"href":"https:\/\/brandss.com.py\/index\/wp-json\/wp\/v2\/product\/85167\/revisions"}],"predecessor-version":[{"id":85181,"href":"https:\/\/brandss.com.py\/index\/wp-json\/wp\/v2\/product\/85167\/revisions\/85181"}],"wp:featuredmedia":[{"embeddable":true,"href":"https:\/\/brandss.com.py\/index\/wp-json\/wp\/v2\/media\/85175"}],"wp:attachment":[{"href":"https:\/\/brandss.com.py\/index\/wp-json\/wp\/v2\/media?parent=85167"}],"wp:term":[{"taxonomy":"product_brand","embeddable":true,"href":"https:\/\/brandss.com.py\/index\/wp-json\/wp\/v2\/product_brand?post=85167"},{"taxonomy":"product_cat","embeddable":true,"href":"https:\/\/brandss.com.py\/index\/wp-json\/wp\/v2\/product_cat?post=85167"},{"taxonomy":"product_tag","embeddable":true,"href":"https:\/\/brandss.com.py\/index\/wp-json\/wp\/v2\/product_tag?post=85167"}],"curies":[{"name":"wp","href":"https:\/\/api.w.org\/{rel}","templated":true}]}}