{"id":85182,"date":"2025-06-28T13:57:03","date_gmt":"2025-06-28T13:57:03","guid":{"rendered":"https:\/\/brandss.com.py\/index\/?post_type=product&#038;p=85182"},"modified":"2026-03-28T16:20:41","modified_gmt":"2026-03-28T16:20:41","slug":"perfume-unisex-lattafa-pride-royal-sapphire-edp-100ml","status":"publish","type":"product","link":"https:\/\/brandss.com.py\/index\/producto\/perfume-unisex-lattafa-pride-royal-sapphire-edp-100ml\/","title":{"rendered":"PERFUME UNISEX LATTAFA PRIDE ROYAL SAPPHIRE EDP 100ML"},"content":{"rendered":"<p><img loading=\"lazy\" decoding=\"async\" class=\"\" src=\"https:\/\/myscentjourney.s3.us-east-2.amazonaws.com\/2022\/02\/14\/29KIascent_j_marca_1644871114_202.png\" alt=\"MSJ::LATTAFA\" width=\"91\" height=\"108\" \/><\/p>\n<h1>ROYAL SAPPHIRE<\/h1>\n<p>Del\u00e9itese con el encantador aroma de Royal Sapphire y experimente el encanto atemporal de esta legendaria fragancia. El perfume Royal Sapphire es un cl\u00e1sico atemporal que ha resistido el paso del tiempo. Sus ingredientes, cuidadosamente seleccionados de la tierra y combinados a la perfecci\u00f3n, crean una fragancia que ha cautivado corazones durante generaciones. Con su calidez especiada, sus dulces matices florales y su encanto perdurable, Royal Sapphire es una fragancia cargada de historia y romance.<\/p>\n<p><span>Perfecta para cualquier ocasi\u00f3n, Royal Sapphire presume de una mezcla \u00fanica de almizcle, vainilla y \u00e1mbar gris que le da un toque elegante a su cautivador aroma. La combinaci\u00f3n de mandarina, lim\u00f3n, azafr\u00e1n y jazm\u00edn le otorga una frescura floral y afrutada, convirti\u00e9ndola en una opci\u00f3n ideal para las mujeres que aprecian la sofisticaci\u00f3n y la elegancia.<\/span><\/p>\n<p><span>Ya sea para un evento especial o simplemente para el d\u00eda a d\u00eda, Royal Sapphire sin duda dejar\u00e1 una huella imborrable dondequiera que vaya.<\/span><\/p>\n<p><img loading=\"lazy\" decoding=\"async\" class=\"alignleft\" src=\"https:\/\/zacshop.com\/cdn\/shop\/files\/Lattafa-Pride-Royal-Sapphire-Eau-De-Perfume-1-Dubai-UAE_1800x1800.jpg?v=1739190424\" width=\"546\" height=\"546\" \/><\/p>\n<h3>\nNotas Olfativas<\/h3>\n<p>&nbsp;<\/p>\n<p>Royal Sapphire de Lattafa es una fragancia con una sensualidad sin g\u00e9nero definido. Desde el primer contacto, las notas de salida de azafr\u00e1n, mandarina y lim\u00f3n te envuelven en un abrazo c\u00edtrico y especiado que despierta la pasi\u00f3n. En su coraz\u00f3n, el jazm\u00edn y la rosa danzan en una sinfon\u00eda floral, creando una experiencia olfativa \u00fanica y apasionada. Pero es en las notas de fondo donde esta fragancia se vuelve verdaderamente inolvidable, con la presencia envolvente del \u00e1mbar gris que se entrelaza con la suavidad de la vainilla y la profundidad del almizcle. Royal Sapphire es como una noche de verano, ardiente y embriagadora, que se adhiere a la piel con una intensidad misteriosa y atractiva!!<\/p>\n<p>Royal Saphire de Lattafa es una fragancia de la familia olfativa ambar floral para Hombres y Mujeres. \u00a0Esta fragancia es nueva.\u00a0Royal Sapphire\u00a0se lanz\u00f3 en 2022.<\/p>\n<p>&nbsp;<\/p>\n<p><strong>Notas de salida:<\/strong> azafr\u00e1n, mandarina y lim\u00f3n\u00a0(lima \u00e1cida).<\/p>\n<p><strong>Notas de coraz\u00f3n:<\/strong> jazm\u00edn y rosa.<\/p>\n<p><strong>Notas de fondo:<\/strong> \u00e1mbar gris, vainilla y almizcle.<\/p>\n","protected":false},"excerpt":{"rendered":"<p>ROYAL SAPPHIRE Del\u00e9itese con el encantador aroma de Royal Sapphire y experimente el encanto atemporal de esta legendaria fragancia. El<\/p>\n","protected":false},"featured_media":85183,"comment_status":"open","ping_status":"closed","template":"","meta":{"nf_dc_page":""},"product_brand":[],"product_cat":[84],"product_tag":[],"class_list":{"0":"post-85182","1":"product","2":"type-product","3":"status-publish","4":"has-post-thumbnail","6":"product_cat-perfumeria","8":"first","9":"outofstock","10":"shipping-taxable","11":"purchasable","12":"product-type-simple"},"_links":{"self":[{"href":"https:\/\/brandss.com.py\/index\/wp-json\/wp\/v2\/product\/85182","targetHints":{"allow":["GET"]}}],"collection":[{"href":"https:\/\/brandss.com.py\/index\/wp-json\/wp\/v2\/product"}],"about":[{"href":"https:\/\/brandss.com.py\/index\/wp-json\/wp\/v2\/types\/product"}],"replies":[{"embeddable":true,"href":"https:\/\/brandss.com.py\/index\/wp-json\/wp\/v2\/comments?post=85182"}],"version-history":[{"count":1,"href":"https:\/\/brandss.com.py\/index\/wp-json\/wp\/v2\/product\/85182\/revisions"}],"predecessor-version":[{"id":85190,"href":"https:\/\/brandss.com.py\/index\/wp-json\/wp\/v2\/product\/85182\/revisions\/85190"}],"wp:featuredmedia":[{"embeddable":true,"href":"https:\/\/brandss.com.py\/index\/wp-json\/wp\/v2\/media\/85183"}],"wp:attachment":[{"href":"https:\/\/brandss.com.py\/index\/wp-json\/wp\/v2\/media?parent=85182"}],"wp:term":[{"taxonomy":"product_brand","embeddable":true,"href":"https:\/\/brandss.com.py\/index\/wp-json\/wp\/v2\/product_brand?post=85182"},{"taxonomy":"product_cat","embeddable":true,"href":"https:\/\/brandss.com.py\/index\/wp-json\/wp\/v2\/product_cat?post=85182"},{"taxonomy":"product_tag","embeddable":true,"href":"https:\/\/brandss.com.py\/index\/wp-json\/wp\/v2\/product_tag?post=85182"}],"curies":[{"name":"wp","href":"https:\/\/api.w.org\/{rel}","templated":true}]}}