{"id":85208,"date":"2025-06-28T16:41:36","date_gmt":"2025-06-28T16:41:36","guid":{"rendered":"https:\/\/brandss.com.py\/index\/?post_type=product&#038;p=85208"},"modified":"2026-03-28T16:20:40","modified_gmt":"2026-03-28T16:20:40","slug":"perfume-femenino-lattafa-angham-edp-100ml","status":"publish","type":"product","link":"https:\/\/brandss.com.py\/index\/producto\/perfume-femenino-lattafa-angham-edp-100ml\/","title":{"rendered":"PERFUME FEMENINO LATTAFA ANGHAM EDP 100ML"},"content":{"rendered":"<p><img loading=\"lazy\" decoding=\"async\" class=\"\" src=\"https:\/\/myscentjourney.s3.us-east-2.amazonaws.com\/2022\/02\/14\/29KIascent_j_marca_1644871114_202.png\" alt=\"MSJ::LATTAFA\" width=\"78\" height=\"93\" \/><\/p>\n<h1>ANGHAM<\/h1>\n<h4>\u00a0<em>\u00bfUn melodioso homenaje a la diosa Burberry?<\/em><\/h4>\n<p>Lattafa Perfumes, famosa por sus creaciones opulentas y sorprendentes, presenta Lattafa Angham, un perfume que ha conquistado Internet. Este aroma encantador, que se rumorea que est\u00e1 inspirado en el popular Burberry Goddess, es una mezcla armoniosa de notas frescas, florales y gourmand que crean una sinfon\u00eda olfativa cautivadora y seductora.<\/p>\n<p><strong>Este perfume es imprescindible para:<\/strong><\/p>\n<ul>\n<li>Aquellos que aprecian los aromas con un car\u00e1cter sofisticado y elegante.<\/li>\n<li>Fans de Burberry Goddess que buscan una interpretaci\u00f3n m\u00e1s asequible y gourmet.<\/li>\n<li>Amantes de los aromas frescos, florales y golosos.<\/li>\n<li>Expertos en perfumes que buscan un aroma vers\u00e1til que pueda usarse de d\u00eda o de noche.<\/li>\n<li>Cualquier persona que disfrute de aromas que evocan una sensaci\u00f3n de encanto femenino y atractivo.<\/li>\n<\/ul>\n<h2>Notas Olfativas<\/h2>\n<p>Si bien Angham posee su propio car\u00e1cter \u00fanico, la inspiraci\u00f3n de Burberry Goddess es innegable. Ambos perfumes comparten un enfoque en la atractiva combinaci\u00f3n de notas frescas, florales y gourmand, creando un aura sofisticada y femenina. Sin embargo, Lattafa Angham adopta un enfoque ligeramente m\u00e1s c\u00e1lido y picante, con una presencia gourmand m\u00e1s pronunciada en el coraz\u00f3n y la base. Burberry Goddess, por otro lado, se inclina hacia un perfil m\u00e1s empolvado y centrado en la vainilla. Angham, una fragancia femenina lanzada en 2024 que captura la esencia encantadora de la m\u00fasica en cada rociado.<\/p>\n<p>&nbsp;<\/p>\n<ul>\n<li><strong>Notas de salida:<\/strong>\u00a0Jengibre, mandarina, pimienta rosa.<\/li>\n<li><strong>Notas de coraz\u00f3n:<\/strong>\u00a0Lavanda, pralin\u00e9, cacao, jazm\u00edn.<\/li>\n<li><strong>Notas de fondo:<\/strong>\u00a0vainilla, \u00e1mbar, almizcle.<\/li>\n<\/ul>\n","protected":false},"excerpt":{"rendered":"<p>ANGHAM \u00a0\u00bfUn melodioso homenaje a la diosa Burberry? Lattafa Perfumes, famosa por sus creaciones opulentas y sorprendentes, presenta Lattafa Angham,<\/p>\n","protected":false},"featured_media":85209,"comment_status":"open","ping_status":"closed","template":"","meta":{"nf_dc_page":""},"product_brand":[],"product_cat":[84],"product_tag":[784],"class_list":{"0":"post-85208","1":"product","2":"type-product","3":"status-publish","4":"has-post-thumbnail","6":"product_cat-perfumeria","7":"product_tag-784","9":"first","10":"instock","11":"shipping-taxable","12":"purchasable","13":"product-type-simple"},"_links":{"self":[{"href":"https:\/\/brandss.com.py\/index\/wp-json\/wp\/v2\/product\/85208","targetHints":{"allow":["GET"]}}],"collection":[{"href":"https:\/\/brandss.com.py\/index\/wp-json\/wp\/v2\/product"}],"about":[{"href":"https:\/\/brandss.com.py\/index\/wp-json\/wp\/v2\/types\/product"}],"replies":[{"embeddable":true,"href":"https:\/\/brandss.com.py\/index\/wp-json\/wp\/v2\/comments?post=85208"}],"version-history":[{"count":1,"href":"https:\/\/brandss.com.py\/index\/wp-json\/wp\/v2\/product\/85208\/revisions"}],"predecessor-version":[{"id":85215,"href":"https:\/\/brandss.com.py\/index\/wp-json\/wp\/v2\/product\/85208\/revisions\/85215"}],"wp:featuredmedia":[{"embeddable":true,"href":"https:\/\/brandss.com.py\/index\/wp-json\/wp\/v2\/media\/85209"}],"wp:attachment":[{"href":"https:\/\/brandss.com.py\/index\/wp-json\/wp\/v2\/media?parent=85208"}],"wp:term":[{"taxonomy":"product_brand","embeddable":true,"href":"https:\/\/brandss.com.py\/index\/wp-json\/wp\/v2\/product_brand?post=85208"},{"taxonomy":"product_cat","embeddable":true,"href":"https:\/\/brandss.com.py\/index\/wp-json\/wp\/v2\/product_cat?post=85208"},{"taxonomy":"product_tag","embeddable":true,"href":"https:\/\/brandss.com.py\/index\/wp-json\/wp\/v2\/product_tag?post=85208"}],"curies":[{"name":"wp","href":"https:\/\/api.w.org\/{rel}","templated":true}]}}