{"id":85216,"date":"2025-06-28T17:41:00","date_gmt":"2025-06-28T17:41:00","guid":{"rendered":"https:\/\/brandss.com.py\/index\/?post_type=product&#038;p=85216"},"modified":"2026-03-28T16:20:40","modified_gmt":"2026-03-28T16:20:40","slug":"perfume-unisex-lattafa-ana-abiyedh-edp-60ml","status":"publish","type":"product","link":"https:\/\/brandss.com.py\/index\/producto\/perfume-unisex-lattafa-ana-abiyedh-edp-60ml\/","title":{"rendered":"PERFUME UNISEX LATTAFA ANA ABIYEDH EDP 60ML"},"content":{"rendered":"<p><img loading=\"lazy\" decoding=\"async\" class=\"\" src=\"https:\/\/myscentjourney.s3.us-east-2.amazonaws.com\/2022\/02\/14\/29KIascent_j_marca_1644871114_202.png\" alt=\"MSJ::LATTAFA\" width=\"76\" height=\"90\" \/><\/p>\n<h1>ANA ABIYEDH<\/h1>\n<p>Sum\u00e9rgete en el rico y seductor mundo de las fragancias con Ana Abiyedh, creado para quienes aprecian los aromas ex\u00f3ticos y \u00fanicos, este perfume unisex es una celebraci\u00f3n de la elegancia y la sofisticaci\u00f3n atemporales. Este perfume es una deliciosa mezcla de notas cautivadoras que te dejar\u00e1n con un aroma duradero y cautivador.<\/p>\n<div class=\"col-lg-4 col-sm-6 col-12 mb-lg-0 mb-3\">\n<div class=\"stands-out-content\">\n<h4 class=\"feature\">Aroma vers\u00e1til<\/h4>\n<div class=\"description\">Dise\u00f1ada tanto para hombres como para mujeres, esta fragancia ofrece una mezcla armoniosa que atrae universalmente, haci\u00e9ndola perfecta para cualquier ocasi\u00f3n.<\/div>\n<\/div>\n<\/div>\n<div class=\"col-lg-4 col-sm-6 col-12 mb-lg-0 mb-3\">\n<div class=\"stands-out-content\">\n<h4 class=\"feature\">F\u00f3rmula duradera<\/h4>\n<div class=\"description\">La concentraci\u00f3n de Eau de Parfum garantiza una experiencia de fragancia duradera, manteni\u00e9ndote fresco y arom\u00e1tico durante todo el d\u00eda y la noche.<\/div>\n<\/div>\n<\/div>\n<div class=\"col-lg-4 col-sm-6 col-12 mb-lg-0 mb-3\">\n<div class=\"stands-out-content\">\n<h4 class=\"feature\">Embalaje Elegante<\/h4>\n<div class=\"description\">Alojada en una botella elegante y con estilo, Ana Abiyedh no solo ofrece una fragancia de calidad sino que tambi\u00e9n agrega un toque de sofisticaci\u00f3n a su vanidad u opciones de regalo.<\/div>\n<\/div>\n<h3>Notas Olfativas<\/h3>\n<div>Ana Abiyedh\u00a0es una fragancia de la familia olfativa para Hombres y Mujeres. Las notas de salida de almizcle blanco y nagarmotha creando un comienzo embriagador, envolvi\u00e9ndote en un aroma misterioso e inolvidable. Las notas de coraz\u00f3n de vainilla, azafr\u00e1n y cardamomo a\u00f1aden un encanto dulce y especiado a la fragancia, convirti\u00e9ndola en una opci\u00f3n irresistible para cualquier ocasi\u00f3n. Las notas de fondo de haba tonka y madera de guayaco aportan un final c\u00e1lido y terroso, dejando una estela cautivadora que perdura en la piel.<\/div>\n<div><\/div>\n<div><strong>Notas de salida:<\/strong> naranja y bergamota.<\/div>\n<div><strong>Notas de coraz\u00f3n:<\/strong> vainilla y pera.<\/div>\n<div><strong>Notas de fondo:<\/strong> almizcle y \u00e1mbar.<\/div>\n<\/div>\n","protected":false},"excerpt":{"rendered":"<p>ANA ABIYEDH Sum\u00e9rgete en el rico y seductor mundo de las fragancias con Ana Abiyedh, creado para quienes aprecian los<\/p>\n","protected":false},"featured_media":85217,"comment_status":"open","ping_status":"closed","template":"","meta":{"nf_dc_page":""},"product_brand":[109],"product_cat":[84],"product_tag":[2208],"class_list":{"0":"post-85216","1":"product","2":"type-product","3":"status-publish","4":"has-post-thumbnail","6":"product_brand-lattafa","7":"product_cat-perfumeria","8":"product_tag-2208","10":"first","11":"outofstock","12":"shipping-taxable","13":"purchasable","14":"product-type-simple"},"_links":{"self":[{"href":"https:\/\/brandss.com.py\/index\/wp-json\/wp\/v2\/product\/85216","targetHints":{"allow":["GET"]}}],"collection":[{"href":"https:\/\/brandss.com.py\/index\/wp-json\/wp\/v2\/product"}],"about":[{"href":"https:\/\/brandss.com.py\/index\/wp-json\/wp\/v2\/types\/product"}],"replies":[{"embeddable":true,"href":"https:\/\/brandss.com.py\/index\/wp-json\/wp\/v2\/comments?post=85216"}],"version-history":[{"count":1,"href":"https:\/\/brandss.com.py\/index\/wp-json\/wp\/v2\/product\/85216\/revisions"}],"predecessor-version":[{"id":85222,"href":"https:\/\/brandss.com.py\/index\/wp-json\/wp\/v2\/product\/85216\/revisions\/85222"}],"wp:featuredmedia":[{"embeddable":true,"href":"https:\/\/brandss.com.py\/index\/wp-json\/wp\/v2\/media\/85217"}],"wp:attachment":[{"href":"https:\/\/brandss.com.py\/index\/wp-json\/wp\/v2\/media?parent=85216"}],"wp:term":[{"taxonomy":"product_brand","embeddable":true,"href":"https:\/\/brandss.com.py\/index\/wp-json\/wp\/v2\/product_brand?post=85216"},{"taxonomy":"product_cat","embeddable":true,"href":"https:\/\/brandss.com.py\/index\/wp-json\/wp\/v2\/product_cat?post=85216"},{"taxonomy":"product_tag","embeddable":true,"href":"https:\/\/brandss.com.py\/index\/wp-json\/wp\/v2\/product_tag?post=85216"}],"curies":[{"name":"wp","href":"https:\/\/api.w.org\/{rel}","templated":true}]}}