{"id":85223,"date":"2025-06-28T18:24:32","date_gmt":"2025-06-28T18:24:32","guid":{"rendered":"https:\/\/brandss.com.py\/index\/?post_type=product&#038;p=85223"},"modified":"2026-03-28T16:20:40","modified_gmt":"2026-03-28T16:20:40","slug":"perfume-unisex-lattafa-ameer-al-oudh-intense-oud-edp-100ml","status":"publish","type":"product","link":"https:\/\/brandss.com.py\/index\/producto\/perfume-unisex-lattafa-ameer-al-oudh-intense-oud-edp-100ml\/","title":{"rendered":"PERFUME UNISEX LATTAFA AMEER AL OUDH INTENSE OUD EDP 100ML"},"content":{"rendered":"<p><img loading=\"lazy\" decoding=\"async\" class=\"\" src=\"https:\/\/myscentjourney.s3.us-east-2.amazonaws.com\/2022\/02\/14\/29KIascent_j_marca_1644871114_202.png\" alt=\"MSJ::LATTAFA\" width=\"82\" height=\"98\" \/><\/p>\n<h1>AMEER AL OUDH INTENSE OUD<\/h1>\n<h4><em>Aroma c\u00e1lido y lujoso amaderado, un soplo de lujo oriental y noche misteriosa.<\/em><\/h4>\n<p><span class=\"notranslate\">Ameer Al Oudh Intense Arabic<\/span>\u00a0es un aroma c\u00e1lido, ahumado y rico que transmite perfectamente el lujo de los aromas amaderados orientales. Creada tanto para hombres como para mujeres, esta fragancia es ideal para citas nocturnas y ocasiones especiales.<\/p>\n<div class=\"col-lg-4 col-sm-6 col-12 mb-lg-0 mb-3\">\n<div class=\"stands-out-content\">\n<h4 class=\"feature\">Aroma Rich Oud<\/h4>\n<div class=\"description\">Lattafa Ameer Al Oud ofrece un perfil arom\u00e1tico intenso y lujoso, que combina un oud profundo con ricas especias, lo que lo hace perfecto para quienes aprecian las fragancias atrevidas que dejan una impresi\u00f3n duradera.<\/div>\n<\/div>\n<\/div>\n<div class=\"col-lg-4 col-sm-6 col-12 mb-lg-0 mb-3\">\n<div class=\"stands-out-content\">\n<h4 class=\"feature\">Apelaci\u00f3n unisex<\/h4>\n<div class=\"description\">Dise\u00f1ado tanto para hombres como para mujeres, este perfume satisface diversos gustos, lo que permite a todos disfrutar de su cautivador aroma, lo que lo convierte en una excelente opci\u00f3n de regalo para sus seres queridos.<\/div>\n<\/div>\n<\/div>\n<div class=\"col-lg-4 col-sm-6 col-12 mb-lg-0 mb-3\">\n<div class=\"stands-out-content\">\n<h4 class=\"feature\">Desgaste duradero<\/h4>\n<div class=\"description\">Con su fuerte concentraci\u00f3n de aceites arom\u00e1ticos, este Eau de Parfum garantiza un uso durante todo el d\u00eda, proporcionando una longevidad excepcional que te mantiene fresco y vibrante sin necesidad de nuevas aplicaciones frecuentes.<\/div>\n<div><\/div>\n<h3>Notas Olfativas<\/h3>\n<div><\/div>\n<div>Ameer Al Oudh Intense Oud de Lattafa Perfumes es una fragancia de \u00e1mbar para hombre y mujer. Esta nueva fragancia se lanz\u00f3 en 2021. Los primeros acordes de la fragancia se abren con una nota amaderada\u00a0profunda y rica que se fusiona con el lujoso\u00a0azafr\u00e1n\u00a0y la ex\u00f3tica\u00a0nuez moscada . Es una combinaci\u00f3n c\u00e1lida y picante que crea un comienzo intenso y memorable. El coraz\u00f3n de la fragancia revela el aroma distintivo de la bergamota\u00a0, entrelazado con notas\u00a0de geranio\u00a0y\u00a0l\u00e1dano . Es un aroma que irradia lujo oriental y le da al aroma una sensaci\u00f3n m\u00edstica. Las notas finales de la fragancia concluyen este viaje arom\u00e1tico con una rica combinaci\u00f3n de almizcle\u00a0,\u00a0s\u00e1ndalo\u00a0y lujosa\u00a0vainilla\u00a0, sutilmente complementadas por una elegante nota\u00a0de cuero . Es un aroma que deja un rastro seductor y duradero.<\/div>\n<div>\n<ul>\n<li><strong>Notas de salida:<\/strong>\u00a0madera, azafr\u00e1n, nuez moscada.<\/li>\n<li><strong>Notas de coraz\u00f3n:<\/strong>\u00a0geranio, almizcle, l\u00e1dano.<\/li>\n<li><strong>Notas de fondo:<\/strong>\u00a0almizcle, s\u00e1ndalo, vainilla, cuero.<\/li>\n<\/ul>\n<\/div>\n<\/div>\n<\/div>\n","protected":false},"excerpt":{"rendered":"<p>AMEER AL OUDH INTENSE OUD Aroma c\u00e1lido y lujoso amaderado, un soplo de lujo oriental y noche misteriosa. Ameer Al<\/p>\n","protected":false},"featured_media":85224,"comment_status":"open","ping_status":"closed","template":"","meta":{"nf_dc_page":""},"product_brand":[109],"product_cat":[84],"product_tag":[615],"class_list":{"0":"post-85223","1":"product","2":"type-product","3":"status-publish","4":"has-post-thumbnail","6":"product_brand-lattafa","7":"product_cat-perfumeria","8":"product_tag-615","10":"first","11":"outofstock","12":"shipping-taxable","13":"purchasable","14":"product-type-simple"},"_links":{"self":[{"href":"https:\/\/brandss.com.py\/index\/wp-json\/wp\/v2\/product\/85223","targetHints":{"allow":["GET"]}}],"collection":[{"href":"https:\/\/brandss.com.py\/index\/wp-json\/wp\/v2\/product"}],"about":[{"href":"https:\/\/brandss.com.py\/index\/wp-json\/wp\/v2\/types\/product"}],"replies":[{"embeddable":true,"href":"https:\/\/brandss.com.py\/index\/wp-json\/wp\/v2\/comments?post=85223"}],"version-history":[{"count":1,"href":"https:\/\/brandss.com.py\/index\/wp-json\/wp\/v2\/product\/85223\/revisions"}],"predecessor-version":[{"id":85230,"href":"https:\/\/brandss.com.py\/index\/wp-json\/wp\/v2\/product\/85223\/revisions\/85230"}],"wp:featuredmedia":[{"embeddable":true,"href":"https:\/\/brandss.com.py\/index\/wp-json\/wp\/v2\/media\/85224"}],"wp:attachment":[{"href":"https:\/\/brandss.com.py\/index\/wp-json\/wp\/v2\/media?parent=85223"}],"wp:term":[{"taxonomy":"product_brand","embeddable":true,"href":"https:\/\/brandss.com.py\/index\/wp-json\/wp\/v2\/product_brand?post=85223"},{"taxonomy":"product_cat","embeddable":true,"href":"https:\/\/brandss.com.py\/index\/wp-json\/wp\/v2\/product_cat?post=85223"},{"taxonomy":"product_tag","embeddable":true,"href":"https:\/\/brandss.com.py\/index\/wp-json\/wp\/v2\/product_tag?post=85223"}],"curies":[{"name":"wp","href":"https:\/\/api.w.org\/{rel}","templated":true}]}}