{"id":85231,"date":"2025-06-28T19:17:03","date_gmt":"2025-06-28T19:17:03","guid":{"rendered":"https:\/\/brandss.com.py\/index\/?post_type=product&#038;p=85231"},"modified":"2025-08-27T17:22:37","modified_gmt":"2025-08-27T17:22:37","slug":"perfume-unisex-lattafa-pride-wajood-edp-100ml","status":"publish","type":"product","link":"https:\/\/brandss.com.py\/index\/producto\/perfume-unisex-lattafa-pride-wajood-edp-100ml\/","title":{"rendered":"PERFUME UNISEX LATTAFA PRIDE WAJOOD EDP 100ML"},"content":{"rendered":"<p><img loading=\"lazy\" decoding=\"async\" class=\"\" src=\"https:\/\/myscentjourney.s3.us-east-2.amazonaws.com\/2022\/02\/14\/29KIascent_j_marca_1644871114_202.png\" alt=\"MSJ::LATTAFA\" width=\"78\" height=\"93\" \/><\/p>\n<h1>WAJOOD<\/h1>\n<h4><em>Una fragancia vers\u00e1til y encantadora<\/em><\/h4>\n<p>Equilibrando entre frescura y calidez, este aroma inspira confianza en uno mismo y deja una impresi\u00f3n duradera. <span class=\"notranslate\">Wajood<\/span> , creado por Lattafa, es una fragancia unisex con una versatilidad excepcional. Notas magistralmente equilibradas garantizan un viaje olfativo armonioso, desde un comienzo fresco y en\u00e9rgico hasta un final rico y cremoso. La fragancia est\u00e1 inspirada en <span class=\"notranslate\">Kenzo Homme Eau de Toilette Intense<\/span>, lo que la hace perfecta tanto para hombres como para mujeres que aprecian la elegancia moderna.<\/p>\n<p>Esta exquisita fragancia se presenta en un frasco de 100 ml, lo que la convierte en la adici\u00f3n perfecta a tu colecci\u00f3n. Con su cautivadora mezcla de notas, esta colonia est\u00e1 dise\u00f1ada para dejar una huella imborrable dondequiera que vayas.<\/p>\n<h3>Notas Olfativas<\/h3>\n<div>\n<p><span class=\"notranslate\">El perfume Lattafa Pride Wajood es una fragancia de la familia olfativa arom\u00e1tica acu\u00e1tica para hombres y mujeres. Wajood<\/span> es una fragancia que cambia contigo. Ya sea que se dirija a una reuni\u00f3n de negocios o disfrute de una noche en la ciudad, esta fragancia se adapta a las circunstancias y realza su encanto natural. La compleja combinaci\u00f3n de notas, desde acordes marinos hasta c\u00e1lidos tonos amaderados, permite que la fragancia siga siendo relevante en cualquier situaci\u00f3n.<\/p>\n<\/div>\n<div>\n<p>La fragancia comienza con\u00a0acordes marinos\u00a0brillantes que aportan una sensaci\u00f3n de frescura y libertad.\u00a0La pimienta rosa a\u00f1ade sutilmente un toque picante, aportando dinamismo y energ\u00eda. La fase media est\u00e1 dominada por notas terrosas y profundas. El vetiver\u00a0proporciona un car\u00e1cter ahumado natural y fresco que combina perfectamente con el rico y misterioso\u00a0pachul\u00ed . Estas notas le dan a la fragancia su distinci\u00f3n y car\u00e1cter refinado. El final de la fragancia es una uni\u00f3n armoniosa de acordes amaderados y resinosos. El s\u00e1ndalo\u00a0le da a la fragancia un aura cremosa y c\u00e1lida, mientras que\u00a0el \u00e1mbar deja un rastro misterioso y seductor que perdura durante horas.<\/p>\n<\/div>\n<div>\n<ul>\n<li><strong>Notas de salida:<\/strong>\u00a0notas marinas, pimienta rosa.<\/li>\n<li><strong>Notas de coraz\u00f3n:<\/strong>\u00a0vetiver, pachul\u00ed.<\/li>\n<li><strong>Notas de fondo:<\/strong>\u00a0s\u00e1ndalo, \u00e1mbar.<\/li>\n<\/ul>\n<\/div>\n","protected":false},"excerpt":{"rendered":"<p>WAJOOD Una fragancia vers\u00e1til y encantadora Equilibrando entre frescura y calidez, este aroma inspira confianza en uno mismo y deja<\/p>\n","protected":false},"featured_media":85232,"comment_status":"open","ping_status":"closed","template":"","meta":{"nf_dc_page":""},"product_brand":[],"product_cat":[84],"product_tag":[],"class_list":{"0":"post-85231","1":"product","2":"type-product","3":"status-publish","4":"has-post-thumbnail","6":"product_cat-perfumeria","8":"first","9":"outofstock","10":"shipping-taxable","11":"purchasable","12":"product-type-simple"},"_links":{"self":[{"href":"https:\/\/brandss.com.py\/index\/wp-json\/wp\/v2\/product\/85231","targetHints":{"allow":["GET"]}}],"collection":[{"href":"https:\/\/brandss.com.py\/index\/wp-json\/wp\/v2\/product"}],"about":[{"href":"https:\/\/brandss.com.py\/index\/wp-json\/wp\/v2\/types\/product"}],"replies":[{"embeddable":true,"href":"https:\/\/brandss.com.py\/index\/wp-json\/wp\/v2\/comments?post=85231"}],"version-history":[{"count":1,"href":"https:\/\/brandss.com.py\/index\/wp-json\/wp\/v2\/product\/85231\/revisions"}],"predecessor-version":[{"id":85240,"href":"https:\/\/brandss.com.py\/index\/wp-json\/wp\/v2\/product\/85231\/revisions\/85240"}],"wp:featuredmedia":[{"embeddable":true,"href":"https:\/\/brandss.com.py\/index\/wp-json\/wp\/v2\/media\/85232"}],"wp:attachment":[{"href":"https:\/\/brandss.com.py\/index\/wp-json\/wp\/v2\/media?parent=85231"}],"wp:term":[{"taxonomy":"product_brand","embeddable":true,"href":"https:\/\/brandss.com.py\/index\/wp-json\/wp\/v2\/product_brand?post=85231"},{"taxonomy":"product_cat","embeddable":true,"href":"https:\/\/brandss.com.py\/index\/wp-json\/wp\/v2\/product_cat?post=85231"},{"taxonomy":"product_tag","embeddable":true,"href":"https:\/\/brandss.com.py\/index\/wp-json\/wp\/v2\/product_tag?post=85231"}],"curies":[{"name":"wp","href":"https:\/\/api.w.org\/{rel}","templated":true}]}}