{"id":85247,"date":"2025-06-30T12:07:59","date_gmt":"2025-06-30T12:07:59","guid":{"rendered":"https:\/\/brandss.com.py\/index\/?post_type=product&#038;p=85247"},"modified":"2025-11-26T17:38:37","modified_gmt":"2025-11-26T17:38:37","slug":"perfume-infantil-lattafa-pride-play-75ml","status":"publish","type":"product","link":"https:\/\/brandss.com.py\/index\/producto\/perfume-infantil-lattafa-pride-play-75ml\/","title":{"rendered":"PERFUME INFANTIL LATTAFA PRIDE PLAY EDP 75ML"},"content":{"rendered":"<p><img loading=\"lazy\" decoding=\"async\" class=\"\" src=\"https:\/\/myscentjourney.s3.us-east-2.amazonaws.com\/2022\/02\/14\/29KIascent_j_marca_1644871114_202.png\" alt=\"MSJ::LATTAFA\" width=\"78\" height=\"93\" \/><\/p>\n<h1>PLAY<\/h1>\n<h4><em>Un aroma atrevido, distintivo y divertido que irradia confianza.<\/em><\/h4>\n<p>Play es una nueva versi\u00f3n de 2024 Se presenta una fragancia unisex, dise\u00f1ada para quienes no tienen miedo de destacar y aman los aromas din\u00e1micos y vibrantes. Es una armon\u00eda de frutas y flores, envuelta en notas c\u00e1lidas, amaderadas y almizcladas, aportando exclusividad y una estela duradera.<\/p>\n<p>Play\u00a0es una fragancia que te invita a jugar con las emociones, disfrutar el momento e irradiar singularidad.<\/p>\n<p>&nbsp;<\/p>\n<h3>Notas Olfativas<\/h3>\n<p>&nbsp;<\/p>\n<section id=\"product-8933\" class=\"product-details-main product type-product post-8933 status-publish first instock product_cat-uncategorized-ar has-post-thumbnail featured taxable shipping-taxable purchasable product-type-simple\">\n<div class=\"container\">\n<div class=\"row\">\n<div class=\"col-md-6\">\n<div class=\"product-inner-details-main\">\n<div id=\"module\">\n<p id=\"collapseExample\" class=\"collapse show\" aria-expanded=\"false\"><span>PLAY para Ni\u00f1os es un Eau de Parfum aventurero que captura la esencia de la exploraci\u00f3n l\u00fadica. Se abre con una vibrante y c\u00edtrica combinaci\u00f3n de lim\u00f3n, mandarina y un toque de jengibre, que revitaliza al instante los sentidos con su alegre energ\u00eda. El coraz\u00f3n se despliega en una deliciosa mezcla de ciruela madura, ruibarbo \u00e1cido y suave violeta, complementada con la elegancia floral del jazm\u00edn, creando una experiencia vibrante y caprichosa. Al asentarse la fragancia, una c\u00e1lida base de maderas preciosas, \u00e1mbar y almizcle a\u00f1ade profundidad y riqueza, envolviendo a quien la lleva en un abrazo reconfortante. Este encantador aroma es perfecto para los m\u00e1s peque\u00f1os, inspir\u00e1ndolos a dar rienda suelta a su creatividad y disfrutar de cada momento de juego.<\/span><\/p>\n<div class=\"read-wrap\"><strong><span>Notas de salida:<\/span><\/strong><span> Lim\u00f3n, mandarina, jengibre.<\/span><br \/>\n<strong><span>Notas de coraz\u00f3n:<\/span><\/strong><span> Ciruela, ruibarbo, violeta, jazm\u00edn.<\/span><br \/>\n<strong><span>Notas de fondo:<\/span><\/strong><span> Maderas preciosas, \u00e1mbar, almizcle.<\/span><\/div>\n<\/div>\n<\/div>\n<\/div>\n<\/div>\n<\/div>\n<\/section>\n<section class=\"product-main related-products\">\n<div class=\"container\">\n<div class=\"heading-golden text-center\"><\/div>\n<\/div>\n<\/section>\n","protected":false},"excerpt":{"rendered":"<p>PLAY Un aroma atrevido, distintivo y divertido que irradia confianza. Play es una nueva versi\u00f3n de 2024 Se presenta una<\/p>\n","protected":false},"featured_media":85248,"comment_status":"open","ping_status":"closed","template":"","meta":{"nf_dc_page":""},"product_brand":[109],"product_cat":[84],"product_tag":[1513],"class_list":{"0":"post-85247","1":"product","2":"type-product","3":"status-publish","4":"has-post-thumbnail","6":"product_brand-lattafa","7":"product_cat-perfumeria","8":"product_tag-1513","10":"first","11":"outofstock","12":"shipping-taxable","13":"purchasable","14":"product-type-simple"},"_links":{"self":[{"href":"https:\/\/brandss.com.py\/index\/wp-json\/wp\/v2\/product\/85247","targetHints":{"allow":["GET"]}}],"collection":[{"href":"https:\/\/brandss.com.py\/index\/wp-json\/wp\/v2\/product"}],"about":[{"href":"https:\/\/brandss.com.py\/index\/wp-json\/wp\/v2\/types\/product"}],"replies":[{"embeddable":true,"href":"https:\/\/brandss.com.py\/index\/wp-json\/wp\/v2\/comments?post=85247"}],"version-history":[{"count":2,"href":"https:\/\/brandss.com.py\/index\/wp-json\/wp\/v2\/product\/85247\/revisions"}],"predecessor-version":[{"id":85260,"href":"https:\/\/brandss.com.py\/index\/wp-json\/wp\/v2\/product\/85247\/revisions\/85260"}],"wp:featuredmedia":[{"embeddable":true,"href":"https:\/\/brandss.com.py\/index\/wp-json\/wp\/v2\/media\/85248"}],"wp:attachment":[{"href":"https:\/\/brandss.com.py\/index\/wp-json\/wp\/v2\/media?parent=85247"}],"wp:term":[{"taxonomy":"product_brand","embeddable":true,"href":"https:\/\/brandss.com.py\/index\/wp-json\/wp\/v2\/product_brand?post=85247"},{"taxonomy":"product_cat","embeddable":true,"href":"https:\/\/brandss.com.py\/index\/wp-json\/wp\/v2\/product_cat?post=85247"},{"taxonomy":"product_tag","embeddable":true,"href":"https:\/\/brandss.com.py\/index\/wp-json\/wp\/v2\/product_tag?post=85247"}],"curies":[{"name":"wp","href":"https:\/\/api.w.org\/{rel}","templated":true}]}}