{"id":85261,"date":"2025-06-30T12:57:45","date_gmt":"2025-06-30T12:57:45","guid":{"rendered":"https:\/\/brandss.com.py\/index\/?post_type=product&#038;p=85261"},"modified":"2025-11-26T17:42:01","modified_gmt":"2025-11-26T17:42:01","slug":"perfume-infantil-lattafa-pride-sing-edp-75ml","status":"publish","type":"product","link":"https:\/\/brandss.com.py\/index\/producto\/perfume-infantil-lattafa-pride-sing-edp-75ml\/","title":{"rendered":"PERFUME INFANTIL LATTAFA PRIDE SING EDP 75ML"},"content":{"rendered":"<p><img loading=\"lazy\" decoding=\"async\" class=\"\" src=\"https:\/\/myscentjourney.s3.us-east-2.amazonaws.com\/2022\/02\/14\/29KIascent_j_marca_1644871114_202.png\" alt=\"MSJ::LATTAFA\" width=\"77\" height=\"91\" \/><\/p>\n<h1>SING<\/h1>\n<p>\u00a1Dale un toque m\u00e1gico a la rutina de tus peque\u00f1os con Lattafa Pride Kids Sing EDP! Esta fragancia es como un carnaval de colores y aromas que har\u00e1 que tus ni\u00f1os se sientan como verdaderos protagonistas de su propia aventura.<\/p>\n<p>\u00bfPor qu\u00e9 elegir Lattafa Pride Kids Sing?<\/p>\n<p>Porque la infancia merece ser celebrada con fragancias que reflejen su alegr\u00eda y magia. \u00a1No dejes pasar la oportunidad de hacer que tus hijos se sientan especiales cada d\u00eda!<\/p>\n<p>Sing by Lattafa Pride es una deliciosa fragancia hecha a mano para capturar la alegr\u00eda y la emoci\u00f3n de la infancia. Este Eau de Parfum est\u00e1 dise\u00f1ado para los j\u00f3venes que aman los aromas juguetones y dulces que encarnan su esp\u00edritu vivo. Con una mezcla de notas edificantes, suaves y c\u00e1lidas, Sing crea una experiencia perfecta para cada ocasi\u00f3n.<\/p>\n<p><img loading=\"lazy\" decoding=\"async\" class=\"alignleft\" src=\"https:\/\/www.intenseoud.com\/cdn\/shop\/files\/3_6238cad1-75c6-4166-ae2c-12ad05dfc85f.jpg?v=1731713316\" width=\"443\" height=\"443\" \/><\/p>\n<h3>Notas Olfativas<\/h3>\n<p>&nbsp;<\/p>\n<p>Sing es una fragancia que celebra la diversi\u00f3n y la maravilla de ser un ni\u00f1o, por lo que es un aroma ideal para los usuarios j\u00f3venes que quieren a\u00f1adir un toque de felicidad y dulzura a su d\u00eda.<\/p>\n<p>La fragancia se abre con una explosi\u00f3n energ\u00e9tica de dulzura, dise\u00f1ada para capturar la alegr\u00eda y la naturaleza l\u00fadica de la infancia. Las notas altas preparan el escenario para una experiencia brillante y feliz, llenando el aire de emoci\u00f3n y deleite. A medida que Sing se desarrolla, las notas del coraz\u00f3n revelan una capa suave y acogedora que envuelve al usuario en un suave abrazo. Esta fase intermedia es perfecta para usar todo el d\u00eda, ofreciendo un aroma sutil y reconfortante que permanece con ellos durante la escuela, el tiempo de juego u ocasiones especiales. Las notas de base proporcionan un acabado c\u00e1lido y acogedor, a\u00f1adiendo una sensaci\u00f3n de calma y seguridad. Estas notas suaves y duraderas crean un fondo reconfortante que deja una impresi\u00f3n encantadora y memorable.<\/p>\n<p><strong><span>Notas de salida:<\/span><\/strong><span> nardos.<\/span><br \/>\n<strong><span>Notas de coraz\u00f3n:<\/span><\/strong><span>\u00a0jazm\u00edn, pachul\u00ed.<\/span><br \/>\n<strong><span>Notas de fondo:<\/span><\/strong><span>\u00a0cedro, vainilla, almizcle.<\/span><\/p>\n","protected":false},"excerpt":{"rendered":"<p>SING \u00a1Dale un toque m\u00e1gico a la rutina de tus peque\u00f1os con Lattafa Pride Kids Sing EDP! Esta fragancia es<\/p>\n","protected":false},"featured_media":85262,"comment_status":"open","ping_status":"closed","template":"","meta":{"nf_dc_page":""},"product_brand":[109],"product_cat":[84],"product_tag":[1515],"class_list":{"0":"post-85261","1":"product","2":"type-product","3":"status-publish","4":"has-post-thumbnail","6":"product_brand-lattafa","7":"product_cat-perfumeria","8":"product_tag-1515","10":"first","11":"outofstock","12":"shipping-taxable","13":"purchasable","14":"product-type-simple"},"_links":{"self":[{"href":"https:\/\/brandss.com.py\/index\/wp-json\/wp\/v2\/product\/85261","targetHints":{"allow":["GET"]}}],"collection":[{"href":"https:\/\/brandss.com.py\/index\/wp-json\/wp\/v2\/product"}],"about":[{"href":"https:\/\/brandss.com.py\/index\/wp-json\/wp\/v2\/types\/product"}],"replies":[{"embeddable":true,"href":"https:\/\/brandss.com.py\/index\/wp-json\/wp\/v2\/comments?post=85261"}],"version-history":[{"count":1,"href":"https:\/\/brandss.com.py\/index\/wp-json\/wp\/v2\/product\/85261\/revisions"}],"predecessor-version":[{"id":85266,"href":"https:\/\/brandss.com.py\/index\/wp-json\/wp\/v2\/product\/85261\/revisions\/85266"}],"wp:featuredmedia":[{"embeddable":true,"href":"https:\/\/brandss.com.py\/index\/wp-json\/wp\/v2\/media\/85262"}],"wp:attachment":[{"href":"https:\/\/brandss.com.py\/index\/wp-json\/wp\/v2\/media?parent=85261"}],"wp:term":[{"taxonomy":"product_brand","embeddable":true,"href":"https:\/\/brandss.com.py\/index\/wp-json\/wp\/v2\/product_brand?post=85261"},{"taxonomy":"product_cat","embeddable":true,"href":"https:\/\/brandss.com.py\/index\/wp-json\/wp\/v2\/product_cat?post=85261"},{"taxonomy":"product_tag","embeddable":true,"href":"https:\/\/brandss.com.py\/index\/wp-json\/wp\/v2\/product_tag?post=85261"}],"curies":[{"name":"wp","href":"https:\/\/api.w.org\/{rel}","templated":true}]}}