{"id":85284,"date":"2025-06-30T16:24:04","date_gmt":"2025-06-30T16:24:04","guid":{"rendered":"https:\/\/brandss.com.py\/index\/?post_type=product&#038;p=85284"},"modified":"2026-03-23T17:01:52","modified_gmt":"2026-03-23T17:01:52","slug":"perfume-unisex-lattafa-pride-shaheen-silver-edp-100ml","status":"publish","type":"product","link":"https:\/\/brandss.com.py\/index\/producto\/perfume-unisex-lattafa-pride-shaheen-silver-edp-100ml\/","title":{"rendered":"PERFUME UNISEX LATTAFA PRIDE SHAHEEN SILVER EDP 100ML"},"content":{"rendered":"<p><img loading=\"lazy\" decoding=\"async\" class=\"\" src=\"https:\/\/myscentjourney.s3.us-east-2.amazonaws.com\/2022\/02\/14\/29KIascent_j_marca_1644871114_202.png\" alt=\"MSJ::LATTAFA\" width=\"106\" height=\"126\" \/><\/p>\n<h1>SHAHEEN SILVER<\/h1>\n<p>Es una fragancia fresca y elegante. Ideal para el uso diario y ocasiones especiales, este perfume destaca por su car\u00e1cter vers\u00e1til y cautivador, siendo perfecto para quienes buscan un aroma equilibrado y distintivo.<\/p>\n<p><span>Shaheen Silver es un testimonio de la fina artesan\u00eda y la atenci\u00f3n al detalle. Su vaporizador es perfecto para el d\u00eda a d\u00eda o para ocasiones especiales, lo que lo convierte en una adici\u00f3n vers\u00e1til a tu colecci\u00f3n de fragancias.<\/span><\/p>\n<p><span>Sum\u00e9rgete en la elegancia y el encanto de Shaheen Silver, con su combinaci\u00f3n \u00fanica de notas y su dise\u00f1o lujoso, esta fragancia se convertir\u00e1 en tu aroma distintivo. Descubre el encanto de Shaheen Silver y deja que su cautivador aroma realce tu presencia.<\/span><\/p>\n<p>Shaheen Silver es una fragancia que refleja la luminosidad de la luna y la profundidad de las estrellas. Una fragancia que te invita a un mundo donde la elegancia es atemporal y cada momento es un recuerdo que espera ser creado. Con su c\u00e1lida acogida y su encanto vers\u00e1til, Shaheen Silver es la compa\u00f1era perfecta para cualquier ocasi\u00f3n y hacer de cada momento algo inolvidable.<\/p>\n<p><img loading=\"lazy\" decoding=\"async\" class=\"alignleft\" src=\"https:\/\/glopcosmetics.cl\/cdn\/shop\/files\/FullSizeRender_3ca28316-1818-4420-94c6-71a9b434b9b9.jpg?v=1715315111&amp;width=800\" width=\"455\" height=\"498\" \/><\/p>\n<h3>Notas Olfativas<\/h3>\n<p>&nbsp;<\/p>\n<p>Shaheen Silver es una creaci\u00f3n olfativa de la marca Lattafa, lanzada al mercado en 2022. Esta fragancia pertenece a la familia olfativa Amaderada Floral y se presenta en concentraci\u00f3n Eau de Parfum. Dise\u00f1ada para Hombres y Mujeres, representa una sofisticada interpretaci\u00f3n dentro de esta familia olfativa.<\/p>\n<p><span>Desde la primera aplicaci\u00f3n, un radiante brillo de cassis te envuelve, su frutado de bayas oscuras se funde alegremente con la brillantez de la bergamota. Este encantador preludio es como un tel\u00f3n que prepara el escenario para un coraz\u00f3n que late de pasi\u00f3n.<\/span><br \/>\n<span>Una rosa aterciopelada florece en su centro, sus p\u00e9talos brillan con el roc\u00edo matutino. Este rom\u00e1ntico encanto floral se intensifica con el misterioso abrazo del pachul\u00ed, que desprende un aire de misticismo y encanto que es a la vez cautivador e hipn\u00f3tico.<\/span><br \/>\n<span>Pero a medida que los latidos del coraz\u00f3n se desvanecen, emerge el alma de Shaheen Silver. Una lujosa base de sensual almizcle se funde armoniosamente con la terrosa resiliencia del musgo de roble, evocando im\u00e1genes de bosques antiguos ba\u00f1ados por la luz de la luna. La c\u00e1lida y dorada calidez del \u00e1mbar acaricia los sentidos, dejando una fragancia duradera que es a la vez reconfortante y cautivadora.<\/span><\/p>\n<p><strong>Notas de salida:<\/strong> Bergamota, Casis (Grosellero Negro).<\/p>\n<p><strong>Notas de coraz\u00f3n:<\/strong> Pachul\u00ed, Rosa.<\/p>\n<p><strong>Notas de fondo:<\/strong> Musgo de Roble, Almizcle, \u00c1mbar.<\/p>\n","protected":false},"excerpt":{"rendered":"<p>SHAHEEN SILVER Es una fragancia fresca y elegante. Ideal para el uso diario y ocasiones especiales, este perfume destaca por<\/p>\n","protected":false},"featured_media":85285,"comment_status":"open","ping_status":"closed","template":"","meta":{"nf_dc_page":""},"product_brand":[],"product_cat":[84],"product_tag":[],"class_list":{"0":"post-85284","1":"product","2":"type-product","3":"status-publish","4":"has-post-thumbnail","6":"product_cat-perfumeria","8":"first","9":"outofstock","10":"shipping-taxable","11":"purchasable","12":"product-type-simple"},"_links":{"self":[{"href":"https:\/\/brandss.com.py\/index\/wp-json\/wp\/v2\/product\/85284","targetHints":{"allow":["GET"]}}],"collection":[{"href":"https:\/\/brandss.com.py\/index\/wp-json\/wp\/v2\/product"}],"about":[{"href":"https:\/\/brandss.com.py\/index\/wp-json\/wp\/v2\/types\/product"}],"replies":[{"embeddable":true,"href":"https:\/\/brandss.com.py\/index\/wp-json\/wp\/v2\/comments?post=85284"}],"version-history":[{"count":1,"href":"https:\/\/brandss.com.py\/index\/wp-json\/wp\/v2\/product\/85284\/revisions"}],"predecessor-version":[{"id":85290,"href":"https:\/\/brandss.com.py\/index\/wp-json\/wp\/v2\/product\/85284\/revisions\/85290"}],"wp:featuredmedia":[{"embeddable":true,"href":"https:\/\/brandss.com.py\/index\/wp-json\/wp\/v2\/media\/85285"}],"wp:attachment":[{"href":"https:\/\/brandss.com.py\/index\/wp-json\/wp\/v2\/media?parent=85284"}],"wp:term":[{"taxonomy":"product_brand","embeddable":true,"href":"https:\/\/brandss.com.py\/index\/wp-json\/wp\/v2\/product_brand?post=85284"},{"taxonomy":"product_cat","embeddable":true,"href":"https:\/\/brandss.com.py\/index\/wp-json\/wp\/v2\/product_cat?post=85284"},{"taxonomy":"product_tag","embeddable":true,"href":"https:\/\/brandss.com.py\/index\/wp-json\/wp\/v2\/product_tag?post=85284"}],"curies":[{"name":"wp","href":"https:\/\/api.w.org\/{rel}","templated":true}]}}