{"id":85291,"date":"2025-06-30T16:56:47","date_gmt":"2025-06-30T16:56:47","guid":{"rendered":"https:\/\/brandss.com.py\/index\/?post_type=product&#038;p=85291"},"modified":"2025-11-26T17:46:46","modified_gmt":"2025-11-26T17:46:46","slug":"perfume-infantil-lattafa-stop-wait-go-edp-75ml","status":"publish","type":"product","link":"https:\/\/brandss.com.py\/index\/producto\/perfume-infantil-lattafa-stop-wait-go-edp-75ml\/","title":{"rendered":"PERFUME INFANTIL LATTAFA PRIDE STOP WAIT GO EDP 75ML"},"content":{"rendered":"<p><img loading=\"lazy\" decoding=\"async\" class=\"\" src=\"https:\/\/myscentjourney.s3.us-east-2.amazonaws.com\/2022\/02\/14\/29KIascent_j_marca_1644871114_202.png\" alt=\"MSJ::LATTAFA\" width=\"101\" height=\"120\" \/><\/p>\n<h1>STOP WAIT GO<\/h1>\n<p>Este perfume para ni\u00f1os es un Eau de Parfum caprichoso que encapsula a la perfecci\u00f3n la emoci\u00f3n de las aventuras infantiles. Este encantador aroma invita a los peque\u00f1os a detenerse, disfrutar y explorar el mundo que los rodea, haciendo que cada momento se sienta como un viaje encantador.<\/p>\n<p><img loading=\"lazy\" decoding=\"async\" class=\"alignleft\" src=\"https:\/\/www.intenseoud.com\/cdn\/shop\/files\/3_8c2da21a-0d24-4c8a-bf3d-4f95b73505e3.jpg?v=1731693752\" width=\"477\" height=\"477\" \/><\/p>\n<h3>\nNotas Olfativas<\/h3>\n<p>&nbsp;<\/p>\n<p>Es una fragancia de la familia olfativa Floral Frutal Gourmand para ni\u00f1os. Creada para envolver a los ni\u00f1os con fragancias delicadas y seguras, celebra la inocencia y la alegr\u00eda de la infancia. Comienza con un delicioso tr\u00edo de jugoso melocot\u00f3n, relajante lavanda y crujiente pera, creando una salida fresca y afrutada que despierta la alegr\u00eda. El coraz\u00f3n revela una exquisita mezcla de pralin\u00e9, delicada orqu\u00eddea y cremoso coco, aportando una dulce y floral riqueza que cautiva la imaginaci\u00f3n. A medida que la fragancia se desarrolla, emerge una c\u00e1lida base de almizcle, \u00e1mbar y s\u00e1ndalo, envolviendo a quien la lleva en un abrazo acogedor que perdura suavemente en la piel.<\/p>\n<p>&nbsp;<\/p>\n<p>&nbsp;<\/p>\n<p>&nbsp;<\/p>\n<p><span><strong>Notas de salida:<\/strong> pera, melocot\u00f3n, lavanda.<\/p>\n<p><\/span><\/p>\n<p><span><strong>Notas de coraz\u00f3n:<\/strong> coco, pralin\u00e9, orqu\u00eddea.<\/p>\n<p><\/span><\/p>\n<p><span><strong>Notas de fondo:<\/strong> \u00c1mbar, Almizcle, S\u00e1ndalo<\/span><\/p>\n","protected":false},"excerpt":{"rendered":"<p>STOP WAIT GO Este perfume para ni\u00f1os es un Eau de Parfum caprichoso que encapsula a la perfecci\u00f3n la emoci\u00f3n<\/p>\n","protected":false},"featured_media":85292,"comment_status":"open","ping_status":"closed","template":"","meta":{"nf_dc_page":""},"product_brand":[109],"product_cat":[84],"product_tag":[1516],"class_list":{"0":"post-85291","1":"product","2":"type-product","3":"status-publish","4":"has-post-thumbnail","6":"product_brand-lattafa","7":"product_cat-perfumeria","8":"product_tag-1516","10":"first","11":"outofstock","12":"shipping-taxable","13":"purchasable","14":"product-type-simple"},"_links":{"self":[{"href":"https:\/\/brandss.com.py\/index\/wp-json\/wp\/v2\/product\/85291","targetHints":{"allow":["GET"]}}],"collection":[{"href":"https:\/\/brandss.com.py\/index\/wp-json\/wp\/v2\/product"}],"about":[{"href":"https:\/\/brandss.com.py\/index\/wp-json\/wp\/v2\/types\/product"}],"replies":[{"embeddable":true,"href":"https:\/\/brandss.com.py\/index\/wp-json\/wp\/v2\/comments?post=85291"}],"version-history":[{"count":2,"href":"https:\/\/brandss.com.py\/index\/wp-json\/wp\/v2\/product\/85291\/revisions"}],"predecessor-version":[{"id":94227,"href":"https:\/\/brandss.com.py\/index\/wp-json\/wp\/v2\/product\/85291\/revisions\/94227"}],"wp:featuredmedia":[{"embeddable":true,"href":"https:\/\/brandss.com.py\/index\/wp-json\/wp\/v2\/media\/85292"}],"wp:attachment":[{"href":"https:\/\/brandss.com.py\/index\/wp-json\/wp\/v2\/media?parent=85291"}],"wp:term":[{"taxonomy":"product_brand","embeddable":true,"href":"https:\/\/brandss.com.py\/index\/wp-json\/wp\/v2\/product_brand?post=85291"},{"taxonomy":"product_cat","embeddable":true,"href":"https:\/\/brandss.com.py\/index\/wp-json\/wp\/v2\/product_cat?post=85291"},{"taxonomy":"product_tag","embeddable":true,"href":"https:\/\/brandss.com.py\/index\/wp-json\/wp\/v2\/product_tag?post=85291"}],"curies":[{"name":"wp","href":"https:\/\/api.w.org\/{rel}","templated":true}]}}