{"id":85297,"date":"2025-06-30T17:46:44","date_gmt":"2025-06-30T17:46:44","guid":{"rendered":"https:\/\/brandss.com.py\/index\/?post_type=product&#038;p=85297"},"modified":"2025-11-26T17:32:42","modified_gmt":"2025-11-26T17:32:42","slug":"perfume-infantil-lattafa-happy-brush-edp-75ml","status":"publish","type":"product","link":"https:\/\/brandss.com.py\/index\/producto\/perfume-infantil-lattafa-happy-brush-edp-75ml\/","title":{"rendered":"PERFUME INFANTIL LATTAFA HAPPY BRUSH EDP 75ML"},"content":{"rendered":"<p><img loading=\"lazy\" decoding=\"async\" class=\"\" src=\"https:\/\/myscentjourney.s3.us-east-2.amazonaws.com\/2022\/02\/14\/29KIascent_j_marca_1644871114_202.png\" alt=\"MSJ::LATTAFA\" width=\"94\" height=\"112\" \/><\/p>\n<h1>HAPPY BRUSH<\/h1>\n<h4><em>Dulce Trazo de Vida<\/em><\/h4>\n<p><span>Presentamos el maravilloso mundo de la \u00faltima creaci\u00f3n de Lattafa,\u00a0<\/span>Happy Brush<span>. Lanzada en 2024, esta fragancia unisex forma parte de la c\u00e9lebre Colecci\u00f3n Pride, dise\u00f1ada para que cada momento sea especial. Con su exclusiva mezcla de aromas, Happy Brush es perfecto para ni\u00f1os que disfrutan explorando y expresando su individualidad a trav\u00e9s de las fragancias.<\/span><\/p>\n<p><span>Disponible en un pr\u00e1ctico vaporizador<\/span><span>, Happy Brush es perfecto para aventuras en movimiento, asegurando que tu hijo lleve consigo un trocito de felicidad a donde quiera que vaya. Una fragancia que se dirige a todos los g\u00e9neros, fomenta la libertad de expresi\u00f3n y la alegr\u00eda de descubrir.<\/span><\/p>\n<p><span>Deja que tu hijo experimente la alegr\u00eda de Happy Brush, una fragancia que celebra la belleza de la juventud y el poder de la positividad. Disfruta del delicioso aroma de Happy Brush de Lattafa y convi\u00e9rtelo en un elemento esencial de su rutina diaria.<\/span><\/p>\n<p><img loading=\"lazy\" decoding=\"async\" class=\"alignleft\" src=\"https:\/\/www.intenseoud.com\/cdn\/shop\/files\/4_3504ffc9-fabe-495a-9f5e-9a31aa24583e.jpg?v=1731534401\" width=\"518\" height=\"518\" \/><\/p>\n<h3>Notas Olfativas<\/h3>\n<p>&nbsp;<\/p>\n<p><span>Como miembro de la familia\u00a0<\/span>Floral Frutal Gourmand, Happy Brush se abre con una explosi\u00f3n de notas de salida frescas y jugosas, que incluyen\u00a0pi\u00f1a, frambuesa\u00a0y\u00a0melocot\u00f3n. Esta vibrante combinaci\u00f3n crea un tono alegre, capturando la esencia de la juventud y la alegr\u00eda. En el coraz\u00f3n, la fragancia contin\u00faa cautivando con el dulce y atractivo aroma de la\u00a0frambuesa, creando una transici\u00f3n fluida hacia las reconfortantes notas de fondo.<\/p>\n<p>La base de Happy Brush es una c\u00e1lida mezcla de\u00a0vainilla\u00a0y\u00a0caramelo<span>, que ofrece un acabado deliciosamente suave que perdura en la piel. E<\/span><span>sta fragancia es un testimonio de su experiencia en la creaci\u00f3n de aromas cautivadores que trascienden fronteras y culturas.<\/span><\/p>\n<p><strong><span>Notas de salida:<\/span><\/strong><span>\u00a0melocot\u00f3n, pi\u00f1a, frambuesa.<\/span><br \/>\n<strong><span>Notas de coraz\u00f3n:<\/span><\/strong><span> frambuesa.<\/span><br \/>\n<strong><span>Notas de fondo:<\/span><\/strong><span>\u00a0vainilla, caramelo.<\/span><\/p>\n","protected":false},"excerpt":{"rendered":"<p>HAPPY BRUSH Dulce Trazo de Vida Presentamos el maravilloso mundo de la \u00faltima creaci\u00f3n de Lattafa,\u00a0Happy Brush. Lanzada en 2024,<\/p>\n","protected":false},"featured_media":85298,"comment_status":"open","ping_status":"closed","template":"","meta":{"nf_dc_page":""},"product_brand":[109],"product_cat":[84],"product_tag":[1511],"class_list":{"0":"post-85297","1":"product","2":"type-product","3":"status-publish","4":"has-post-thumbnail","6":"product_brand-lattafa","7":"product_cat-perfumeria","8":"product_tag-1511","10":"first","11":"outofstock","12":"shipping-taxable","13":"purchasable","14":"product-type-simple"},"_links":{"self":[{"href":"https:\/\/brandss.com.py\/index\/wp-json\/wp\/v2\/product\/85297","targetHints":{"allow":["GET"]}}],"collection":[{"href":"https:\/\/brandss.com.py\/index\/wp-json\/wp\/v2\/product"}],"about":[{"href":"https:\/\/brandss.com.py\/index\/wp-json\/wp\/v2\/types\/product"}],"replies":[{"embeddable":true,"href":"https:\/\/brandss.com.py\/index\/wp-json\/wp\/v2\/comments?post=85297"}],"version-history":[{"count":1,"href":"https:\/\/brandss.com.py\/index\/wp-json\/wp\/v2\/product\/85297\/revisions"}],"predecessor-version":[{"id":85302,"href":"https:\/\/brandss.com.py\/index\/wp-json\/wp\/v2\/product\/85297\/revisions\/85302"}],"wp:featuredmedia":[{"embeddable":true,"href":"https:\/\/brandss.com.py\/index\/wp-json\/wp\/v2\/media\/85298"}],"wp:attachment":[{"href":"https:\/\/brandss.com.py\/index\/wp-json\/wp\/v2\/media?parent=85297"}],"wp:term":[{"taxonomy":"product_brand","embeddable":true,"href":"https:\/\/brandss.com.py\/index\/wp-json\/wp\/v2\/product_brand?post=85297"},{"taxonomy":"product_cat","embeddable":true,"href":"https:\/\/brandss.com.py\/index\/wp-json\/wp\/v2\/product_cat?post=85297"},{"taxonomy":"product_tag","embeddable":true,"href":"https:\/\/brandss.com.py\/index\/wp-json\/wp\/v2\/product_tag?post=85297"}],"curies":[{"name":"wp","href":"https:\/\/api.w.org\/{rel}","templated":true}]}}