{"id":85303,"date":"2025-06-30T18:25:26","date_gmt":"2025-06-30T18:25:26","guid":{"rendered":"https:\/\/brandss.com.py\/index\/?post_type=product&#038;p=85303"},"modified":"2026-03-28T16:20:40","modified_gmt":"2026-03-28T16:20:40","slug":"perfume-unisex-lattafa-pride-art-of-wood-edp-100ml","status":"publish","type":"product","link":"https:\/\/brandss.com.py\/index\/producto\/perfume-unisex-lattafa-pride-art-of-wood-edp-100ml\/","title":{"rendered":"PERFUME UNISEX LATTAFA PRIDE ART OF WOOD EDP 100ML"},"content":{"rendered":"<p><img loading=\"lazy\" decoding=\"async\" class=\"\" src=\"https:\/\/myscentjourney.s3.us-east-2.amazonaws.com\/2022\/02\/14\/29KIascent_j_marca_1644871114_202.png\" alt=\"MSJ::LATTAFA\" width=\"98\" height=\"116\" \/><\/p>\n<h1>ART OF WOOD<\/h1>\n<h5 class=\"h1\"><em>Una expresi\u00f3n \u00fanica de lujo y refinamiento<\/em><\/h5>\n<div>\n<p><span class=\"metafield-multi_line_text_field\">Sum\u00e9rgete en un viaje olfativo inolvidable con Art of Wood, una fragancia que celebra la elegancia y profundidad de las maderas preciosas. Esta fragancia es una verdadera declaraci\u00f3n de estilo, que combina tradici\u00f3n oriental y modernidad, dise\u00f1ada para aquellos que quieren dejar una huella sofisticada dondequiera que vayan.<br \/>\n<\/span><\/p>\n<h5>Una fragancia ic\u00f3nica:<\/h5>\n<p>Art of Wood es la encarnaci\u00f3n perfecta de la riqueza y el encanto de las maderas preciosas.<\/p>\n<h5>Dise\u00f1o refinado:<\/h5>\n<p>El elegante frasco refleja la esencia de su contenido, lo que convierte a este perfume en una excelente opci\u00f3n para regalar o completar una colecci\u00f3n personal.<\/p>\n<h5>Vers\u00e1til y atemporal:<\/h5>\n<p>Ideal para todas las estaciones y ocasiones, este perfume es un aliado para quienes quieren impactar con estilo y elegancia.<\/p>\n<p>D\u00e9jate seducir por Art of Wood de Lattafa, una fragancia que envuelve a quien la porta con un aura de lujo y misterio. A\u00f1ade esta joya olfativa a tu d\u00eda a d\u00eda y descubre el arte de la madera a trav\u00e9s de una fragancia \u00fanica y cautivadora.<\/p>\n<p><img decoding=\"async\" class=\"alignleft\" src=\"https:\/\/balade-orientale.com\/cdn\/shop\/files\/art-of-wood-lattafa-pride-100ml.png?v=1732664047&amp;width=400\" \/><\/p>\n<h3>Notas Olfativas<\/h3>\n<p>&nbsp;<\/p>\n<p><span>Esta fragancia se abre con una explosi\u00f3n brillante y en\u00e9rgica de bergamota, pimienta rosa y pomelo, ofreciendo un toque c\u00edtrico-especiado, fresco y vigorizante. En el coraz\u00f3n, la rosa y el pachul\u00ed crean un rico acorde floral-amaderado, enraizado en la sutil elegancia de la madera de cedro.<\/span><\/p>\n<p><span>La base aporta profundidad y calidez con vetiver, musgo de roble y un suave toque de vainilla. Perfecta para quienes aprecian una refinada combinaci\u00f3n de c\u00edtricos, maderas y flores con un acabado atemporal y refinado.<\/span><\/p>\n<p><strong><span>Notas de salida:\u00a0<\/span><\/strong><span>\u00a0bergamota, pimienta rosa, pomelo.<br \/>\n<\/span><br \/>\n<strong><span>Notas de coraz\u00f3n:<\/span><\/strong><span>\u00a0rosa, pachul\u00ed, madera de cedro.<br \/>\n<\/span><br \/>\n<strong><span>Notas de fondo:<\/span><\/strong><span>\u00a0vetiver, musgo de roble, vainilla.<\/span><\/p>\n<\/div>\n","protected":false},"excerpt":{"rendered":"<p>ART OF WOOD Una expresi\u00f3n \u00fanica de lujo y refinamiento Sum\u00e9rgete en un viaje olfativo inolvidable con Art of Wood,<\/p>\n","protected":false},"featured_media":85304,"comment_status":"open","ping_status":"closed","template":"","meta":{"nf_dc_page":""},"product_brand":[],"product_cat":[84],"product_tag":[],"class_list":{"0":"post-85303","1":"product","2":"type-product","3":"status-publish","4":"has-post-thumbnail","6":"product_cat-perfumeria","8":"first","9":"outofstock","10":"shipping-taxable","11":"purchasable","12":"product-type-simple"},"_links":{"self":[{"href":"https:\/\/brandss.com.py\/index\/wp-json\/wp\/v2\/product\/85303","targetHints":{"allow":["GET"]}}],"collection":[{"href":"https:\/\/brandss.com.py\/index\/wp-json\/wp\/v2\/product"}],"about":[{"href":"https:\/\/brandss.com.py\/index\/wp-json\/wp\/v2\/types\/product"}],"replies":[{"embeddable":true,"href":"https:\/\/brandss.com.py\/index\/wp-json\/wp\/v2\/comments?post=85303"}],"version-history":[{"count":1,"href":"https:\/\/brandss.com.py\/index\/wp-json\/wp\/v2\/product\/85303\/revisions"}],"predecessor-version":[{"id":85311,"href":"https:\/\/brandss.com.py\/index\/wp-json\/wp\/v2\/product\/85303\/revisions\/85311"}],"wp:featuredmedia":[{"embeddable":true,"href":"https:\/\/brandss.com.py\/index\/wp-json\/wp\/v2\/media\/85304"}],"wp:attachment":[{"href":"https:\/\/brandss.com.py\/index\/wp-json\/wp\/v2\/media?parent=85303"}],"wp:term":[{"taxonomy":"product_brand","embeddable":true,"href":"https:\/\/brandss.com.py\/index\/wp-json\/wp\/v2\/product_brand?post=85303"},{"taxonomy":"product_cat","embeddable":true,"href":"https:\/\/brandss.com.py\/index\/wp-json\/wp\/v2\/product_cat?post=85303"},{"taxonomy":"product_tag","embeddable":true,"href":"https:\/\/brandss.com.py\/index\/wp-json\/wp\/v2\/product_tag?post=85303"}],"curies":[{"name":"wp","href":"https:\/\/api.w.org\/{rel}","templated":true}]}}