{"id":85312,"date":"2025-06-30T18:53:19","date_gmt":"2025-06-30T18:53:19","guid":{"rendered":"https:\/\/brandss.com.py\/index\/?post_type=product&#038;p=85312"},"modified":"2026-03-28T16:20:40","modified_gmt":"2026-03-28T16:20:40","slug":"perfume-unisex-lattafa-pride-kashan-edp-100ml","status":"publish","type":"product","link":"https:\/\/brandss.com.py\/index\/producto\/perfume-unisex-lattafa-pride-kashan-edp-100ml\/","title":{"rendered":"PERFUME UNISEX LATTAFA PRIDE KASHAN EDP 100ML"},"content":{"rendered":"<p><img loading=\"lazy\" decoding=\"async\" class=\"\" src=\"https:\/\/myscentjourney.s3.us-east-2.amazonaws.com\/2022\/02\/14\/29KIascent_j_marca_1644871114_202.png\" alt=\"MSJ::LATTAFA\" width=\"92\" height=\"109\" \/><\/p>\n<h1>KASHAN<\/h1>\n<h4><em>Un viaje vibrante a trav\u00e9s de notas especiadas, frutales y amaderadas.<\/em><\/h4>\n<p>Lattafa Perfumes, famosa por sus creaciones atractivas y asequibles, presenta Lattafa Kashan Edp. Un perfume que representa un viaje vibrante a trav\u00e9s de una sinfon\u00eda de notas especiadas, frutales y amaderadas. Esta intrigante fragancia est\u00e1 dise\u00f1ada tanto para hombres como para mujeres que aprecian un aroma din\u00e1mico y en\u00e9rgico con un toque de sofisticaci\u00f3n. Kashan es un perfume que desaf\u00eda cualquier clasificaci\u00f3n f\u00e1cil. Es una mezcla magistral de elementos contrastantes que, por ejemplo, crean un equilibrio armonioso que es a la vez vigorizante y duradero.<\/p>\n<p><strong>Este perfume es imprescindible para:<\/strong><\/p>\n<ul>\n<li>Aquellos que aprecian los aromas con un car\u00e1cter din\u00e1mico y en\u00e9rgico.<\/li>\n<li>Fan\u00e1ticos de los aromas especiados, frutales y amaderados.<\/li>\n<li>Expertos en perfumes que buscan un aroma vers\u00e1til que pueda usarse de d\u00eda o de noche.<\/li>\n<li>Cualquier persona que disfrute de aromas que sean a la vez vigorizantes y sofisticados.<\/li>\n<\/ul>\n<h2>Notas Olfativas<\/h2>\n<p><b>Kashan<\/b>\u00a0de\u00a0<b>Lattafa Perfumes<\/b>\u00a0es una fragancia de la familia olfativa Amaderada Arom\u00e1tica para Hombres y Mujeres. Esta fragrancia es nueva.\u00a0<b>Kashan<\/b> se lanz\u00f3 en 2024. Comienza tu viaje sensorial con las vigorizantes notas de salida de salvia esclarea, pimienta y un toque de naranja. Estos vibrantes elementos abren paso a un coraz\u00f3n de cachemira, ambroxan y frambuesa, creando una capa intermedia rica y texturizada que deleita los sentidos. Finalmente, la fragancia se asienta en una base c\u00e1lida y terrosa de s\u00e1ndalo, vetiver y almizcle, dejando una impresi\u00f3n duradera, a la vez relajante y sofisticada.<\/p>\n<ul>\n<li><strong>Notas de salida:<\/strong>\u00a0salvia, pimienta, naranja.<\/li>\n<li><strong>Notas de coraz\u00f3n:<\/strong>\u00a0Cachemira, Ambroxan, Frambuesa.<\/li>\n<li><strong>Notas de fondo:<\/strong>\u00a0S\u00e1ndalo, vetiver, almizcle.<\/li>\n<\/ul>\n","protected":false},"excerpt":{"rendered":"<p>KASHAN Un viaje vibrante a trav\u00e9s de notas especiadas, frutales y amaderadas. Lattafa Perfumes, famosa por sus creaciones atractivas y<\/p>\n","protected":false},"featured_media":85313,"comment_status":"open","ping_status":"closed","template":"","meta":{"nf_dc_page":""},"product_brand":[],"product_cat":[84],"product_tag":[],"class_list":{"0":"post-85312","1":"product","2":"type-product","3":"status-publish","4":"has-post-thumbnail","6":"product_cat-perfumeria","8":"first","9":"outofstock","10":"shipping-taxable","11":"purchasable","12":"product-type-simple"},"_links":{"self":[{"href":"https:\/\/brandss.com.py\/index\/wp-json\/wp\/v2\/product\/85312","targetHints":{"allow":["GET"]}}],"collection":[{"href":"https:\/\/brandss.com.py\/index\/wp-json\/wp\/v2\/product"}],"about":[{"href":"https:\/\/brandss.com.py\/index\/wp-json\/wp\/v2\/types\/product"}],"replies":[{"embeddable":true,"href":"https:\/\/brandss.com.py\/index\/wp-json\/wp\/v2\/comments?post=85312"}],"version-history":[{"count":2,"href":"https:\/\/brandss.com.py\/index\/wp-json\/wp\/v2\/product\/85312\/revisions"}],"predecessor-version":[{"id":85318,"href":"https:\/\/brandss.com.py\/index\/wp-json\/wp\/v2\/product\/85312\/revisions\/85318"}],"wp:featuredmedia":[{"embeddable":true,"href":"https:\/\/brandss.com.py\/index\/wp-json\/wp\/v2\/media\/85313"}],"wp:attachment":[{"href":"https:\/\/brandss.com.py\/index\/wp-json\/wp\/v2\/media?parent=85312"}],"wp:term":[{"taxonomy":"product_brand","embeddable":true,"href":"https:\/\/brandss.com.py\/index\/wp-json\/wp\/v2\/product_brand?post=85312"},{"taxonomy":"product_cat","embeddable":true,"href":"https:\/\/brandss.com.py\/index\/wp-json\/wp\/v2\/product_cat?post=85312"},{"taxonomy":"product_tag","embeddable":true,"href":"https:\/\/brandss.com.py\/index\/wp-json\/wp\/v2\/product_tag?post=85312"}],"curies":[{"name":"wp","href":"https:\/\/api.w.org\/{rel}","templated":true}]}}