{"id":85335,"date":"2025-07-01T13:21:37","date_gmt":"2025-07-01T13:21:37","guid":{"rendered":"https:\/\/brandss.com.py\/index\/?post_type=product&#038;p=85335"},"modified":"2026-03-28T16:19:36","modified_gmt":"2026-03-28T16:19:36","slug":"perfume-unisex-lattafa-pride-raw-human-edp-100ml","status":"publish","type":"product","link":"https:\/\/brandss.com.py\/index\/producto\/perfume-unisex-lattafa-pride-raw-human-edp-100ml\/","title":{"rendered":"PERFUME UNISEX LATTAFA PRIDE RAW HUMAN EDP 100ML"},"content":{"rendered":"<p><img loading=\"lazy\" decoding=\"async\" class=\"\" src=\"https:\/\/myscentjourney.s3.us-east-2.amazonaws.com\/2022\/02\/14\/29KIascent_j_marca_1644871114_202.png\" alt=\"MSJ::LATTAFA\" width=\"83\" height=\"99\" \/><\/p>\n<h1>RAW HUMAN<\/h1>\n<h5><em>La naturaleza valiente y sensible del hombre<\/em><\/h5>\n<p><strong><em>Una fragancia que refleja la naturaleza multifac\u00e9tica del hombre: audaz, sensual y misteriosa.<\/em><\/strong><\/p>\n<p><span class=\"notranslate\">Raw Human<\/span>\u00a0es una fragancia para quienes buscan exclusividad y quieren enfatizar su car\u00e1cter \u00fanico. Esta fragancia es una combinaci\u00f3n seductora e hipn\u00f3tica que combina ricas notas frutales, el encanto de la rara flor de Osmanthus y acordes ahumados profundos y sensuales.<\/p>\n<p><img loading=\"lazy\" decoding=\"async\" class=\"alignleft\" src=\"https:\/\/m.media-amazon.com\/images\/S\/aplus-media-library-service-media\/f8e024e8-e229-4bd1-999f-1a82432671ec.__CR0,0,970,600_PT0_SX970_V1___.png\" width=\"567\" height=\"351\" \/><\/p>\n<p>Este perfume captura la esencia del deseo puro y la atracci\u00f3n natural, lo que lo convierte en la elecci\u00f3n perfecta para quienes buscan una fragancia que encarne la belleza de la intimidad y la conexi\u00f3n humana. Esta fragancia captura la pureza y la frescura de la conexi\u00f3n humana, record\u00e1ndote la belleza intr\u00ednseca de ser aut\u00e9ntico. Descubre la armon\u00eda perfecta entre lo natural y lo seductor en cada gota de Raw Human, una experiencia olfativa que celebra tu singularidad. Eleva tu presencia y despierta el encanto genuino que reside en ti. Con Raw Human, cada fragancia es una afirmaci\u00f3n de tu atractivo innato y la expresi\u00f3n m\u00e1s pura de tu ser!!!<\/p>\n<p>&nbsp;<\/p>\n<h3>Notas Olfativas<\/h3>\n<p>Raw Human de Lattafa Perfumes es una fragancia de la familia olfativa Oriental para Hombres y Mujeres. Esta fragrancia es nueva. Raw Human se lanz\u00f3 en 2024. Raw Human es una fragancia que celebra los aspectos primarios y apasionados de la naturaleza humana. Entreteje el encanto especiado de la pimienta rosa, la seductora dulzura del albaricoque y la oscura sensualidad de la ciruela para crear un aroma seductor y enigm\u00e1tico. Las notas de coraz\u00f3n est\u00e1n dominadas por Osmanthus , una flor rara e incre\u00edblemente seductora cuyo aroma tiene matices sutiles de cuero, frutas y flores. A\u00f1ade elegancia y misterio a la fragancia, d\u00e1ndole una profundidad especial. La base de la fragancia se compone de humo de ol\u00edbano\u00a0sensual y c\u00e1lido, que crea una atm\u00f3sfera misteriosa y espiritual. Las notas\u00a0de cuero\u00a0a\u00f1aden una riqueza refinada, mientras que\u00a0el styrax\u00a0proporciona una resinosidad profunda y una calidez sensual, lo que garantiza un aroma duradero y magn\u00e9ticamente atractivo.<\/p>\n<ul>\n<li><strong>Notas de salida:<\/strong>\u00a0albaricoques, ciruelas, pimienta rosa.<\/li>\n<li><strong>Notas de coraz\u00f3n:<\/strong> osmanto.<\/li>\n<li><strong>Notas de fondo:<\/strong>\u00a0ol\u00edbano, cuero, styrax.<\/li>\n<\/ul>\n","protected":false},"excerpt":{"rendered":"<p>RAW HUMAN La naturaleza valiente y sensible del hombre Una fragancia que refleja la naturaleza multifac\u00e9tica del hombre: audaz, sensual<\/p>\n","protected":false},"featured_media":85336,"comment_status":"open","ping_status":"closed","template":"","meta":{"nf_dc_page":""},"product_brand":[],"product_cat":[84],"product_tag":[],"class_list":{"0":"post-85335","1":"product","2":"type-product","3":"status-publish","4":"has-post-thumbnail","6":"product_cat-perfumeria","8":"first","9":"outofstock","10":"shipping-taxable","11":"purchasable","12":"product-type-simple"},"_links":{"self":[{"href":"https:\/\/brandss.com.py\/index\/wp-json\/wp\/v2\/product\/85335","targetHints":{"allow":["GET"]}}],"collection":[{"href":"https:\/\/brandss.com.py\/index\/wp-json\/wp\/v2\/product"}],"about":[{"href":"https:\/\/brandss.com.py\/index\/wp-json\/wp\/v2\/types\/product"}],"replies":[{"embeddable":true,"href":"https:\/\/brandss.com.py\/index\/wp-json\/wp\/v2\/comments?post=85335"}],"version-history":[{"count":1,"href":"https:\/\/brandss.com.py\/index\/wp-json\/wp\/v2\/product\/85335\/revisions"}],"predecessor-version":[{"id":85343,"href":"https:\/\/brandss.com.py\/index\/wp-json\/wp\/v2\/product\/85335\/revisions\/85343"}],"wp:featuredmedia":[{"embeddable":true,"href":"https:\/\/brandss.com.py\/index\/wp-json\/wp\/v2\/media\/85336"}],"wp:attachment":[{"href":"https:\/\/brandss.com.py\/index\/wp-json\/wp\/v2\/media?parent=85335"}],"wp:term":[{"taxonomy":"product_brand","embeddable":true,"href":"https:\/\/brandss.com.py\/index\/wp-json\/wp\/v2\/product_brand?post=85335"},{"taxonomy":"product_cat","embeddable":true,"href":"https:\/\/brandss.com.py\/index\/wp-json\/wp\/v2\/product_cat?post=85335"},{"taxonomy":"product_tag","embeddable":true,"href":"https:\/\/brandss.com.py\/index\/wp-json\/wp\/v2\/product_tag?post=85335"}],"curies":[{"name":"wp","href":"https:\/\/api.w.org\/{rel}","templated":true}]}}