{"id":85353,"date":"2025-07-01T14:39:07","date_gmt":"2025-07-01T14:39:07","guid":{"rendered":"https:\/\/brandss.com.py\/index\/?post_type=product&#038;p=85353"},"modified":"2026-03-28T16:19:36","modified_gmt":"2026-03-28T16:19:36","slug":"perfume-femenino-lattafa-thameen-collection-musk-candy-rose-edp-100ml","status":"publish","type":"product","link":"https:\/\/brandss.com.py\/index\/producto\/perfume-femenino-lattafa-thameen-collection-musk-candy-rose-edp-100ml\/","title":{"rendered":"PERFUME FEMENINO LATTAFA THAMEEN COLLECTION MUSK CANDY ROSE EDP 100ML"},"content":{"rendered":"<p><img loading=\"lazy\" decoding=\"async\" class=\"\" src=\"https:\/\/myscentjourney.s3.us-east-2.amazonaws.com\/2022\/02\/14\/29KIascent_j_marca_1644871114_202.png\" alt=\"MSJ::LATTAFA\" width=\"71\" height=\"84\" \/><\/p>\n<h1>THAMEEN COLLECTION MUSK CANDY ROSE<\/h1>\n<p>Es una deliciosa fragancia que combina la belleza atemporal de la rosa y las notas c\u00edtricas con la suavidad del almizcle blanco, todo ello sobre una base de \u00e1mbar y almizcle para crear una experiencia olfativa armoniosa y cautivadora. D\u00e9jese llevar por el encantador encanto del perfume Musk Candy Rose (Thameen Collection) de Lattafa y experimente la esencia armoniosa y cautivadora que aporta a su vida. Musk Candy Rose es m\u00e1s que un simple perfume; es una celebraci\u00f3n de la belleza floral y la suave sensualidad en perfecta armon\u00eda. Con su presentaci\u00f3n de 100 ml, garantiza una generosa dosis de esta cautivadora fragancia, permiti\u00e9ndote sumergirte en la esencia del encanto rom\u00e1ntico y la elegancia d\u00eda tras d\u00eda.<\/p>\n<p><img loading=\"lazy\" decoding=\"async\" class=\"alignleft\" src=\"https:\/\/xmarket.com.py\/cdn\/shop\/files\/muskcandyrose-2.jpg?v=1733933653\" width=\"563\" height=\"563\" \/><\/p>\n<h3>Notas Olfativas<\/h3>\n<p>&nbsp;<\/p>\n<p><span>La fragancia comienza con un rom\u00e1ntico y floral abrazo de rosa y la fresca luminosidad de las notas c\u00edtricas en la salida. Esta primera impresi\u00f3n es elegante y estimulante, preparando el terreno para el maravilloso viaje que nos espera.<\/span><\/p>\n<p><span>En el coraz\u00f3n de la fragancia, el almizcle blanco y las notas florales cobran protagonismo, aportando profundidad y complejidad a la composici\u00f3n. Estas notas medias crean una sensaci\u00f3n de suavidad y sofisticaci\u00f3n, evocando la imagen de delicados p\u00e9talos.<\/span><\/p>\n<p><span>A medida que la fragancia evoluciona y perdura, se asienta en la c\u00e1lida y acogedora atm\u00f3sfera del \u00e1mbar y el almizcle en las notas de fondo. Estas notas de fondo proporcionan una base acogedora y sensual, dejando una estela duradera y memorable de elegancia atemporal.<\/span><\/p>\n<p><span>El perfume Lattafa Thameen Collection Musk Candy Rose es una fragancia de la familia olfativa floral almizclada para mujeres.<\/span><\/p>\n<p><span> En esencia, Musk Candy Rose se despliega con las siguientes notas encantadoras:<\/span><\/p>\n<ul>\n<li><strong><span>Notas de salida:<\/span><\/strong><span>\u00a0rosa, notas c\u00edtricas<\/span><\/li>\n<li><strong><span>Notas de coraz\u00f3n:<\/span><\/strong><span>\u00a0Almizcle blanco, notas florales.<\/span><\/li>\n<li><strong><span>Notas de fondo:<\/span><\/strong><span>\u00a0\u00c1mbar, Almizcle<\/span><\/li>\n<\/ul>\n","protected":false},"excerpt":{"rendered":"<p>THAMEEN COLLECTION MUSK CANDY ROSE Es una deliciosa fragancia que combina la belleza atemporal de la rosa y las notas<\/p>\n","protected":false},"featured_media":85354,"comment_status":"open","ping_status":"closed","template":"","meta":{"nf_dc_page":""},"product_brand":[],"product_cat":[84],"product_tag":[],"class_list":{"0":"post-85353","1":"product","2":"type-product","3":"status-publish","4":"has-post-thumbnail","6":"product_cat-perfumeria","8":"first","9":"outofstock","10":"shipping-taxable","11":"purchasable","12":"product-type-simple"},"_links":{"self":[{"href":"https:\/\/brandss.com.py\/index\/wp-json\/wp\/v2\/product\/85353","targetHints":{"allow":["GET"]}}],"collection":[{"href":"https:\/\/brandss.com.py\/index\/wp-json\/wp\/v2\/product"}],"about":[{"href":"https:\/\/brandss.com.py\/index\/wp-json\/wp\/v2\/types\/product"}],"replies":[{"embeddable":true,"href":"https:\/\/brandss.com.py\/index\/wp-json\/wp\/v2\/comments?post=85353"}],"version-history":[{"count":1,"href":"https:\/\/brandss.com.py\/index\/wp-json\/wp\/v2\/product\/85353\/revisions"}],"predecessor-version":[{"id":85358,"href":"https:\/\/brandss.com.py\/index\/wp-json\/wp\/v2\/product\/85353\/revisions\/85358"}],"wp:featuredmedia":[{"embeddable":true,"href":"https:\/\/brandss.com.py\/index\/wp-json\/wp\/v2\/media\/85354"}],"wp:attachment":[{"href":"https:\/\/brandss.com.py\/index\/wp-json\/wp\/v2\/media?parent=85353"}],"wp:term":[{"taxonomy":"product_brand","embeddable":true,"href":"https:\/\/brandss.com.py\/index\/wp-json\/wp\/v2\/product_brand?post=85353"},{"taxonomy":"product_cat","embeddable":true,"href":"https:\/\/brandss.com.py\/index\/wp-json\/wp\/v2\/product_cat?post=85353"},{"taxonomy":"product_tag","embeddable":true,"href":"https:\/\/brandss.com.py\/index\/wp-json\/wp\/v2\/product_tag?post=85353"}],"curies":[{"name":"wp","href":"https:\/\/api.w.org\/{rel}","templated":true}]}}