{"id":85359,"date":"2025-07-01T18:12:38","date_gmt":"2025-07-01T18:12:38","guid":{"rendered":"https:\/\/brandss.com.py\/index\/?post_type=product&#038;p=85359"},"modified":"2026-03-28T16:19:36","modified_gmt":"2026-03-28T16:19:36","slug":"perfume-unisex-lattafa-thameen-collection-musk-so-poudree-edp-100ml","status":"publish","type":"product","link":"https:\/\/brandss.com.py\/index\/producto\/perfume-unisex-lattafa-thameen-collection-musk-so-poudree-edp-100ml\/","title":{"rendered":"PERFUME UNISEX LATTAFA THAMEEN COLLECTION MUSK SO POUDR\u00c9E EDP 100ML"},"content":{"rendered":"<p><img loading=\"lazy\" decoding=\"async\" class=\"\" src=\"https:\/\/myscentjourney.s3.us-east-2.amazonaws.com\/2022\/02\/14\/29KIascent_j_marca_1644871114_202.png\" alt=\"MSJ::LATTAFA\" width=\"83\" height=\"99\" \/><\/p>\n<h1>THAMEEN COLLECTION MUSK SO POUDR\u00c9E<\/h1>\n<p>Es una fragancia exquisita que combina el encanto atemporal del almizcle con notas polvorientas y amaderadas para crear una experiencia olfativa cautivadora y sofisticada.<\/p>\n<p><span>Musk So Poudree es m\u00e1s que un simple perfume; es la personificaci\u00f3n de la sofisticaci\u00f3n y el encanto. Con su presentaci\u00f3n de 100 ml, garantiza una generosa cantidad de esta cautivadora fragancia, permiti\u00e9ndote sumergirte en la esencia de la elegancia almizclada y la belleza refinada d\u00eda tras d\u00eda.<\/span><\/p>\n<p><span>D\u00e9jese cautivar por el encanto cautivador del perfume Musk So Poudree Thameen Collection y experimente la esencia sofisticada y seductora que aporta a su vida.<\/span><\/p>\n<p><img loading=\"lazy\" decoding=\"async\" class=\"alignleft\" src=\"https:\/\/productosdelujo.cl\/cdn\/shop\/files\/SO.png?v=1750277583&amp;width=2048\" width=\"424\" height=\"424\" \/><\/p>\n<h3>Notas Olfativas<\/h3>\n<p>&nbsp;<\/p>\n<p><span>La fragancia se abre con un delicado bouquet polvoriento, con notas de salida atalcadas y florales. Esta primera impresi\u00f3n es suave y seductora, preparando el terreno para el cautivador viaje que nos espera.<\/span><\/p>\n<p><span>En el coraz\u00f3n de la fragancia, las notas polvorientas siguen brillando, complementadas con notas amaderadas. Estas notas medias aportan profundidad y complejidad, creando una sensaci\u00f3n de sofisticaci\u00f3n y refinamiento.<\/span><\/p>\n<p><span>A medida que la fragancia evoluciona y perdura, se asienta en las notas de fondo de almizcle y \u00e1mbar. Estas notas de fondo proporcionan una base c\u00e1lida y acogedora, dejando una estela indeleble e inolvidable de elegancia atemporal. Musk So Poudr\u00e9e de Lattafa Perfumes es una fragancia de la familia olfativa para Hombres y Mujeres. Musk So Poudr\u00e9e se lanz\u00f3 durante la 2020.<\/span><\/p>\n<p>&nbsp;<\/p>\n<p><span>En esencia, Musk So Poudree se despliega con las siguientes notas armoniosas:<\/span><\/p>\n<ul>\n<li><strong><span>Notas de salida:<\/span><\/strong><span>\u00a0notas polvorientas, notas florales.<\/span><\/li>\n<li><strong><span>Notas de coraz\u00f3n:<\/span><\/strong><span>\u00a0notas polvorientas, notas amaderadas<\/span><\/li>\n<li><strong><span>Notas de fondo:<\/span><\/strong><span>\u00a0almizcle, \u00e1mbar<\/span><\/li>\n<\/ul>\n","protected":false},"excerpt":{"rendered":"<p>THAMEEN COLLECTION MUSK SO POUDR\u00c9E Es una fragancia exquisita que combina el encanto atemporal del almizcle con notas polvorientas y<\/p>\n","protected":false},"featured_media":85360,"comment_status":"open","ping_status":"closed","template":"","meta":{"nf_dc_page":""},"product_brand":[],"product_cat":[84],"product_tag":[],"class_list":{"0":"post-85359","1":"product","2":"type-product","3":"status-publish","4":"has-post-thumbnail","6":"product_cat-perfumeria","8":"first","9":"outofstock","10":"shipping-taxable","11":"purchasable","12":"product-type-simple"},"_links":{"self":[{"href":"https:\/\/brandss.com.py\/index\/wp-json\/wp\/v2\/product\/85359","targetHints":{"allow":["GET"]}}],"collection":[{"href":"https:\/\/brandss.com.py\/index\/wp-json\/wp\/v2\/product"}],"about":[{"href":"https:\/\/brandss.com.py\/index\/wp-json\/wp\/v2\/types\/product"}],"replies":[{"embeddable":true,"href":"https:\/\/brandss.com.py\/index\/wp-json\/wp\/v2\/comments?post=85359"}],"version-history":[{"count":1,"href":"https:\/\/brandss.com.py\/index\/wp-json\/wp\/v2\/product\/85359\/revisions"}],"predecessor-version":[{"id":85365,"href":"https:\/\/brandss.com.py\/index\/wp-json\/wp\/v2\/product\/85359\/revisions\/85365"}],"wp:featuredmedia":[{"embeddable":true,"href":"https:\/\/brandss.com.py\/index\/wp-json\/wp\/v2\/media\/85360"}],"wp:attachment":[{"href":"https:\/\/brandss.com.py\/index\/wp-json\/wp\/v2\/media?parent=85359"}],"wp:term":[{"taxonomy":"product_brand","embeddable":true,"href":"https:\/\/brandss.com.py\/index\/wp-json\/wp\/v2\/product_brand?post=85359"},{"taxonomy":"product_cat","embeddable":true,"href":"https:\/\/brandss.com.py\/index\/wp-json\/wp\/v2\/product_cat?post=85359"},{"taxonomy":"product_tag","embeddable":true,"href":"https:\/\/brandss.com.py\/index\/wp-json\/wp\/v2\/product_tag?post=85359"}],"curies":[{"name":"wp","href":"https:\/\/api.w.org\/{rel}","templated":true}]}}