{"id":85366,"date":"2025-07-02T10:51:38","date_gmt":"2025-07-02T10:51:38","guid":{"rendered":"https:\/\/brandss.com.py\/index\/?post_type=product&#038;p=85366"},"modified":"2026-03-28T16:19:36","modified_gmt":"2026-03-28T16:19:36","slug":"perfume-unisex-lattafa-pride-embrace-edp-100ml","status":"publish","type":"product","link":"https:\/\/brandss.com.py\/index\/producto\/perfume-unisex-lattafa-pride-embrace-edp-100ml\/","title":{"rendered":"PERFUME UNISEX LATTAFA PRIDE EMBRACE EDP 100ML"},"content":{"rendered":"<p><img loading=\"lazy\" decoding=\"async\" class=\"\" src=\"https:\/\/myscentjourney.s3.us-east-2.amazonaws.com\/2022\/02\/14\/29KIascent_j_marca_1644871114_202.png\" alt=\"MSJ::LATTAFA\" width=\"92\" height=\"110\" \/><\/p>\n<h1>EMBRACE<\/h1>\n<p>Es una sofisticada fragancia premium que combina notas de calidez y sensualidad, envolvi\u00e9ndote en lujo y elegancia. Con su exclusiva combinaci\u00f3n de aromas, Pride Embrace se convertir\u00e1 en un imprescindible en tu colecci\u00f3n de fragancias.<img loading=\"lazy\" decoding=\"async\" class=\"alignleft\" src=\"https:\/\/u-mercari-images.mercdn.net\/photos\/m93481196542_1.jpg\" width=\"540\" height=\"518\" \/><\/p>\n<h3>Notas Olfativas<\/h3>\n<p>&nbsp;<\/p>\n<p>Pride Embrace pertenece a la familia de fragancias arom\u00e1ticas amaderadas para hombres y mujeres\u00a0 y ofrece un perfil arom\u00e1tico \u00fanico que comienza con notas de salida vigorizantes de bergamota, jengibre y armoise. Estas notas frescas y \u00e1cidas despiertan los sentidos y preparan el escenario para el coraz\u00f3n de la fragancia. Las notas de coraz\u00f3n de pachul\u00ed, b\u00e1lsamo de abeto e incienso aportan una profundidad rica y terrosa que resulta intrigante y reconfortante a la vez. Esta compleja mezcla a\u00f1ade una capa de sofisticaci\u00f3n y misterio al aroma, lo que lo hace perfecto para cualquier ocasi\u00f3n.<\/p>\n<p>Finalmente, la fragancia se asienta en sus notas de fondo de \u00e1mbar gris, benju\u00ed y musgo de roble. Estas notas c\u00e1lidas y resinosas brindan un final duradero que permanece en la piel, dejando una estela memorable que seguramente llamar\u00e1 la atenci\u00f3n.<\/p>\n<p>&nbsp;<\/p>\n<p class=\"\"><strong>Notas de salida:<\/strong> bergamota, jengibre, armoise.<\/p>\n<p><strong>Notas de coraz\u00f3n:<\/strong> pachul\u00ed, b\u00e1lsamo de abeto, incienso.<\/p>\n<p><strong>Notas de fondo:<\/strong> \u00e1mbar gris, benju\u00ed, musgo de roble.<\/p>\n","protected":false},"excerpt":{"rendered":"<p>EMBRACE Es una sofisticada fragancia premium que combina notas de calidez y sensualidad, envolvi\u00e9ndote en lujo y elegancia. Con su<\/p>\n","protected":false},"featured_media":85368,"comment_status":"open","ping_status":"closed","template":"","meta":{"nf_dc_page":""},"product_brand":[109],"product_cat":[84],"product_tag":[2205],"class_list":{"0":"post-85366","1":"product","2":"type-product","3":"status-publish","4":"has-post-thumbnail","6":"product_brand-lattafa","7":"product_cat-perfumeria","8":"product_tag-2205","10":"first","11":"outofstock","12":"shipping-taxable","13":"purchasable","14":"product-type-simple"},"_links":{"self":[{"href":"https:\/\/brandss.com.py\/index\/wp-json\/wp\/v2\/product\/85366","targetHints":{"allow":["GET"]}}],"collection":[{"href":"https:\/\/brandss.com.py\/index\/wp-json\/wp\/v2\/product"}],"about":[{"href":"https:\/\/brandss.com.py\/index\/wp-json\/wp\/v2\/types\/product"}],"replies":[{"embeddable":true,"href":"https:\/\/brandss.com.py\/index\/wp-json\/wp\/v2\/comments?post=85366"}],"version-history":[{"count":3,"href":"https:\/\/brandss.com.py\/index\/wp-json\/wp\/v2\/product\/85366\/revisions"}],"predecessor-version":[{"id":85374,"href":"https:\/\/brandss.com.py\/index\/wp-json\/wp\/v2\/product\/85366\/revisions\/85374"}],"wp:featuredmedia":[{"embeddable":true,"href":"https:\/\/brandss.com.py\/index\/wp-json\/wp\/v2\/media\/85368"}],"wp:attachment":[{"href":"https:\/\/brandss.com.py\/index\/wp-json\/wp\/v2\/media?parent=85366"}],"wp:term":[{"taxonomy":"product_brand","embeddable":true,"href":"https:\/\/brandss.com.py\/index\/wp-json\/wp\/v2\/product_brand?post=85366"},{"taxonomy":"product_cat","embeddable":true,"href":"https:\/\/brandss.com.py\/index\/wp-json\/wp\/v2\/product_cat?post=85366"},{"taxonomy":"product_tag","embeddable":true,"href":"https:\/\/brandss.com.py\/index\/wp-json\/wp\/v2\/product_tag?post=85366"}],"curies":[{"name":"wp","href":"https:\/\/api.w.org\/{rel}","templated":true}]}}