{"id":85414,"date":"2025-07-03T17:53:32","date_gmt":"2025-07-03T17:53:32","guid":{"rendered":"https:\/\/brandss.com.py\/index\/?post_type=product&#038;p=85414"},"modified":"2025-09-27T12:37:04","modified_gmt":"2025-09-27T12:37:04","slug":"crema-corporal-tesori-doriente-white-musk-300g","status":"publish","type":"product","link":"https:\/\/brandss.com.py\/index\/producto\/crema-corporal-tesori-doriente-white-musk-300g\/","title":{"rendered":"CREMA CORPORAL TESORI D\u2019ORIENTE WHITE MUSK 300G"},"content":{"rendered":"<p><img loading=\"lazy\" decoding=\"async\" class=\"\" src=\"https:\/\/api.dudar.kz\/uploads\/tesoridoriente_621fb5df94.png\" alt=\"Distribution of Tesori d'Oriente brand in Kazakhstan \u2014 Dudar\" width=\"128\" height=\"59\" \/><\/p>\n<h1>WHITE MUSK<\/h1>\n<p><span>Una textura rica y suave que se funde instant\u00e1neamente con la piel para nutrirla y envolverla con el inconfundible aroma del almizcle blanco. <\/span><span>Un capricho para disfrutar cada d\u00eda, despu\u00e9s del ba\u00f1o o la ducha.<img loading=\"lazy\" decoding=\"async\" class=\"alignleft\" src=\"https:\/\/m.media-amazon.com\/images\/I\/91w1GbanoWL._AC_SL1500_.jpg\" width=\"483\" height=\"483\" \/><\/span><\/p>\n<p><span>Tesori d&#8217;Oriente White Musk es un producto cosm\u00e9tico excepcional que te cautivar\u00e1 con su intensa fragancia almizclada, ambarada y armoniosa.<\/span><br \/>\n<span>Esta crema corporal italiana est\u00e1 elaborada con ingredientes de la m\u00e1s alta calidad para brindarte experiencias de cuidado inolvidables.<\/span><br \/>\n<span>Siente la fragancia especial de Tesori d&#8217;Oriente en tu piel y sum\u00e9rgete en un mundo de fragancias ex\u00f3ticas e intensas.<\/span><br \/>\n<span>No es solo un producto cosm\u00e9tico, es un aut\u00e9ntico ritual de cuidado que te ofrece alegr\u00eda y relajaci\u00f3n a diario.<\/span><\/p>\n<ul class=\"a-unordered-list a-vertical a-spacing-mini\">\n<li class=\"a-spacing-mini\"><span class=\"a-list-item\"><span>Crema corporal hidratante con notas almizcladas y ambaradas, gracias a los aceites esenciales nutre intensamente la piel dej\u00e1ndola suave y sedosa.<\/span><\/span><\/li>\n<li class=\"a-spacing-mini\"><span class=\"a-list-item\"><span>La esencia inconfundible del almizcle blanco, una fragancia ambarada armoniosa, proporciona a la piel una sensaci\u00f3n de agradable bienestar.<\/span><\/span><\/li>\n<li class=\"a-spacing-mini\"><span class=\"a-list-item\"><span>Despu\u00e9s del ba\u00f1o o la ducha, o seg\u00fan sea necesario, masajear suavemente todo el cuerpo hasta su absorci\u00f3n.<\/span><\/span><\/li>\n<li class=\"a-spacing-mini\"><span class=\"a-list-item\"><span>Inspirada en la magia de tierras lejanas, la l\u00ednea Muschio Bianco ofrece una sensaci\u00f3n envolvente de profundo bienestar con su armonioso aroma.<\/span><\/span><\/li>\n<li class=\"a-spacing-mini\"><span class=\"a-list-item\"><span>Tesori d&#8217;Oriente nace de la voluntad de transformar los gestos de la rutina diaria en rituales de puro placer.<\/span><\/span><\/li>\n<\/ul>\n","protected":false},"excerpt":{"rendered":"<p>WHITE MUSK Una textura rica y suave que se funde instant\u00e1neamente con la piel para nutrirla y envolverla con el<\/p>\n","protected":false},"featured_media":85415,"comment_status":"open","ping_status":"closed","template":"","meta":{"nf_dc_page":""},"product_brand":[434],"product_cat":[85],"product_tag":[747],"class_list":{"0":"post-85414","1":"product","2":"type-product","3":"status-publish","4":"has-post-thumbnail","6":"product_brand-tesori-doriente","7":"product_cat-cosmeticos","8":"product_tag-747","10":"first","11":"instock","12":"shipping-taxable","13":"purchasable","14":"product-type-simple"},"_links":{"self":[{"href":"https:\/\/brandss.com.py\/index\/wp-json\/wp\/v2\/product\/85414","targetHints":{"allow":["GET"]}}],"collection":[{"href":"https:\/\/brandss.com.py\/index\/wp-json\/wp\/v2\/product"}],"about":[{"href":"https:\/\/brandss.com.py\/index\/wp-json\/wp\/v2\/types\/product"}],"replies":[{"embeddable":true,"href":"https:\/\/brandss.com.py\/index\/wp-json\/wp\/v2\/comments?post=85414"}],"version-history":[{"count":1,"href":"https:\/\/brandss.com.py\/index\/wp-json\/wp\/v2\/product\/85414\/revisions"}],"predecessor-version":[{"id":85421,"href":"https:\/\/brandss.com.py\/index\/wp-json\/wp\/v2\/product\/85414\/revisions\/85421"}],"wp:featuredmedia":[{"embeddable":true,"href":"https:\/\/brandss.com.py\/index\/wp-json\/wp\/v2\/media\/85415"}],"wp:attachment":[{"href":"https:\/\/brandss.com.py\/index\/wp-json\/wp\/v2\/media?parent=85414"}],"wp:term":[{"taxonomy":"product_brand","embeddable":true,"href":"https:\/\/brandss.com.py\/index\/wp-json\/wp\/v2\/product_brand?post=85414"},{"taxonomy":"product_cat","embeddable":true,"href":"https:\/\/brandss.com.py\/index\/wp-json\/wp\/v2\/product_cat?post=85414"},{"taxonomy":"product_tag","embeddable":true,"href":"https:\/\/brandss.com.py\/index\/wp-json\/wp\/v2\/product_tag?post=85414"}],"curies":[{"name":"wp","href":"https:\/\/api.w.org\/{rel}","templated":true}]}}