{"id":85429,"date":"2025-07-03T19:04:34","date_gmt":"2025-07-03T19:04:34","guid":{"rendered":"https:\/\/brandss.com.py\/index\/?post_type=product&#038;p=85429"},"modified":"2025-09-27T12:39:21","modified_gmt":"2025-09-27T12:39:21","slug":"crema-corporal-tesori-doriente-hammam-300g","status":"publish","type":"product","link":"https:\/\/brandss.com.py\/index\/producto\/crema-corporal-tesori-doriente-hammam-300g\/","title":{"rendered":"CREMA CORPORAL TESORI D\u2019ORIENTE HAMMAM 300G"},"content":{"rendered":"<p><img loading=\"lazy\" decoding=\"async\" class=\"\" src=\"https:\/\/api.dudar.kz\/uploads\/tesoridoriente_621fb5df94.png\" alt=\"Distribution of Tesori d'Oriente brand in Kazakhstan \u2014 Dudar\" width=\"138\" height=\"64\" \/><\/p>\n<h1>HAMMAM<\/h1>\n<p>Una crema corporal de textura suave y cremosa. Enriquecida con el mejor aceite de arg\u00e1n, hidrata intensamente la piel, dej\u00e1ndola suave, luminosa y con un agradable aroma.<img loading=\"lazy\" decoding=\"async\" class=\"alignleft\" src=\"https:\/\/m.media-amazon.com\/images\/I\/81UCeR-ruyL._SL1500_.jpg\" width=\"423\" height=\"282\" \/><\/p>\n<p>&nbsp;<\/p>\n<ul class=\"a-unordered-list a-vertical a-spacing-mini\">\n<li class=\"a-spacing-mini\"><span class=\"a-list-item\"><span>La crema corporal Tesori d&#8217;Oriente Hammam 300 ml es un producto inspirado en los rituales de ba\u00f1o orientales que ofrece un cuidado y una relajaci\u00f3n excepcionales.\n<p><\/span><\/span><\/li>\n<li class=\"a-spacing-mini\"><span class=\"a-list-item\"><span>Una abundancia de aromas orientales e ingredientes de la m\u00e1s alta calidad forman una f\u00f3rmula intensamente hidratante que deja la piel suave y sedosa durante todo el d\u00eda.\n<p><\/span><\/span><\/li>\n<li class=\"a-spacing-mini\"><span class=\"a-list-item\"><span>La sensual fragancia oriental del Hammam crea una atm\u00f3sfera de spa oriental donde podr\u00e1s relajarte por completo.\n<p><\/span><\/span><\/li>\n<li class=\"a-spacing-mini\"><span class=\"a-list-item\"><span>La textura de r\u00e1pida absorci\u00f3n no deja una pel\u00edcula grasa sobre la piel, protege contra las influencias externas y preserva el perfecto estado de la piel.\n<p><\/span><\/span><\/li>\n<li class=\"a-spacing-mini\"><span class=\"a-list-item\"><span>Tesori d&#8217;Oriente Hammam K\u00f6rpercfreme es una invitaci\u00f3n al mundo de los rituales de belleza orientales que tu piel agradecer\u00e1.<\/span><\/span><\/li>\n<\/ul>\n","protected":false},"excerpt":{"rendered":"<p>HAMMAM Una crema corporal de textura suave y cremosa. Enriquecida con el mejor aceite de arg\u00e1n, hidrata intensamente la piel,<\/p>\n","protected":false},"featured_media":85430,"comment_status":"open","ping_status":"closed","template":"","meta":{"nf_dc_page":""},"product_brand":[434],"product_cat":[85],"product_tag":[749],"class_list":{"0":"post-85429","1":"product","2":"type-product","3":"status-publish","4":"has-post-thumbnail","6":"product_brand-tesori-doriente","7":"product_cat-cosmeticos","8":"product_tag-749","10":"first","11":"instock","12":"shipping-taxable","13":"purchasable","14":"product-type-simple"},"_links":{"self":[{"href":"https:\/\/brandss.com.py\/index\/wp-json\/wp\/v2\/product\/85429","targetHints":{"allow":["GET"]}}],"collection":[{"href":"https:\/\/brandss.com.py\/index\/wp-json\/wp\/v2\/product"}],"about":[{"href":"https:\/\/brandss.com.py\/index\/wp-json\/wp\/v2\/types\/product"}],"replies":[{"embeddable":true,"href":"https:\/\/brandss.com.py\/index\/wp-json\/wp\/v2\/comments?post=85429"}],"version-history":[{"count":1,"href":"https:\/\/brandss.com.py\/index\/wp-json\/wp\/v2\/product\/85429\/revisions"}],"predecessor-version":[{"id":85437,"href":"https:\/\/brandss.com.py\/index\/wp-json\/wp\/v2\/product\/85429\/revisions\/85437"}],"wp:featuredmedia":[{"embeddable":true,"href":"https:\/\/brandss.com.py\/index\/wp-json\/wp\/v2\/media\/85430"}],"wp:attachment":[{"href":"https:\/\/brandss.com.py\/index\/wp-json\/wp\/v2\/media?parent=85429"}],"wp:term":[{"taxonomy":"product_brand","embeddable":true,"href":"https:\/\/brandss.com.py\/index\/wp-json\/wp\/v2\/product_brand?post=85429"},{"taxonomy":"product_cat","embeddable":true,"href":"https:\/\/brandss.com.py\/index\/wp-json\/wp\/v2\/product_cat?post=85429"},{"taxonomy":"product_tag","embeddable":true,"href":"https:\/\/brandss.com.py\/index\/wp-json\/wp\/v2\/product_tag?post=85429"}],"curies":[{"name":"wp","href":"https:\/\/api.w.org\/{rel}","templated":true}]}}