{"id":85458,"date":"2025-07-04T13:36:39","date_gmt":"2025-07-04T13:36:39","guid":{"rendered":"https:\/\/brandss.com.py\/index\/?post_type=product&#038;p=85458"},"modified":"2025-07-04T13:38:34","modified_gmt":"2025-07-04T13:38:34","slug":"calzado-casual-femenino-fila-acd-classic-lifestyle-3","status":"publish","type":"product","link":"https:\/\/brandss.com.py\/index\/producto\/calzado-casual-femenino-fila-acd-classic-lifestyle-3\/","title":{"rendered":"CALZADO CASUAL FEMENINO FILA ACD CLASSIC LIFESTYLE"},"content":{"rendered":"<p><img loading=\"lazy\" decoding=\"async\" class=\"\" src=\"https:\/\/1000marcas.net\/wp-content\/uploads\/2019\/12\/logo-Fila.png\" alt=\"Logo de Fila: la historia y el significado del logotipo, la marca y el  s\u00edmbolo. | png, vector\" width=\"71\" height=\"40\" \/><\/p>\n<h1>ACD CLASSIC LIFESTYLE<\/h1>\n<p>Inspirada en las l\u00edneas de dise\u00f1o de la ic\u00f3nica Arcade Low, el calzado Fila ACD Classic es ideal para aquellos que siempre est\u00e1n en sinton\u00eda con las grandes tendencias del streetwear. Moderna y c\u00f3moda, su aspecto aporta autenticidad en un modelo que combina con cualquier look. Parte superior confeccionada con una parte delantera de gamuza, que proporciona durabilidad y comodidad. Cuenta con un inconfundible flag lateral, piezas superpuestas con acabado pespunteado, firmas Fila por todo el empeine que aportan originalidad al modelo y una suave plantilla de EVA con tejido forrado. La suela monocrom\u00e1tica totalmente de caucho con el logotipo Fila Letter ofrece mayor resistencia a la abrasi\u00f3n y agarre al suelo.<\/p>\n<p><strong>DETALLE<\/strong><\/p>\n<ul>\n<li>Capellada: 100% Sint\u00e9tico.<\/li>\n<li>Forro: 100% Textil.<\/li>\n<li>Plantilla: 90% Eva, 10% Textil.<\/li>\n<li>Suela: 100% Caucho.<\/li>\n<li>Color: Blanco\/ Negro.<\/li>\n<li>Modelo: F02L00208-980.<\/li>\n<li>G\u00e9nero: Femenino.<\/li>\n<\/ul>\n","protected":false},"excerpt":{"rendered":"<p>ACD CLASSIC LIFESTYLE Inspirada en las l\u00edneas de dise\u00f1o de la ic\u00f3nica Arcade Low, el calzado Fila ACD Classic es<\/p>\n","protected":false},"featured_media":85459,"comment_status":"open","ping_status":"closed","template":"","meta":{"nf_dc_page":""},"product_brand":[],"product_cat":[73],"product_tag":[],"class_list":{"0":"post-85458","1":"product","2":"type-product","3":"status-publish","4":"has-post-thumbnail","6":"product_cat-femenino","8":"first","9":"instock","10":"shipping-taxable","11":"purchasable","12":"product-type-simple"},"_links":{"self":[{"href":"https:\/\/brandss.com.py\/index\/wp-json\/wp\/v2\/product\/85458","targetHints":{"allow":["GET"]}}],"collection":[{"href":"https:\/\/brandss.com.py\/index\/wp-json\/wp\/v2\/product"}],"about":[{"href":"https:\/\/brandss.com.py\/index\/wp-json\/wp\/v2\/types\/product"}],"replies":[{"embeddable":true,"href":"https:\/\/brandss.com.py\/index\/wp-json\/wp\/v2\/comments?post=85458"}],"version-history":[{"count":1,"href":"https:\/\/brandss.com.py\/index\/wp-json\/wp\/v2\/product\/85458\/revisions"}],"predecessor-version":[{"id":85467,"href":"https:\/\/brandss.com.py\/index\/wp-json\/wp\/v2\/product\/85458\/revisions\/85467"}],"wp:featuredmedia":[{"embeddable":true,"href":"https:\/\/brandss.com.py\/index\/wp-json\/wp\/v2\/media\/85459"}],"wp:attachment":[{"href":"https:\/\/brandss.com.py\/index\/wp-json\/wp\/v2\/media?parent=85458"}],"wp:term":[{"taxonomy":"product_brand","embeddable":true,"href":"https:\/\/brandss.com.py\/index\/wp-json\/wp\/v2\/product_brand?post=85458"},{"taxonomy":"product_cat","embeddable":true,"href":"https:\/\/brandss.com.py\/index\/wp-json\/wp\/v2\/product_cat?post=85458"},{"taxonomy":"product_tag","embeddable":true,"href":"https:\/\/brandss.com.py\/index\/wp-json\/wp\/v2\/product_tag?post=85458"}],"curies":[{"name":"wp","href":"https:\/\/api.w.org\/{rel}","templated":true}]}}