{"id":85469,"date":"2025-07-04T14:14:20","date_gmt":"2025-07-04T14:14:20","guid":{"rendered":"https:\/\/brandss.com.py\/index\/?post_type=product&#038;p=85469"},"modified":"2025-07-04T14:16:49","modified_gmt":"2025-07-04T14:16:49","slug":"calzado-casual-femenino-fila-original-cozy-lifestyle","status":"publish","type":"product","link":"https:\/\/brandss.com.py\/index\/producto\/calzado-casual-femenino-fila-original-cozy-lifestyle\/","title":{"rendered":"CALZADO CASUAL FEMENINO FILA ORIGINAL COZY LIFESTYLE"},"content":{"rendered":"<p><img loading=\"lazy\" decoding=\"async\" class=\"\" src=\"https:\/\/1000marcas.net\/wp-content\/uploads\/2019\/12\/logo-Fila.png\" alt=\"Logo de Fila: la historia y el significado del logotipo, la marca y el s\u00edmbolo. | png, vector\" width=\"114\" height=\"64\" \/><\/p>\n<h1>ORIGINAL COZY LIFESTYLE<\/h1>\n<p>Con un aut\u00e9ntico estilo Hi-Lo, las zapatillas de tenis Fila Original Cozy presentan un look minimalista y retro con elementos cl\u00e1sicos de FILA, que complementan la familia &#8220;Original&#8221; e incorporan atributos del modelo Original Fitness Tennis Club. Aut\u00e9nticas y modernas, estas zapatillas ofrecen comodidad y estilo en un dise\u00f1o \u00fanico y refinado con colores claros que se adaptan a la perfecci\u00f3n a cualquier estilo. La parte superior de la zapatilla est\u00e1 hecha de microfibra con superposiciones de ante y puntera de goma. Cuentan con una leng\u00fceta de tela transpirable con la etiqueta F-Box bordada, una plantilla de EVA suave con forro de tela, una bandera lateral y el logotipo de la letra Fila aplicado en el lateral y la parte trasera. La entresuela de EVA recubierta de goma proporciona ligereza, comodidad y durabilidad.<\/p>\n<h5>Detalles<\/h5>\n<div class=\"flex flex-col gap-1\"><span class=\"text-[#19191a] text-xs font-bold\">Categor\u00eda: <\/span><span class=\"text-[#19191a] text-xs whitespace-pre-wrap\">Casual.<\/span><\/div>\n<div class=\"flex flex-col gap-1\"><span class=\"text-[#19191a] text-xs font-bold\">G\u00e9nero: <\/span><span class=\"text-[#19191a] text-xs whitespace-pre-wrap\">Femenino.<\/span><\/div>\n<div class=\"flex flex-col gap-1\"><span class=\"text-[#19191a] text-xs font-bold\">Color: <\/span><span class=\"text-[#19191a] text-xs whitespace-pre-wrap\">Blanco\/Verde mar\/Beige.<\/span><\/div>\n<div class=\"flex flex-col gap-1\"><span class=\"text-[#aaa] text-sm\">Modelo: F02L00244-5996<\/span><\/div>\n","protected":false},"excerpt":{"rendered":"<p>ORIGINAL COZY LIFESTYLE Con un aut\u00e9ntico estilo Hi-Lo, las zapatillas de tenis Fila Original Cozy presentan un look minimalista y<\/p>\n","protected":false},"featured_media":85470,"comment_status":"open","ping_status":"closed","template":"","meta":{"nf_dc_page":""},"product_brand":[],"product_cat":[73],"product_tag":[],"class_list":{"0":"post-85469","1":"product","2":"type-product","3":"status-publish","4":"has-post-thumbnail","6":"product_cat-femenino","8":"first","9":"instock","10":"shipping-taxable","11":"purchasable","12":"product-type-simple"},"_links":{"self":[{"href":"https:\/\/brandss.com.py\/index\/wp-json\/wp\/v2\/product\/85469","targetHints":{"allow":["GET"]}}],"collection":[{"href":"https:\/\/brandss.com.py\/index\/wp-json\/wp\/v2\/product"}],"about":[{"href":"https:\/\/brandss.com.py\/index\/wp-json\/wp\/v2\/types\/product"}],"replies":[{"embeddable":true,"href":"https:\/\/brandss.com.py\/index\/wp-json\/wp\/v2\/comments?post=85469"}],"version-history":[{"count":2,"href":"https:\/\/brandss.com.py\/index\/wp-json\/wp\/v2\/product\/85469\/revisions"}],"predecessor-version":[{"id":85479,"href":"https:\/\/brandss.com.py\/index\/wp-json\/wp\/v2\/product\/85469\/revisions\/85479"}],"wp:featuredmedia":[{"embeddable":true,"href":"https:\/\/brandss.com.py\/index\/wp-json\/wp\/v2\/media\/85470"}],"wp:attachment":[{"href":"https:\/\/brandss.com.py\/index\/wp-json\/wp\/v2\/media?parent=85469"}],"wp:term":[{"taxonomy":"product_brand","embeddable":true,"href":"https:\/\/brandss.com.py\/index\/wp-json\/wp\/v2\/product_brand?post=85469"},{"taxonomy":"product_cat","embeddable":true,"href":"https:\/\/brandss.com.py\/index\/wp-json\/wp\/v2\/product_cat?post=85469"},{"taxonomy":"product_tag","embeddable":true,"href":"https:\/\/brandss.com.py\/index\/wp-json\/wp\/v2\/product_tag?post=85469"}],"curies":[{"name":"wp","href":"https:\/\/api.w.org\/{rel}","templated":true}]}}