{"id":85487,"date":"2025-07-04T16:42:20","date_gmt":"2025-07-04T16:42:20","guid":{"rendered":"https:\/\/brandss.com.py\/index\/?post_type=product&#038;p=85487"},"modified":"2025-07-04T16:42:47","modified_gmt":"2025-07-04T16:42:47","slug":"calzado-casual-femenino-fila-revenge-lifestyle","status":"publish","type":"product","link":"https:\/\/brandss.com.py\/index\/producto\/calzado-casual-femenino-fila-revenge-lifestyle\/","title":{"rendered":"CALZADO CASUAL FEMENINO FILA REVENGE LIFESTYLE"},"content":{"rendered":"<p><img loading=\"lazy\" decoding=\"async\" class=\"\" src=\"https:\/\/1000marcas.net\/wp-content\/uploads\/2019\/12\/logo-Fila.png\" alt=\"Logo de Fila: la historia y el significado del logotipo, la marca y el  s\u00edmbolo. | png, vector\" width=\"93\" height=\"52\" \/><\/p>\n<h1>REVENGE<\/h1>\n<p>Los calzados Fila Revenge tienen un aspecto minimalista y atemporal con toques retro inspirados en los modelos de cancha de baloncesto callejero de los a\u00f1os 80. Sus colores vers\u00e1tiles son perfectos para elevar cualquier look lifestyle con mucho estilo y autenticidad.<\/p>\n<p>Parte superior de malla respirable con superposiciones sint\u00e9ticas. Cuenta con un cord\u00f3n estilizado, costuras perforadas colocadas estrat\u00e9gicamente para ayudar a ventilar el pie y una suave plantilla de EVA con tejido forrado. La suela, c\u00f3moda y flexible, es de caucho TR, que ofrece estabilidad, resistencia t\u00e9rmica y durabilidad, adem\u00e1s de una funci\u00f3n antideslizante.&#8221;<\/p>\n<p><strong>Forro:<\/strong> 100% textil.<\/p>\n<p><strong>Suela:<\/strong> 100% TR.<\/p>\n<p><strong>Capellada:<\/strong> 88% Sint\u00e9tico, 12% Textil.<\/p>\n<p><strong>G\u00e9nero:<\/strong> Femenino.<\/p>\n<p><strong>Modelo:<\/strong>\u00a0F02L00289-6349<\/p>\n<p><strong>Color: <\/strong>Blanco\/ Lila<\/p>\n","protected":false},"excerpt":{"rendered":"<p>REVENGE Los calzados Fila Revenge tienen un aspecto minimalista y atemporal con toques retro inspirados en los modelos de cancha<\/p>\n","protected":false},"featured_media":85488,"comment_status":"open","ping_status":"closed","template":"","meta":{"nf_dc_page":""},"product_brand":[],"product_cat":[73],"product_tag":[],"class_list":{"0":"post-85487","1":"product","2":"type-product","3":"status-publish","4":"has-post-thumbnail","6":"product_cat-femenino","8":"first","9":"instock","10":"shipping-taxable","11":"purchasable","12":"product-type-simple"},"_links":{"self":[{"href":"https:\/\/brandss.com.py\/index\/wp-json\/wp\/v2\/product\/85487","targetHints":{"allow":["GET"]}}],"collection":[{"href":"https:\/\/brandss.com.py\/index\/wp-json\/wp\/v2\/product"}],"about":[{"href":"https:\/\/brandss.com.py\/index\/wp-json\/wp\/v2\/types\/product"}],"replies":[{"embeddable":true,"href":"https:\/\/brandss.com.py\/index\/wp-json\/wp\/v2\/comments?post=85487"}],"version-history":[{"count":1,"href":"https:\/\/brandss.com.py\/index\/wp-json\/wp\/v2\/product\/85487\/revisions"}],"predecessor-version":[{"id":85494,"href":"https:\/\/brandss.com.py\/index\/wp-json\/wp\/v2\/product\/85487\/revisions\/85494"}],"wp:featuredmedia":[{"embeddable":true,"href":"https:\/\/brandss.com.py\/index\/wp-json\/wp\/v2\/media\/85488"}],"wp:attachment":[{"href":"https:\/\/brandss.com.py\/index\/wp-json\/wp\/v2\/media?parent=85487"}],"wp:term":[{"taxonomy":"product_brand","embeddable":true,"href":"https:\/\/brandss.com.py\/index\/wp-json\/wp\/v2\/product_brand?post=85487"},{"taxonomy":"product_cat","embeddable":true,"href":"https:\/\/brandss.com.py\/index\/wp-json\/wp\/v2\/product_cat?post=85487"},{"taxonomy":"product_tag","embeddable":true,"href":"https:\/\/brandss.com.py\/index\/wp-json\/wp\/v2\/product_tag?post=85487"}],"curies":[{"name":"wp","href":"https:\/\/api.w.org\/{rel}","templated":true}]}}