{"id":85531,"date":"2025-07-04T18:40:00","date_gmt":"2025-07-04T18:40:00","guid":{"rendered":"https:\/\/brandss.com.py\/index\/?post_type=product&#038;p=85531"},"modified":"2025-07-04T18:40:29","modified_gmt":"2025-07-04T18:40:29","slug":"calzado-deportivo-femenino-fila-kr6-running","status":"publish","type":"product","link":"https:\/\/brandss.com.py\/index\/producto\/calzado-deportivo-femenino-fila-kr6-running\/","title":{"rendered":"CALZADO DEPORTIVO FEMENINO FILA KR6 RUNNING"},"content":{"rendered":"<p><img loading=\"lazy\" decoding=\"async\" class=\"\" src=\"https:\/\/1000marcas.net\/wp-content\/uploads\/2019\/12\/logo-Fila.png\" alt=\"Logo de Fila: la historia y el significado del logotipo, la marca y el  s\u00edmbolo. | png, vector\" width=\"44\" height=\"25\" \/><\/p>\n<h1>KR6<\/h1>\n<p><span>La Kenya Racer cumple 10 a\u00f1os desde su primera versi\u00f3n. Ha evolucionado mucho con el paso de los a\u00f1os y ahora la\u00a0<\/span>Fila KR6\u00a0ha llegado para ser la m\u00e1s r\u00e1pida de todos los tiempos, gracias al nuevo\u00a0compuesto de espuma Speed \u200b\u200bTech Foam en la entresuela.\u00a0<span>Adem\u00e1s de otras mejoras que detallaremos a continuaci\u00f3n. <\/span><span>La nueva parte superior\u00a0<\/span>Skin Tech\u00a0est\u00e1 inspirada en el guepardo, el animal terrestre m\u00e1s r\u00e1pido del mundo. Cuenta con dos capas superpuestas de\u00a0malla<span>: la exterior m\u00e1s abierta y la interior con agujeros m\u00e1s peque\u00f1os, mientras que las\u00a0<\/span><span>KR5<\/span><span> solo ten\u00edan una capa muy abierta. La leng\u00fceta es superfina y el cuello est\u00e1 ligeramente acolchado, caracter\u00edsticas t\u00edpicas de los calzados de velocidad. Tambi\u00e9n se ha a\u00f1adido una leng\u00fceta en el contrafuerte para facilitar el ajuste. La plantilla tiene varios agujeros, lo que ayuda a evitar la retenci\u00f3n de sudor o agua en d\u00edas de lluvia.<\/span><\/p>\n<p><span>La entresuela es el punto fuerte de la\u00a0<\/span>KR6. Est\u00e1 inspirada en las fibras musculares e incorpora el nuevo compuesto\u00a0Speed \u200b\u200bTech Foam\u00a0, que proporciona mayor capacidad de respuesta. Las\u00a0Fila KR6\u00a0<span>se recomiendan para quienes buscan unos calzados de velocidad cl\u00e1sicos, sin placa, con entresuela baja, superligeras y flexibles. Unos calzados excelentes para entrenamientos a intervalos y carreras.<\/span><\/p>\n<h4>Especificaci\u00f3n del producto<\/h4>\n<p><strong>Modelo:<\/strong> F02R00090-5714.<br \/>\n<strong>G\u00e9nero:<\/strong> Femenino.<br \/>\n<strong>Calzado:<\/strong> Calzado deportivo.<br \/>\n<strong>Tama\u00f1o real:<\/strong> Talla regular (una talla m\u00e1s que la casual)<br \/>\n<strong>Disciplina:<\/strong> Carrera.<br \/>\n<strong>Color:<\/strong> Gris.<br \/>\n<strong>Categor\u00eda:<\/strong> calzados para correr.<\/p>\n","protected":false},"excerpt":{"rendered":"<p>KR6 La Kenya Racer cumple 10 a\u00f1os desde su primera versi\u00f3n. Ha evolucionado mucho con el paso de los a\u00f1os<\/p>\n","protected":false},"featured_media":85532,"comment_status":"open","ping_status":"closed","template":"","meta":{"nf_dc_page":""},"product_brand":[],"product_cat":[73],"product_tag":[],"class_list":{"0":"post-85531","1":"product","2":"type-product","3":"status-publish","4":"has-post-thumbnail","6":"product_cat-femenino","8":"first","9":"instock","10":"shipping-taxable","11":"purchasable","12":"product-type-simple"},"_links":{"self":[{"href":"https:\/\/brandss.com.py\/index\/wp-json\/wp\/v2\/product\/85531","targetHints":{"allow":["GET"]}}],"collection":[{"href":"https:\/\/brandss.com.py\/index\/wp-json\/wp\/v2\/product"}],"about":[{"href":"https:\/\/brandss.com.py\/index\/wp-json\/wp\/v2\/types\/product"}],"replies":[{"embeddable":true,"href":"https:\/\/brandss.com.py\/index\/wp-json\/wp\/v2\/comments?post=85531"}],"version-history":[{"count":1,"href":"https:\/\/brandss.com.py\/index\/wp-json\/wp\/v2\/product\/85531\/revisions"}],"predecessor-version":[{"id":85538,"href":"https:\/\/brandss.com.py\/index\/wp-json\/wp\/v2\/product\/85531\/revisions\/85538"}],"wp:featuredmedia":[{"embeddable":true,"href":"https:\/\/brandss.com.py\/index\/wp-json\/wp\/v2\/media\/85532"}],"wp:attachment":[{"href":"https:\/\/brandss.com.py\/index\/wp-json\/wp\/v2\/media?parent=85531"}],"wp:term":[{"taxonomy":"product_brand","embeddable":true,"href":"https:\/\/brandss.com.py\/index\/wp-json\/wp\/v2\/product_brand?post=85531"},{"taxonomy":"product_cat","embeddable":true,"href":"https:\/\/brandss.com.py\/index\/wp-json\/wp\/v2\/product_cat?post=85531"},{"taxonomy":"product_tag","embeddable":true,"href":"https:\/\/brandss.com.py\/index\/wp-json\/wp\/v2\/product_tag?post=85531"}],"curies":[{"name":"wp","href":"https:\/\/api.w.org\/{rel}","templated":true}]}}