{"id":85539,"date":"2025-07-04T18:57:30","date_gmt":"2025-07-04T18:57:30","guid":{"rendered":"https:\/\/brandss.com.py\/index\/?post_type=product&#038;p=85539"},"modified":"2025-07-04T18:58:37","modified_gmt":"2025-07-04T18:58:37","slug":"calzado-deportivo-femenino-fila-kr6-running-2","status":"publish","type":"product","link":"https:\/\/brandss.com.py\/index\/producto\/calzado-deportivo-femenino-fila-kr6-running-2\/","title":{"rendered":"CALZADO DEPORTIVO FEMENINO FILA KR6 RUNNING"},"content":{"rendered":"<p><img loading=\"lazy\" decoding=\"async\" class=\"\" src=\"https:\/\/1000marcas.net\/wp-content\/uploads\/2019\/12\/logo-Fila.png\" alt=\"Logo de Fila: la historia y el significado del logotipo, la marca y el s\u00edmbolo. | png, vector\" width=\"46\" height=\"26\" \/><\/p>\n<h1>KR6<\/h1>\n<p>Esta es la nueva KR6, el calzado perfecto para quienes buscan rendimiento y comodidad en carreras de 5 km a 10 km y entrenamientos de velocidad. Con la innovadora tecnolog\u00eda SPEED TECH FOAM, ofrece mayor resiliencia y capacidad de respuesta, haci\u00e9ndote sentir el impulso en cada paso. Adem\u00e1s, la suela cuenta con goma EVER-GRIP T en la parte delantera, que garantiza una mayor tracci\u00f3n al suelo, y goma EVER-GRIP en la trasera, que asegura una mayor durabilidad. El upper est\u00e1 fabricado con tecnolog\u00eda SKIN TECH, que combina dos capas de tejidos que se ajustan al pie como una segunda piel, proporcionando mayor transpirabilidad y estructura, adem\u00e1s de prevenir desgarros.<\/p>\n<p>La KR6 es un calzado que no compromete la calidad ni la conservaci\u00f3n, ya que utiliza materiales de primera calidad en su composici\u00f3n. \u00a1Prueba la KR6 y siente la diferencia!<\/p>\n<p><strong>Modelo:<\/strong> F02r00090-5898<br \/>\n<strong>G\u00e9nero:<\/strong> Femenino.<br \/>\n<strong>Color:<\/strong> Azul marino\/ Morado.<\/p>\n","protected":false},"excerpt":{"rendered":"<p>KR6 Esta es la nueva KR6, el calzado perfecto para quienes buscan rendimiento y comodidad en carreras de 5 km<\/p>\n","protected":false},"featured_media":85540,"comment_status":"open","ping_status":"closed","template":"","meta":{"nf_dc_page":""},"product_brand":[],"product_cat":[73],"product_tag":[],"class_list":{"0":"post-85539","1":"product","2":"type-product","3":"status-publish","4":"has-post-thumbnail","6":"product_cat-femenino","8":"first","9":"instock","10":"shipping-taxable","11":"purchasable","12":"product-type-simple"},"_links":{"self":[{"href":"https:\/\/brandss.com.py\/index\/wp-json\/wp\/v2\/product\/85539","targetHints":{"allow":["GET"]}}],"collection":[{"href":"https:\/\/brandss.com.py\/index\/wp-json\/wp\/v2\/product"}],"about":[{"href":"https:\/\/brandss.com.py\/index\/wp-json\/wp\/v2\/types\/product"}],"replies":[{"embeddable":true,"href":"https:\/\/brandss.com.py\/index\/wp-json\/wp\/v2\/comments?post=85539"}],"version-history":[{"count":1,"href":"https:\/\/brandss.com.py\/index\/wp-json\/wp\/v2\/product\/85539\/revisions"}],"predecessor-version":[{"id":85548,"href":"https:\/\/brandss.com.py\/index\/wp-json\/wp\/v2\/product\/85539\/revisions\/85548"}],"wp:featuredmedia":[{"embeddable":true,"href":"https:\/\/brandss.com.py\/index\/wp-json\/wp\/v2\/media\/85540"}],"wp:attachment":[{"href":"https:\/\/brandss.com.py\/index\/wp-json\/wp\/v2\/media?parent=85539"}],"wp:term":[{"taxonomy":"product_brand","embeddable":true,"href":"https:\/\/brandss.com.py\/index\/wp-json\/wp\/v2\/product_brand?post=85539"},{"taxonomy":"product_cat","embeddable":true,"href":"https:\/\/brandss.com.py\/index\/wp-json\/wp\/v2\/product_cat?post=85539"},{"taxonomy":"product_tag","embeddable":true,"href":"https:\/\/brandss.com.py\/index\/wp-json\/wp\/v2\/product_tag?post=85539"}],"curies":[{"name":"wp","href":"https:\/\/api.w.org\/{rel}","templated":true}]}}