{"id":85657,"date":"2025-07-05T18:56:28","date_gmt":"2025-07-05T18:56:28","guid":{"rendered":"https:\/\/brandss.com.py\/index\/?post_type=product&#038;p=85657"},"modified":"2025-07-05T19:15:19","modified_gmt":"2025-07-05T19:15:19","slug":"calzado-deportivo-femenino-fila-ride-running-2","status":"publish","type":"product","link":"https:\/\/brandss.com.py\/index\/producto\/calzado-deportivo-femenino-fila-ride-running-2\/","title":{"rendered":"CALZADO DEPORTIVO FEMENINO FILA RIDE TRAINING"},"content":{"rendered":"<p><img loading=\"lazy\" decoding=\"async\" class=\"\" src=\"https:\/\/1000marcas.net\/wp-content\/uploads\/2019\/12\/logo-Fila.png\" alt=\"Logo de Fila: la historia y el significado del logotipo, la marca y el  s\u00edmbolo. | png, vector\" width=\"55\" height=\"31\" \/><\/p>\n<h1>RIDE<\/h1>\n<p>Los calzados Fila Ride son perfectas para aquellos que siempre est\u00e1n en movimiento y buscan la m\u00e1xima comodidad durante sus sesiones de entrenamiento, carreras y paseos diarios. Su dise\u00f1o deportivo y elegante ofrece un ajuste seguro y una adaptaci\u00f3n perfecta para afrontar la ajetreada rutina del d\u00eda a d\u00eda. Parte superior de malla respirable con partes sint\u00e9ticas estructuradas para proporcionar m\u00e1s seguridad y firmeza. Dispone de una estilizada cordonera con cordones resistentes y estructurales para un ajuste excelente, detalles est\u00e9ticos que enriquecen el look del modelo y una suave plantilla de EVA forrada de tela. La entresuela proporciona el m\u00e1ximo confort con la tecnolog\u00eda ENERGIZED RUBBER, que transforma el impacto de la pisada en propulsi\u00f3n. Los clavos de TPU engomados garantizan una mayor tracci\u00f3n y agarre al suelo<\/p>\n<ul>\n<li>Modelo: F02TR00027\u22126323.<\/li>\n<li>Textil 20%<\/li>\n<li>Plantilla sintetica:90%<\/li>\n<li>EVA:10%<\/li>\n<li>Forro textil:100%<\/li>\n<li>Suela:55% TPU<\/li>\n<li>Color: Negro\/Cobre\/Rosa<\/li>\n<\/ul>\n","protected":false},"excerpt":{"rendered":"<p>RIDE Los calzados Fila Ride son perfectas para aquellos que siempre est\u00e1n en movimiento y buscan la m\u00e1xima comodidad durante<\/p>\n","protected":false},"featured_media":85658,"comment_status":"open","ping_status":"closed","template":"","meta":{"nf_dc_page":""},"product_brand":[],"product_cat":[73],"product_tag":[],"class_list":{"0":"post-85657","1":"product","2":"type-product","3":"status-publish","4":"has-post-thumbnail","6":"product_cat-femenino","8":"first","9":"instock","10":"shipping-taxable","11":"purchasable","12":"product-type-simple"},"_links":{"self":[{"href":"https:\/\/brandss.com.py\/index\/wp-json\/wp\/v2\/product\/85657","targetHints":{"allow":["GET"]}}],"collection":[{"href":"https:\/\/brandss.com.py\/index\/wp-json\/wp\/v2\/product"}],"about":[{"href":"https:\/\/brandss.com.py\/index\/wp-json\/wp\/v2\/types\/product"}],"replies":[{"embeddable":true,"href":"https:\/\/brandss.com.py\/index\/wp-json\/wp\/v2\/comments?post=85657"}],"version-history":[{"count":2,"href":"https:\/\/brandss.com.py\/index\/wp-json\/wp\/v2\/product\/85657\/revisions"}],"predecessor-version":[{"id":85675,"href":"https:\/\/brandss.com.py\/index\/wp-json\/wp\/v2\/product\/85657\/revisions\/85675"}],"wp:featuredmedia":[{"embeddable":true,"href":"https:\/\/brandss.com.py\/index\/wp-json\/wp\/v2\/media\/85658"}],"wp:attachment":[{"href":"https:\/\/brandss.com.py\/index\/wp-json\/wp\/v2\/media?parent=85657"}],"wp:term":[{"taxonomy":"product_brand","embeddable":true,"href":"https:\/\/brandss.com.py\/index\/wp-json\/wp\/v2\/product_brand?post=85657"},{"taxonomy":"product_cat","embeddable":true,"href":"https:\/\/brandss.com.py\/index\/wp-json\/wp\/v2\/product_cat?post=85657"},{"taxonomy":"product_tag","embeddable":true,"href":"https:\/\/brandss.com.py\/index\/wp-json\/wp\/v2\/product_tag?post=85657"}],"curies":[{"name":"wp","href":"https:\/\/api.w.org\/{rel}","templated":true}]}}