{"id":85697,"date":"2025-07-07T13:04:15","date_gmt":"2025-07-07T13:04:15","guid":{"rendered":"https:\/\/brandss.com.py\/index\/?post_type=product&#038;p=85697"},"modified":"2025-07-07T13:04:40","modified_gmt":"2025-07-07T13:04:40","slug":"calzado-deportivo-femenino-fila-safe-training","status":"publish","type":"product","link":"https:\/\/brandss.com.py\/index\/producto\/calzado-deportivo-femenino-fila-safe-training\/","title":{"rendered":"CALZADO DEPORTIVO FEMENINO FILA SAFE TRAINING"},"content":{"rendered":"<p><img loading=\"lazy\" decoding=\"async\" class=\"\" src=\"https:\/\/1000marcas.net\/wp-content\/uploads\/2019\/12\/logo-Fila.png\" alt=\"Logo de Fila: la historia y el significado del logotipo, la marca y el  s\u00edmbolo. | png, vector\" width=\"62\" height=\"35\" \/><\/p>\n<h1>SAFE<\/h1>\n<p>Las Safe de FILA est\u00e1n dise\u00f1adas para moverte con total libertad. Con una comodidad excepcional y un ajuste ligero, te permiten entrenar sin l\u00edmites, brindando el soporte y la flexibilidad que necesitas en cada paso. Supera tus metas con estilo y confianza.<\/p>\n<p class=\"features--description\" data-v-f479cd74=\"\"><span>Experimenta la m\u00e1xima comodidad con los cazados de tenis Fila Safe para mujer, ideales para actividades f\u00edsicas y paseos diarios. Fabricadas con material ligero y transpirable, ofrecen un ajuste perfecto. Con una pisada neutra, son vers\u00e1tiles para diferentes tipos de ejercicio y destacan por su dise\u00f1o limpio. Equipadas con tecnolog\u00eda de amortiguaci\u00f3n, garantizan una mayor absorci\u00f3n de impactos, haciendo que cada paso sea m\u00e1s suave. <\/span><\/p>\n<p class=\"features--description\" data-v-f479cd74=\"\"><span>\u00a1Apuesta por las Fila Safe para realzar tu estilo con leggings y una camiseta de tirantes durante tus entrenamientos!<\/span><\/p>\n<ul class=\"features--attributes\" data-v-f479cd74=\"\">\n<li data-v-f479cd74=\"\"><strong data-v-f479cd74=\"\"><span>Modelo:<\/span><\/strong><span> F02TR00058-6637.<\/span><\/li>\n<li data-v-f479cd74=\"\"><strong data-v-f479cd74=\"\"><span>G\u00e9nero:<\/span><\/strong><span> Femenino.<\/span><\/li>\n<li data-v-f479cd74=\"\"><strong data-v-f479cd74=\"\"><span>Recomendado para:<\/span><\/strong><span> Correr.<\/span><\/li>\n<li data-v-f479cd74=\"\"><strong data-v-f479cd74=\"\"><span>Material:<\/span><\/strong><span> Textil y Sint\u00e9tico.<\/span><\/li>\n<li data-v-f479cd74=\"\"><strong>Color:\u00a0<\/strong><span class=\"label--color\" data-v-888dc648=\"\"><span>Azul marino y coral.<\/span><\/span><\/li>\n<\/ul>\n","protected":false},"excerpt":{"rendered":"<p>SAFE Las Safe de FILA est\u00e1n dise\u00f1adas para moverte con total libertad. Con una comodidad excepcional y un ajuste ligero,<\/p>\n","protected":false},"featured_media":85698,"comment_status":"open","ping_status":"closed","template":"","meta":{"nf_dc_page":""},"product_brand":[],"product_cat":[73],"product_tag":[],"class_list":{"0":"post-85697","1":"product","2":"type-product","3":"status-publish","4":"has-post-thumbnail","6":"product_cat-femenino","8":"first","9":"instock","10":"shipping-taxable","11":"purchasable","12":"product-type-simple"},"_links":{"self":[{"href":"https:\/\/brandss.com.py\/index\/wp-json\/wp\/v2\/product\/85697","targetHints":{"allow":["GET"]}}],"collection":[{"href":"https:\/\/brandss.com.py\/index\/wp-json\/wp\/v2\/product"}],"about":[{"href":"https:\/\/brandss.com.py\/index\/wp-json\/wp\/v2\/types\/product"}],"replies":[{"embeddable":true,"href":"https:\/\/brandss.com.py\/index\/wp-json\/wp\/v2\/comments?post=85697"}],"version-history":[{"count":1,"href":"https:\/\/brandss.com.py\/index\/wp-json\/wp\/v2\/product\/85697\/revisions"}],"predecessor-version":[{"id":85706,"href":"https:\/\/brandss.com.py\/index\/wp-json\/wp\/v2\/product\/85697\/revisions\/85706"}],"wp:featuredmedia":[{"embeddable":true,"href":"https:\/\/brandss.com.py\/index\/wp-json\/wp\/v2\/media\/85698"}],"wp:attachment":[{"href":"https:\/\/brandss.com.py\/index\/wp-json\/wp\/v2\/media?parent=85697"}],"wp:term":[{"taxonomy":"product_brand","embeddable":true,"href":"https:\/\/brandss.com.py\/index\/wp-json\/wp\/v2\/product_brand?post=85697"},{"taxonomy":"product_cat","embeddable":true,"href":"https:\/\/brandss.com.py\/index\/wp-json\/wp\/v2\/product_cat?post=85697"},{"taxonomy":"product_tag","embeddable":true,"href":"https:\/\/brandss.com.py\/index\/wp-json\/wp\/v2\/product_tag?post=85697"}],"curies":[{"name":"wp","href":"https:\/\/api.w.org\/{rel}","templated":true}]}}