{"id":85727,"date":"2025-07-07T14:24:34","date_gmt":"2025-07-07T14:24:34","guid":{"rendered":"https:\/\/brandss.com.py\/index\/?post_type=product&#038;p=85727"},"modified":"2025-07-07T14:25:09","modified_gmt":"2025-07-07T14:25:09","slug":"calzado-deportivo-femenino-skechers-bobs-sport-sparrow-flex","status":"publish","type":"product","link":"https:\/\/brandss.com.py\/index\/producto\/calzado-deportivo-femenino-skechers-bobs-sport-sparrow-flex\/","title":{"rendered":"CALZADO DEPORTIVO FEMENINO SKECHERS BOBS SPORT SPARROW FLEX"},"content":{"rendered":"<p><img loading=\"lazy\" decoding=\"async\" class=\"\" src=\"https:\/\/1000marcas.net\/wp-content\/uploads\/2020\/03\/logo-Skecher.png\" alt=\"Skechers Logo - s\u00edmbolo, significado logotipo, historia, PNG\" width=\"141\" height=\"58\" \/><\/p>\n<h1>BOBS SPORT SPARROW FLEX<\/h1>\n<p><span>Las zapatillas deportivas Skechers BOBS Sport Sparrow Flex &#8211; Instant Clout para mujer son m\u00e1s que simples zapatos: \u00a1son una forma de expresar tu individualidad! Esta l\u00ednea de Skechers combina comodidad, estilo y dise\u00f1os brillantes, lo que la convierte en una de las favoritas entre las mujeres j\u00f3venes y activas. \u00bf<\/span><\/p>\n<p><strong>Por qu\u00e9 elegir Skechers Bobs?<\/strong><\/p>\n<p><span>\u2022 M\u00e1xima comodidad: la plantilla de espuma viscoel\u00e1stica y la suela ligera crean la sensaci\u00f3n de caminar sobre las nubes<\/span><br \/>\n<span>\u2022 Dise\u00f1o elegante: amplia gama de colores y estampados para cualquier look, desde casual hasta festivo<\/span><br \/>\n<span>\u2022 Ligeras y flexibles: los materiales ligeros brindan libertad de movimiento para un estilo de vida activo<\/span><\/p>\n<p><strong>Caracter\u00edsticas:<\/strong><\/p>\n<p><span>\u2022 La plantilla de espuma viscoel\u00e1stica recuerda la forma de tu pie.<\/span><br \/>\n<span>\u2022 Ecol\u00f3gicas: hechas de materiales 100 % veganos.<\/span><br \/>\n<span>\u2022 Cuidado: Lavar a m\u00e1quina.<\/span><\/p>\n<p><strong>\u00bfPara qui\u00e9n son adecuadas?<\/strong><\/p>\n<p><span>\u2022 Personas j\u00f3venes y activas.<\/span><br \/>\n<span>\u2022 Aquellos que valoran la comodidad y el estilo.<\/span><br \/>\n<span>\u2022 Aquellos que buscan zapatos ligeros para el uso diario.<\/span><\/p>\n<div><strong>Detalles:<\/strong><\/div>\n<div><\/div>\n<div class=\"prop-name\"><strong>Material principal: <\/strong><span>Textil.<\/span><\/div>\n<div class=\"prop-name\"><span><strong>Material de revestimiento:<\/strong> <\/span><span>Textil.<\/span><\/div>\n<div class=\"prop-name\"><strong>Suela: <\/strong><span>Acetato de etilo y vinilo\/caucho.<\/span><\/div>\n<div class=\"prop-name\"><strong>Tipo de producto: <\/strong><span>Calzados deportivos.<\/span><\/div>\n<div class=\"prop-name\"><strong>Marca: <\/strong><span>Skechers.<\/span><\/div>\n<div class=\"prop-name\"><strong>Modelo: <\/strong><span>117580BLK.<\/span><\/div>\n<div class=\"prop-name\"><strong>Color: <\/strong><span>Negro.<\/span><\/div>\n<div class=\"prop-name\"><strong>Tecnolog\u00edas: <\/strong><span>Espuma viscoel\u00e1stica.<\/span><\/div>\n","protected":false},"excerpt":{"rendered":"<p>BOBS SPORT SPARROW FLEX Las zapatillas deportivas Skechers BOBS Sport Sparrow Flex &#8211; Instant Clout para mujer son m\u00e1s que<\/p>\n","protected":false},"featured_media":85728,"comment_status":"open","ping_status":"closed","template":"","meta":{"nf_dc_page":""},"product_brand":[],"product_cat":[73],"product_tag":[],"class_list":{"0":"post-85727","1":"product","2":"type-product","3":"status-publish","4":"has-post-thumbnail","6":"product_cat-femenino","8":"first","9":"instock","10":"shipping-taxable","11":"purchasable","12":"product-type-simple"},"_links":{"self":[{"href":"https:\/\/brandss.com.py\/index\/wp-json\/wp\/v2\/product\/85727","targetHints":{"allow":["GET"]}}],"collection":[{"href":"https:\/\/brandss.com.py\/index\/wp-json\/wp\/v2\/product"}],"about":[{"href":"https:\/\/brandss.com.py\/index\/wp-json\/wp\/v2\/types\/product"}],"replies":[{"embeddable":true,"href":"https:\/\/brandss.com.py\/index\/wp-json\/wp\/v2\/comments?post=85727"}],"version-history":[{"count":1,"href":"https:\/\/brandss.com.py\/index\/wp-json\/wp\/v2\/product\/85727\/revisions"}],"predecessor-version":[{"id":85733,"href":"https:\/\/brandss.com.py\/index\/wp-json\/wp\/v2\/product\/85727\/revisions\/85733"}],"wp:featuredmedia":[{"embeddable":true,"href":"https:\/\/brandss.com.py\/index\/wp-json\/wp\/v2\/media\/85728"}],"wp:attachment":[{"href":"https:\/\/brandss.com.py\/index\/wp-json\/wp\/v2\/media?parent=85727"}],"wp:term":[{"taxonomy":"product_brand","embeddable":true,"href":"https:\/\/brandss.com.py\/index\/wp-json\/wp\/v2\/product_brand?post=85727"},{"taxonomy":"product_cat","embeddable":true,"href":"https:\/\/brandss.com.py\/index\/wp-json\/wp\/v2\/product_cat?post=85727"},{"taxonomy":"product_tag","embeddable":true,"href":"https:\/\/brandss.com.py\/index\/wp-json\/wp\/v2\/product_tag?post=85727"}],"curies":[{"name":"wp","href":"https:\/\/api.w.org\/{rel}","templated":true}]}}