{"id":85734,"date":"2025-07-07T14:46:31","date_gmt":"2025-07-07T14:46:31","guid":{"rendered":"https:\/\/brandss.com.py\/index\/?post_type=product&#038;p=85734"},"modified":"2025-07-07T14:48:41","modified_gmt":"2025-07-07T14:48:41","slug":"calzado-deportivo-femenino-skechers-bobs-sport-sparrow-flex-2","status":"publish","type":"product","link":"https:\/\/brandss.com.py\/index\/producto\/calzado-deportivo-femenino-skechers-bobs-sport-sparrow-flex-2\/","title":{"rendered":"CALZADO DEPORTIVO FEMENINO SKECHERS BOBS SPORT SPARROW FLEX"},"content":{"rendered":"<p><img loading=\"lazy\" decoding=\"async\" class=\"\" src=\"https:\/\/1000marcas.net\/wp-content\/uploads\/2020\/03\/logo-Skecher.png\" alt=\"Skechers Logo - s\u00edmbolo, significado logotipo, historia, PNG\" width=\"102\" height=\"42\" \/><\/p>\n<h1>BOBS SPORT SPARROW FLEX<\/h1>\n<p>Skechers BOBS Sport Sparrow Flex &#8211; Instant Clout destaca entre los zapatos deportivos por su capacidad de ofrecer elegancia y comodidad. La tecnolog\u00eda de espuma viscoel\u00e1stica acolchada de la plantilla proporciona un soporte perfecto en cada paso, mientras que la suela flexible garantiza la m\u00e1xima comodidad. El hecho de que la vida de un animal se vea afectada con cada compra de BOBS\u00ae hace que estos zapatos no solo sean elegantes y c\u00f3modos, sino tambi\u00e9n una elecci\u00f3n significativa. Al elegir tus zapatos deportivos, echa un vistazo a Skechers BOBS Sport Sparrow Flex &#8211; Instant Clout, que se adaptar\u00e1 tanto a tu estilo como a tu estilo personal.<\/p>\n<ul>\n<li><span>En la plantilla se utiliza tecnolog\u00eda Memory Foam amortiguadora y c\u00f3moda.<\/span><\/li>\n<li><span>Entresuela contorneada que absorbe los impactos.<\/span><\/li>\n<li><span>Tiene suela exterior.<\/span><\/li>\n<li><span>Tiene una parte superior de punto especialmente dise\u00f1ada con cordones flexibles.<\/span><\/li>\n<li>La altura del tac\u00f3n es de 3,17 cm.<\/li>\n<li><span>Lavable en la lavadora.<\/span><\/li>\n<li><span>Elaborado con ingredientes 100% veganos.<\/span><\/li>\n<li>Color: Blanco.<\/li>\n<li>Modelo: 117580OFWT.<\/li>\n<\/ul>\n","protected":false},"excerpt":{"rendered":"<p>BOBS SPORT SPARROW FLEX Skechers BOBS Sport Sparrow Flex &#8211; Instant Clout destaca entre los zapatos deportivos por su capacidad<\/p>\n","protected":false},"featured_media":85735,"comment_status":"open","ping_status":"closed","template":"","meta":{"nf_dc_page":""},"product_brand":[],"product_cat":[73],"product_tag":[],"class_list":{"0":"post-85734","1":"product","2":"type-product","3":"status-publish","4":"has-post-thumbnail","6":"product_cat-femenino","8":"first","9":"instock","10":"shipping-taxable","11":"purchasable","12":"product-type-simple"},"_links":{"self":[{"href":"https:\/\/brandss.com.py\/index\/wp-json\/wp\/v2\/product\/85734","targetHints":{"allow":["GET"]}}],"collection":[{"href":"https:\/\/brandss.com.py\/index\/wp-json\/wp\/v2\/product"}],"about":[{"href":"https:\/\/brandss.com.py\/index\/wp-json\/wp\/v2\/types\/product"}],"replies":[{"embeddable":true,"href":"https:\/\/brandss.com.py\/index\/wp-json\/wp\/v2\/comments?post=85734"}],"version-history":[{"count":1,"href":"https:\/\/brandss.com.py\/index\/wp-json\/wp\/v2\/product\/85734\/revisions"}],"predecessor-version":[{"id":85743,"href":"https:\/\/brandss.com.py\/index\/wp-json\/wp\/v2\/product\/85734\/revisions\/85743"}],"wp:featuredmedia":[{"embeddable":true,"href":"https:\/\/brandss.com.py\/index\/wp-json\/wp\/v2\/media\/85735"}],"wp:attachment":[{"href":"https:\/\/brandss.com.py\/index\/wp-json\/wp\/v2\/media?parent=85734"}],"wp:term":[{"taxonomy":"product_brand","embeddable":true,"href":"https:\/\/brandss.com.py\/index\/wp-json\/wp\/v2\/product_brand?post=85734"},{"taxonomy":"product_cat","embeddable":true,"href":"https:\/\/brandss.com.py\/index\/wp-json\/wp\/v2\/product_cat?post=85734"},{"taxonomy":"product_tag","embeddable":true,"href":"https:\/\/brandss.com.py\/index\/wp-json\/wp\/v2\/product_tag?post=85734"}],"curies":[{"name":"wp","href":"https:\/\/api.w.org\/{rel}","templated":true}]}}