{"id":85774,"date":"2025-07-07T18:19:39","date_gmt":"2025-07-07T18:19:39","guid":{"rendered":"https:\/\/brandss.com.py\/index\/?post_type=product&#038;p=85774"},"modified":"2025-07-07T18:20:09","modified_gmt":"2025-07-07T18:20:09","slug":"calzado-deportivo-femenino-skechers-go-walk-max-walker","status":"publish","type":"product","link":"https:\/\/brandss.com.py\/index\/producto\/calzado-deportivo-femenino-skechers-go-walk-max-walker\/","title":{"rendered":"CALZADO DEPORTIVO FEMENINO SKECHERS GO WALK MAX WALKER"},"content":{"rendered":"<p><img loading=\"lazy\" decoding=\"async\" class=\"\" src=\"https:\/\/1000marcas.net\/wp-content\/uploads\/2020\/03\/logo-Skecher.png\" alt=\"Skechers Logo - s\u00edmbolo, significado logotipo, historia, PNG\" width=\"87\" height=\"36\" \/><\/p>\n<h1>GO WALK MAX WALKER<\/h1>\n<p><span>Disfruta de la m\u00e1xima comodidad con un estilo deportivo con los Skechers GO WALK Max Walker\u2122 &#8211; Vea. Este modelo con cordones para caminar cuenta con una parte superior de malla con plantilla Skechers Air-Cooled Goga Mat\u2122, amortiguaci\u00f3n ligera ULTRA GO\u00ae y entresuela Skechers Max Cushioning\u00ae, todo ello sobre una suela exterior de goma Goodyear\u00ae antideslizante.<\/span><\/p>\n<h3><span>Caracter\u00edsticas:<\/span><\/h3>\n<p><span>Parte superior de malla con cordones y acolchado<\/span><br \/>\n<span>en el tal\u00f3n Altura del tac\u00f3n de 2 pulgadas<\/span><br \/>\n<span>Lavable a m\u00e1quina<\/span><br \/>\n<span>Dise\u00f1o Skechers Max Cushioning\u00ae para una comodidad y un soporte excepcionales<\/span><br \/>\n<span>Plantilla transpirable Skechers Air-Cooled Goga Mat\u2122 con amortiguaci\u00f3n de alto rebote<\/span><br \/>\n<span>Amortiguaci\u00f3n ULTRA GO\u00ae ligera y sensible<\/span><br \/>\n<span>La suela exterior de goma Goodyear\u00ae antideslizante brinda mayor tracci\u00f3n, estabilidad y durabilidad<\/span><br \/>\n<span>Skechers HYPER ARC\u00ae se adapta a tu paso para promover una transici\u00f3n m\u00e1s suave para una carrera m\u00e1s eficiente<\/span><br \/>\n<span>Detalle del logotipo de Skechers\u00ae.<br \/>\n<\/span>Color: Black\/ White.<br \/>\nModelo: 125053BKW.<\/p>\n<h2 class=\"product-feature-snippet-title\"><span>Aspectos destacados del producto<\/span><\/h2>\n<div class=\"swiper ProductFeature swiper-initialized swiper-horizontal swiper-backface-hidden\">\n<div id=\"swiper-wrapper-438dd74728d08acf\" class=\"swiper-wrapper justify-ceneter\" aria-live=\"polite\">\n<div class=\"swiper-slide swiper-slide-active\" role=\"group\" aria-label=\"1 \/ 6\"><img loading=\"lazy\" decoding=\"async\" class=\"feature-icon alignleft\" src=\"https:\/\/cdn.shopify.com\/s\/files\/1\/0267\/2164\/8819\/files\/Goodyear_Rubber.svg?v=1715240089\" alt=\"Caucho Goodyear\" width=\"100\" height=\"100\" \/>&nbsp;<\/p>\n<p class=\"feature-text\"><span>Caucho Goodyear.<\/span><\/p>\n<p>&nbsp;<\/p>\n<\/div>\n<div class=\"swiper-slide swiper-slide-next\" role=\"group\" aria-label=\"2 \/ 6\"><img loading=\"lazy\" decoding=\"async\" class=\"feature-icon alignleft\" src=\"https:\/\/cdn.shopify.com\/s\/files\/1\/0267\/2164\/8819\/files\/Hyper_Arc.svg?v=1715240089\" alt=\"Hiperarco\" width=\"100\" height=\"100\" \/>&nbsp;<\/p>\n<p class=\"feature-text\"><span>Hiperarco.<\/span><\/p>\n<p>&nbsp;<\/p>\n<\/div>\n<div class=\"swiper-slide\" role=\"group\" aria-label=\"3 \/ 6\"><img loading=\"lazy\" decoding=\"async\" class=\"feature-icon alignleft\" src=\"https:\/\/cdn.shopify.com\/s\/files\/1\/0267\/2164\/8819\/files\/Machine_Washable.svg?v=1715240089\" alt=\"Lavable en la lavadora\" width=\"100\" height=\"100\" \/>&nbsp;<\/p>\n<p class=\"feature-text\"><span>Lavable en la lavadora.<\/span><\/p>\n<p>&nbsp;<\/p>\n<\/div>\n<div class=\"swiper-slide\" role=\"group\" aria-label=\"4 \/ 6\"><img loading=\"lazy\" decoding=\"async\" class=\"feature-icon alignleft\" src=\"https:\/\/cdn.shopify.com\/s\/files\/1\/0267\/2164\/8819\/files\/Max_Cushioning.svg?v=1715240089\" alt=\"M\u00e1xima amortiguaci\u00f3n\" width=\"100\" height=\"100\" \/>&nbsp;<\/p>\n<p class=\"feature-text\"><span>M\u00e1xima amortiguaci\u00f3n.<\/span><\/p>\n<p>&nbsp;<\/p>\n<\/div>\n<div class=\"swiper-slide\" role=\"group\" aria-label=\"5 \/ 6\"><img loading=\"lazy\" decoding=\"async\" class=\"feature-icon alignleft\" src=\"https:\/\/cdn.shopify.com\/s\/files\/1\/0267\/2164\/8819\/files\/Ultra_GO.svg?v=1715240090\" alt=\"Ultra Go\" width=\"100\" height=\"100\" \/>&nbsp;<\/p>\n<p class=\"feature-text\"><span>Ultra Go.<\/span><\/p>\n<\/div>\n<\/div>\n<\/div>\n","protected":false},"excerpt":{"rendered":"<p>GO WALK MAX WALKER Disfruta de la m\u00e1xima comodidad con un estilo deportivo con los Skechers GO WALK Max Walker\u2122<\/p>\n","protected":false},"featured_media":85775,"comment_status":"open","ping_status":"closed","template":"","meta":{"nf_dc_page":""},"product_brand":[],"product_cat":[73],"product_tag":[],"class_list":{"0":"post-85774","1":"product","2":"type-product","3":"status-publish","4":"has-post-thumbnail","6":"product_cat-femenino","8":"first","9":"instock","10":"shipping-taxable","11":"purchasable","12":"product-type-simple"},"_links":{"self":[{"href":"https:\/\/brandss.com.py\/index\/wp-json\/wp\/v2\/product\/85774","targetHints":{"allow":["GET"]}}],"collection":[{"href":"https:\/\/brandss.com.py\/index\/wp-json\/wp\/v2\/product"}],"about":[{"href":"https:\/\/brandss.com.py\/index\/wp-json\/wp\/v2\/types\/product"}],"replies":[{"embeddable":true,"href":"https:\/\/brandss.com.py\/index\/wp-json\/wp\/v2\/comments?post=85774"}],"version-history":[{"count":1,"href":"https:\/\/brandss.com.py\/index\/wp-json\/wp\/v2\/product\/85774\/revisions"}],"predecessor-version":[{"id":85780,"href":"https:\/\/brandss.com.py\/index\/wp-json\/wp\/v2\/product\/85774\/revisions\/85780"}],"wp:featuredmedia":[{"embeddable":true,"href":"https:\/\/brandss.com.py\/index\/wp-json\/wp\/v2\/media\/85775"}],"wp:attachment":[{"href":"https:\/\/brandss.com.py\/index\/wp-json\/wp\/v2\/media?parent=85774"}],"wp:term":[{"taxonomy":"product_brand","embeddable":true,"href":"https:\/\/brandss.com.py\/index\/wp-json\/wp\/v2\/product_brand?post=85774"},{"taxonomy":"product_cat","embeddable":true,"href":"https:\/\/brandss.com.py\/index\/wp-json\/wp\/v2\/product_cat?post=85774"},{"taxonomy":"product_tag","embeddable":true,"href":"https:\/\/brandss.com.py\/index\/wp-json\/wp\/v2\/product_tag?post=85774"}],"curies":[{"name":"wp","href":"https:\/\/api.w.org\/{rel}","templated":true}]}}