{"id":85781,"date":"2025-07-07T18:44:46","date_gmt":"2025-07-07T18:44:46","guid":{"rendered":"https:\/\/brandss.com.py\/index\/?post_type=product&#038;p=85781"},"modified":"2025-07-07T18:45:31","modified_gmt":"2025-07-07T18:45:31","slug":"calzado-deportivo-femenino-skechers-go-walk-max-walker-2","status":"publish","type":"product","link":"https:\/\/brandss.com.py\/index\/producto\/calzado-deportivo-femenino-skechers-go-walk-max-walker-2\/","title":{"rendered":"CALZADO DEPORTIVO FEMENINO SKECHERS GO WALK MAX WALKER"},"content":{"rendered":"<p><img loading=\"lazy\" decoding=\"async\" class=\"\" src=\"https:\/\/1000marcas.net\/wp-content\/uploads\/2020\/03\/logo-Skecher.png\" alt=\"Skechers Logo - s\u00edmbolo, significado logotipo, historia, PNG\" width=\"92\" height=\"38\" \/><\/p>\n<h1>GO WALK MAX WALKER<\/h1>\n<p>Disfruta de la m\u00e1xima comodidad con un estilo deportivo con los Skechers GO WALK Max Walker\u2122 &#8211; Vea. Este modelo con cordones para caminar cuenta con una parte superior de malla con plantilla Skechers Air-Cooled Goga Mat\u2122, amortiguaci\u00f3n ligera ULTRA GO\u00ae y entresuela Skechers Max Cushioning\u00ae, todo ello sobre una suela exterior de goma Goodyear\u00ae antideslizante.<\/p>\n<div class=\"c-product-features-details__detail description collapsible-sm d-lg-block col-12 col-lg-6 active\">\n<h2 class=\"c-product-features-details__title title d-none d-md-block\"><span>Caracter\u00edsticas principales<\/span><\/h2>\n<ul class=\"c-product-features-details__bullets content value\">\n<li class=\"c-product-features-details__bullet\"><span>Dise\u00f1o Skechers Max Cushioning\u00ae para una comodidad y un soporte excepcionales.<\/span><\/li>\n<li class=\"c-product-features-details__bullet\"><span>Plantilla transpirable Skechers Air-Cooled Goga Mat\u2122 con amortiguaci\u00f3n de alto rebote.<\/span><\/li>\n<li class=\"c-product-features-details__bullet\"><span>Amortiguaci\u00f3n ULTRA GO\u00ae ligera y reactiva.<\/span><\/li>\n<li class=\"c-product-features-details__bullet\"><span>La suela de goma antideslizante Goodyear\u00ae ofrece mayor tracci\u00f3n, estabilidad y durabilidad.<\/span><\/li>\n<li class=\"c-product-features-details__bullet\"><span>Skechers HYPER ARC\u00ae se adapta a tu paso para promover una transici\u00f3n m\u00e1s suave para una carrera m\u00e1s eficiente.<\/span><\/li>\n<li>Color: Gris\/Agua.<\/li>\n<li>Modelo: <span class=\"product-id\">125053<\/span><span class=\"js-product-details-color-colorCode\">GYAQ.<\/span><\/li>\n<\/ul>\n<\/div>\n<div class=\"c-product-features-details__detail details collapsible-sm d-lg-block col-12 col-lg-6\">\n<h2 class=\"c-product-features-details__title title d-none d-md-block\">Detalles de dise\u00f1o<\/h2>\n<ul class=\"c-product-features-details__bullets content value\">\n<li class=\"c-product-features-details__bullet\">Parte superior de malla con cordones y acolchado en el tal\u00f3n.<\/li>\n<li class=\"c-product-features-details__bullet\">Altura del tac\u00f3n de 2 pulgadas.<\/li>\n<li class=\"c-product-features-details__bullet\">Lavable en la lavadora.<\/li>\n<li class=\"c-product-features-details__bullet\">Detalle del logotipo de Skechers\u00ae.<\/li>\n<\/ul>\n<div class=\"c-product-highlights__heading-container\">\n<h2 class=\"c-product-highlights__heading\"><span>Aspectos destacados<\/span><\/h2>\n<\/div>\n<div class=\"container\">\n<div class=\"c-product-highlights__container js-slider s-slick slick-initialized slick-slider\" data-slick=\"{&quot;autoplay&quot;:false,&quot;arrows&quot;:true,&quot;dots&quot;:true,&quot;infinite&quot;:false,&quot;mobileFirst&quot;:true,&quot;slidesToShow&quot;:2,&quot;centerMode&quot;:false,&quot;responsive&quot;:[{&quot;centerMode&quot;:true,&quot;breakpoint&quot;:766,&quot;settings&quot;:{&quot;slidesToShow&quot;:3}},{&quot;breakpoint&quot;:1279,&quot;settings&quot;:{&quot;arrows&quot;:true,&quot;slidesToShow&quot;:5}},{&quot;breakpoint&quot;:1879,&quot;settings&quot;:{&quot;arrows&quot;:true,&quot;slidesToShow&quot;:7}}]}\">\n<div class=\"slick-list draggable\">\n<div class=\"slick-track\">\n<div class=\"slick-slide slick-current slick-active\" data-slick-index=\"0\" aria-hidden=\"false\">\n<div>\n<figure class=\"c-product-highlights__item col-lg-2 contentasset-product-highlight-goodyear-rubber\"><img loading=\"lazy\" decoding=\"async\" class=\"alignleft\" src=\"https:\/\/www.skechers.com\/on\/demandware.static\/-\/Library-Sites-SkechersSharedLibrary\/default\/dwf7b7cf3e\/images\/product\/highlights\/goodyear_rubber_color.svg\" alt=\"Caucho Goodyear\" width=\"100\" height=\"100\" data-loading=\"lazy\" \/><figcaption class=\"c-product-highlights__item__heading\"><span><\/p>\n<p>Caucho Goodyear.<\/p>\n<p><\/span><\/figcaption><\/figure>\n<\/div>\n<\/div>\n<div class=\"slick-slide slick-active\" data-slick-index=\"1\" aria-hidden=\"false\">\n<div>\n<figure class=\"c-product-highlights__item col-lg-2 contentasset-product-highlight-machine-washable\"><img loading=\"lazy\" decoding=\"async\" class=\"alignleft\" src=\"https:\/\/www.skechers.com\/on\/demandware.static\/-\/Library-Sites-SkechersSharedLibrary\/default\/dwaed3d0c4\/images\/product\/highlights\/machine_washable_color.svg\" alt=\"Lavable en la lavadora\" width=\"100\" height=\"100\" data-loading=\"lazy\" \/><figcaption class=\"c-product-highlights__item__heading\"><span><\/p>\n<p>Lavable en la lavadora.<\/p>\n<p><\/span><\/figcaption><\/figure>\n<\/div>\n<\/div>\n<div class=\"slick-slide slick-active\" data-slick-index=\"2\" aria-hidden=\"false\">\n<div>\n<figure class=\"c-product-highlights__item col-lg-2 contentasset-product-highlight-vegan\"><img loading=\"lazy\" decoding=\"async\" class=\"alignleft\" src=\"https:\/\/www.skechers.com\/on\/demandware.static\/-\/Library-Sites-SkechersSharedLibrary\/default\/dwc2aefda4\/images\/product\/highlights\/vegan_design_color.svg\" alt=\"Vegano\" width=\"100\" height=\"100\" data-loading=\"lazy\" \/><figcaption class=\"c-product-highlights__item__heading\"><span><\/p>\n<p>Vegano.<\/span><\/figcaption><\/figure>\n<\/div>\n<\/div>\n<\/div>\n<\/div>\n<\/div>\n<\/div>\n<\/div>\n","protected":false},"excerpt":{"rendered":"<p>GO WALK MAX WALKER Disfruta de la m\u00e1xima comodidad con un estilo deportivo con los Skechers GO WALK Max Walker\u2122<\/p>\n","protected":false},"featured_media":85782,"comment_status":"open","ping_status":"closed","template":"","meta":{"nf_dc_page":""},"product_brand":[],"product_cat":[73],"product_tag":[],"class_list":{"0":"post-85781","1":"product","2":"type-product","3":"status-publish","4":"has-post-thumbnail","6":"product_cat-femenino","8":"first","9":"instock","10":"shipping-taxable","11":"purchasable","12":"product-type-simple"},"_links":{"self":[{"href":"https:\/\/brandss.com.py\/index\/wp-json\/wp\/v2\/product\/85781","targetHints":{"allow":["GET"]}}],"collection":[{"href":"https:\/\/brandss.com.py\/index\/wp-json\/wp\/v2\/product"}],"about":[{"href":"https:\/\/brandss.com.py\/index\/wp-json\/wp\/v2\/types\/product"}],"replies":[{"embeddable":true,"href":"https:\/\/brandss.com.py\/index\/wp-json\/wp\/v2\/comments?post=85781"}],"version-history":[{"count":1,"href":"https:\/\/brandss.com.py\/index\/wp-json\/wp\/v2\/product\/85781\/revisions"}],"predecessor-version":[{"id":85787,"href":"https:\/\/brandss.com.py\/index\/wp-json\/wp\/v2\/product\/85781\/revisions\/85787"}],"wp:featuredmedia":[{"embeddable":true,"href":"https:\/\/brandss.com.py\/index\/wp-json\/wp\/v2\/media\/85782"}],"wp:attachment":[{"href":"https:\/\/brandss.com.py\/index\/wp-json\/wp\/v2\/media?parent=85781"}],"wp:term":[{"taxonomy":"product_brand","embeddable":true,"href":"https:\/\/brandss.com.py\/index\/wp-json\/wp\/v2\/product_brand?post=85781"},{"taxonomy":"product_cat","embeddable":true,"href":"https:\/\/brandss.com.py\/index\/wp-json\/wp\/v2\/product_cat?post=85781"},{"taxonomy":"product_tag","embeddable":true,"href":"https:\/\/brandss.com.py\/index\/wp-json\/wp\/v2\/product_tag?post=85781"}],"curies":[{"name":"wp","href":"https:\/\/api.w.org\/{rel}","templated":true}]}}