{"id":85795,"date":"2025-07-07T19:11:17","date_gmt":"2025-07-07T19:11:17","guid":{"rendered":"https:\/\/brandss.com.py\/index\/?post_type=product&#038;p=85795"},"modified":"2025-07-07T19:11:44","modified_gmt":"2025-07-07T19:11:44","slug":"calzado-deportivo-femenino-skechers-go-run-elevate-2-0","status":"publish","type":"product","link":"https:\/\/brandss.com.py\/index\/producto\/calzado-deportivo-femenino-skechers-go-run-elevate-2-0\/","title":{"rendered":"CALZADO DEPORTIVO FEMENINO SKECHERS GO RUN ELEVATE 2.0"},"content":{"rendered":"<p><img loading=\"lazy\" decoding=\"async\" class=\"\" src=\"https:\/\/1000marcas.net\/wp-content\/uploads\/2020\/03\/logo-Skecher.png\" alt=\"Skechers Logo - s\u00edmbolo, significado logotipo, historia, PNG\" width=\"80\" height=\"33\" \/><\/p>\n<h1>GO RUN ELEVATE 2.0<\/h1>\n<p>Avanza al siguiente nivel de comodidad y rendimiento con Skechers GO RUN\u00ae Elevate 2.0. Este dise\u00f1o para correr con cordones presenta una parte superior de tejido t\u00e9cnico deportivo con capas superpuestas de termosellado sint\u00e9tico, una plantilla c\u00f3moda Skechers Air-Cooled Goga Mat\u2122 y amortiguaci\u00f3n ULTRALIGERA.<\/p>\n<div class=\"multicolumn-card content-container\">\n<div class=\"multicolumn-card__info\">\n<h3>Caracter\u00edsticas principales<\/h3>\n<div class=\"rte\">\n<div class=\"metafield-rich_text_field\">\n<ul>\n<li>Amortiguaci\u00f3n de entresuela ULTRA LIGERA, ligera y con capacidad de respuesta<\/li>\n<li>Plantilla transpirable Skechers Air-Cooled Goga Mat\u2122 con amortiguaci\u00f3n de alto rebote<\/li>\n<li>La tecnolog\u00eda M-Strike\u00ae de Skechers promueve la eficiencia en cada paso. Esta configuraci\u00f3n de entresuela crea transiciones suaves desde el aterrizaje hasta el despegue.<\/li>\n<li>Espuma de amortiguaci\u00f3n ultraligera Skechers\u00ae Soft Stride\u2122 para mayor comodidad.<\/li>\n<li>Color: Frambuesa.<\/li>\n<li>Modelo: 129000RAS.\n<div class=\"multicolumn-card__info\">\n<h3>Detalles<\/h3>\n<div class=\"rte\">\n<div class=\"metafield-rich_text_field\">\n<ul>\n<li>Parte superior de tejido t\u00e9cnico con cordones y capas superpuestas sint\u00e9ticas termofusibles<\/li>\n<li>Suela de tracci\u00f3n flexible<\/li>\n<li>Lavable en la lavadora<\/li>\n<li>Altura del tac\u00f3n: 1 1\/2 pulgada<\/li>\n<li>Ca\u00edda: 8 mm<\/li>\n<li>Peso: 8,2 oz en talla 6 de mujer<\/li>\n<li>Detalle del logotipo de Skechers GO RUN\u00ae<\/li>\n<\/ul>\n<\/div>\n<\/div>\n<div class=\"block-logos__title\">\n<h2>Informaci\u00f3n del producto<\/h2>\n<\/div>\n<div class=\"block-logos__brands\">\n<div class=\"logo-block\">\n<div class=\"image-container\"><img decoding=\"async\" class=\"align-height alignleft\" src=\"https:\/\/skechers.com.ar\/cdn\/shop\/files\/Air_Cooled_Goga_Mat_Insole.svg?v=1699557463\" alt=\"\" \/><\/div>\n<p>&nbsp;<\/p>\n<p>AIR COOLED GOGA MAT INSOLE.<\/p>\n<p>&nbsp;<\/p>\n<\/div>\n<div class=\"logo-block\">\n<div class=\"image-container\"><img loading=\"lazy\" decoding=\"async\" class=\"align-height alignleft\" src=\"https:\/\/skechers.com.ar\/cdn\/shop\/files\/machine_washable_e9ff8330-8f72-4fb9-9564-69f186e59803.svg?v=1719599553\" alt=\"\" width=\"114\" height=\"114\" \/><\/div>\n<p>&nbsp;<\/p>\n<p>&nbsp;<\/p>\n<p>MACHINE WASHABLE.<\/p>\n<\/div>\n<p>&nbsp;<\/p>\n<div class=\"logo-block\">\n<div class=\"image-container\"><img decoding=\"async\" class=\"align-height alignleft\" src=\"https:\/\/skechers.com.ar\/cdn\/shop\/files\/ULTRA_LIGHT_CUSHIONING_a71ec336-b538-4f44-9c22-54fd11a4fae7.svg?v=1699881577\" alt=\"\" \/><\/div>\n<p>&nbsp;<\/p>\n<p>ULTRA LIGHT CUSHIONING.<\/p>\n<\/div>\n<\/div>\n<\/div>\n<\/li>\n<\/ul>\n<ul id=\"Slider-template--16054265839754__590f24c6-b5f8-45ad-bb3c-85a4fe369af9\" class=\"multicolumn-list contains-content-container grid grid--1-col-tablet-down grid--2-col-desktop\" role=\"list\"><\/ul>\n<\/div>\n<\/div>\n<\/div>\n<\/div>\n<ul id=\"Slider-template--16054265839754__590f24c6-b5f8-45ad-bb3c-85a4fe369af9\" class=\"multicolumn-list contains-content-container grid grid--1-col-tablet-down grid--2-col-desktop\" role=\"list\"><\/ul>\n","protected":false},"excerpt":{"rendered":"<p>GO RUN ELEVATE 2.0 Avanza al siguiente nivel de comodidad y rendimiento con Skechers GO RUN\u00ae Elevate 2.0. Este dise\u00f1o<\/p>\n","protected":false},"featured_media":85796,"comment_status":"open","ping_status":"closed","template":"","meta":{"nf_dc_page":""},"product_brand":[],"product_cat":[73],"product_tag":[],"class_list":{"0":"post-85795","1":"product","2":"type-product","3":"status-publish","4":"has-post-thumbnail","6":"product_cat-femenino","8":"first","9":"instock","10":"shipping-taxable","11":"purchasable","12":"product-type-simple"},"_links":{"self":[{"href":"https:\/\/brandss.com.py\/index\/wp-json\/wp\/v2\/product\/85795","targetHints":{"allow":["GET"]}}],"collection":[{"href":"https:\/\/brandss.com.py\/index\/wp-json\/wp\/v2\/product"}],"about":[{"href":"https:\/\/brandss.com.py\/index\/wp-json\/wp\/v2\/types\/product"}],"replies":[{"embeddable":true,"href":"https:\/\/brandss.com.py\/index\/wp-json\/wp\/v2\/comments?post=85795"}],"version-history":[{"count":1,"href":"https:\/\/brandss.com.py\/index\/wp-json\/wp\/v2\/product\/85795\/revisions"}],"predecessor-version":[{"id":85801,"href":"https:\/\/brandss.com.py\/index\/wp-json\/wp\/v2\/product\/85795\/revisions\/85801"}],"wp:featuredmedia":[{"embeddable":true,"href":"https:\/\/brandss.com.py\/index\/wp-json\/wp\/v2\/media\/85796"}],"wp:attachment":[{"href":"https:\/\/brandss.com.py\/index\/wp-json\/wp\/v2\/media?parent=85795"}],"wp:term":[{"taxonomy":"product_brand","embeddable":true,"href":"https:\/\/brandss.com.py\/index\/wp-json\/wp\/v2\/product_brand?post=85795"},{"taxonomy":"product_cat","embeddable":true,"href":"https:\/\/brandss.com.py\/index\/wp-json\/wp\/v2\/product_cat?post=85795"},{"taxonomy":"product_tag","embeddable":true,"href":"https:\/\/brandss.com.py\/index\/wp-json\/wp\/v2\/product_tag?post=85795"}],"curies":[{"name":"wp","href":"https:\/\/api.w.org\/{rel}","templated":true}]}}