{"id":85819,"date":"2025-07-08T12:00:52","date_gmt":"2025-07-08T12:00:52","guid":{"rendered":"https:\/\/brandss.com.py\/index\/?post_type=product&#038;p=85819"},"modified":"2025-07-08T12:05:29","modified_gmt":"2025-07-08T12:05:29","slug":"calzado-casual-femenino-skechers-go-walk-flex","status":"publish","type":"product","link":"https:\/\/brandss.com.py\/index\/producto\/calzado-casual-femenino-skechers-go-walk-flex\/","title":{"rendered":"CALZADO CASUAL FEMENINO SKECHERS GO WALK FLEX"},"content":{"rendered":"<p><img loading=\"lazy\" decoding=\"async\" class=\"\" src=\"https:\/\/1000marcas.net\/wp-content\/uploads\/2020\/03\/logo-Skecher.png\" alt=\"Skechers Logo - s\u00edmbolo, significado logotipo, historia, PNG\" width=\"126\" height=\"52\" \/><\/p>\n<h1>GO WALK FLEX<\/h1>\n<p>Simplemente camina y disfruta de la comodidad y el estilo flexibles con los Skechers Hands Free Slip-ins\u00ae GO WALK Flex\u2122 &#8211; Ojai. Este dise\u00f1o sin cordones cuenta con nuestra exclusiva Heel Pillow\u2122, parte superior de malla, plantilla Skechers Air-Cooled Memory Foam\u00ae y una entresuela ligera con amortiguaci\u00f3n ULTRA GO\u00ae.<\/p>\n<h5>Caracter\u00edsticas principales<\/h5>\n<p>Skechers Hands Free Slip-ins\u00ae para un ajuste f\u00e1cil.<br \/>\nLa exclusiva almohada Heel Pillow\u2122 mantiene el pie firmemente en su lugar.<br \/>\nAmortiguaci\u00f3n ULTRA GO\u00ae ligera y reactiva.<br \/>\nPlantilla c\u00f3moda y acolchada Skechers Air-Cooled Memory Foam\u00ae.<br \/>\nColor: Negro.<br \/>\nModelo: <span class=\"product-id\">216333<\/span><span class=\"js-product-details-color-colorCode\">BBK.<\/span><\/p>\n<h5>Detalles de dise\u00f1o<\/h5>\n<p>Parte superior de malla sin cordones<br \/>\nAltura del tac\u00f3n: 1 1\/4 pulgadas<br \/>\nLavable en la lavadora<br \/>\nDetalle del logotipo de Skechers\u00ae<\/p>\n<div class=\"c-product-highlights\">\n<div class=\"c-product-highlights__heading-container\">\n<h2 class=\"c-product-highlights__heading\">Aspectos destacados del producto<\/h2>\n<\/div>\n<div class=\"container\">\n<div class=\"c-product-highlights__container js-slider s-slick slick-initialized slick-slider\" data-slick=\"{&quot;autoplay&quot;:false,&quot;arrows&quot;:true,&quot;dots&quot;:true,&quot;infinite&quot;:false,&quot;mobileFirst&quot;:true,&quot;slidesToShow&quot;:2,&quot;centerMode&quot;:false,&quot;responsive&quot;:[{&quot;centerMode&quot;:true,&quot;breakpoint&quot;:766,&quot;settings&quot;:{&quot;slidesToShow&quot;:3}},{&quot;breakpoint&quot;:1279,&quot;settings&quot;:{&quot;arrows&quot;:true,&quot;slidesToShow&quot;:5}},{&quot;breakpoint&quot;:1879,&quot;settings&quot;:{&quot;arrows&quot;:true,&quot;slidesToShow&quot;:7}}]}\">\n<div class=\"slick-list draggable\">\n<div class=\"slick-track\">\n<div class=\"slick-slide slick-current slick-active\" data-slick-index=\"0\" aria-hidden=\"false\">\n<div>\n<figure class=\"c-product-highlights__item col-lg-2 contentasset-product-highlight-machine-washable\"><img loading=\"lazy\" decoding=\"async\" class=\"alignleft\" src=\"https:\/\/www.skechers.com\/on\/demandware.static\/-\/Library-Sites-SkechersSharedLibrary\/default\/dwaed3d0c4\/images\/product\/highlights\/machine_washable_color.svg\" alt=\"Lavable en la lavadora\" width=\"100\" height=\"100\" data-loading=\"lazy\" \/><figcaption class=\"c-product-highlights__item__heading\">Lavable en la lavadora.<\/p>\n<p>&nbsp;<\/p>\n<\/figcaption><\/figure>\n<\/div>\n<\/div>\n<div class=\"slick-slide slick-active\" data-slick-index=\"1\" aria-hidden=\"false\">\n<div>\n<figure class=\"c-product-highlights__item col-lg-2 contentasset-product-highlight-vegan\"><img loading=\"lazy\" decoding=\"async\" class=\"alignleft\" src=\"https:\/\/www.skechers.com\/on\/demandware.static\/-\/Library-Sites-SkechersSharedLibrary\/default\/dwc2aefda4\/images\/product\/highlights\/vegan_design_color.svg\" alt=\"Vegano\" width=\"100\" height=\"100\" data-loading=\"lazy\" \/><figcaption class=\"c-product-highlights__item__heading\">Vegano.<\/p>\n<p>&nbsp;<\/p>\n<\/figcaption><\/figure>\n<\/div>\n<\/div>\n<\/div>\n<\/div>\n<\/div>\n<\/div>\n<\/div>\n<div class=\"c-product-technologies \">\n<div class=\"c-product-technologies__heading-container\">\n<h2 class=\"c-product-technologies__heading\">Tecnolog\u00edas de confort<\/h2>\n<\/div>\n<div class=\"container\">\n<div class=\"c-product-technologies__container\">\n<div class=\"c-product-technologies__item col-lg-4 col-md-6 contentasset-pdp-comfort-technology-air-cooled-goga-mat last-type-no-border top-row-padding comfort-col-4up\">\n<p><img loading=\"lazy\" decoding=\"async\" class=\"alignleft\" src=\"https:\/\/www.skechers.com\/on\/demandware.static\/-\/Library-Sites-SkechersSharedLibrary\/default\/dw58cb6f5a\/images\/product\/comfort-tech\/GogaMat.png\" alt=\"Estera Goga\" width=\"100\" height=\"100\" data-loading=\"lazy\" \/><\/p>\n<div><\/div>\n<div class=\"items__heading__body-container\">\n<p>Estera GogaNuestra tecnolog\u00eda Goga Mat\u00ae ofrece una excelente combinaci\u00f3n de soporte y comodidad, brindando una sensaci\u00f3n liviana, acolchada y sensible que es perfecta para usar durante todo el d\u00eda.<\/p>\n<\/div>\n<\/div>\n<div class=\"c-product-technologies__item col-lg-4 col-md-6 contentasset-pdp-comfort-technology-ultra-go last-type-no-border top-row-padding comfort-col-4up\">\n<p><img loading=\"lazy\" decoding=\"async\" class=\"alignleft\" src=\"https:\/\/www.skechers.com\/on\/demandware.static\/-\/Library-Sites-SkechersSharedLibrary\/default\/dw7f60095e\/images\/product\/comfort-tech\/UltraGo.png\" alt=\"Ultra Go\" width=\"100\" height=\"100\" data-loading=\"lazy\" \/><\/p>\n<div><\/div>\n<div class=\"items__heading__body-container\">\n<p>Ultra GoIdeal para actividades f\u00edsicas, nuestra amortiguaci\u00f3n liviana ULTRA GO\u00ae proporciona un efecto de rebote alto y sensible con cada paso.<\/p>\n<\/div>\n<\/div>\n<\/div>\n<\/div>\n<\/div>\n","protected":false},"excerpt":{"rendered":"<p>GO WALK FLEX Simplemente camina y disfruta de la comodidad y el estilo flexibles con los Skechers Hands Free Slip-ins\u00ae<\/p>\n","protected":false},"featured_media":85820,"comment_status":"open","ping_status":"closed","template":"","meta":{"nf_dc_page":""},"product_brand":[],"product_cat":[73],"product_tag":[],"class_list":{"0":"post-85819","1":"product","2":"type-product","3":"status-publish","4":"has-post-thumbnail","6":"product_cat-femenino","8":"first","9":"instock","10":"shipping-taxable","11":"purchasable","12":"product-type-simple"},"_links":{"self":[{"href":"https:\/\/brandss.com.py\/index\/wp-json\/wp\/v2\/product\/85819","targetHints":{"allow":["GET"]}}],"collection":[{"href":"https:\/\/brandss.com.py\/index\/wp-json\/wp\/v2\/product"}],"about":[{"href":"https:\/\/brandss.com.py\/index\/wp-json\/wp\/v2\/types\/product"}],"replies":[{"embeddable":true,"href":"https:\/\/brandss.com.py\/index\/wp-json\/wp\/v2\/comments?post=85819"}],"version-history":[{"count":3,"href":"https:\/\/brandss.com.py\/index\/wp-json\/wp\/v2\/product\/85819\/revisions"}],"predecessor-version":[{"id":85827,"href":"https:\/\/brandss.com.py\/index\/wp-json\/wp\/v2\/product\/85819\/revisions\/85827"}],"wp:featuredmedia":[{"embeddable":true,"href":"https:\/\/brandss.com.py\/index\/wp-json\/wp\/v2\/media\/85820"}],"wp:attachment":[{"href":"https:\/\/brandss.com.py\/index\/wp-json\/wp\/v2\/media?parent=85819"}],"wp:term":[{"taxonomy":"product_brand","embeddable":true,"href":"https:\/\/brandss.com.py\/index\/wp-json\/wp\/v2\/product_brand?post=85819"},{"taxonomy":"product_cat","embeddable":true,"href":"https:\/\/brandss.com.py\/index\/wp-json\/wp\/v2\/product_cat?post=85819"},{"taxonomy":"product_tag","embeddable":true,"href":"https:\/\/brandss.com.py\/index\/wp-json\/wp\/v2\/product_tag?post=85819"}],"curies":[{"name":"wp","href":"https:\/\/api.w.org\/{rel}","templated":true}]}}