{"id":85835,"date":"2025-07-08T13:17:05","date_gmt":"2025-07-08T13:17:05","guid":{"rendered":"https:\/\/brandss.com.py\/index\/?post_type=product&#038;p=85835"},"modified":"2025-07-08T13:17:49","modified_gmt":"2025-07-08T13:17:49","slug":"calzado-deportivo-femenino-skechers-go-walk-now-payton-2","status":"publish","type":"product","link":"https:\/\/brandss.com.py\/index\/producto\/calzado-deportivo-femenino-skechers-go-walk-now-payton-2\/","title":{"rendered":"CALZADO DEPORTIVO FEMENINO SKECHERS GO WALK NOW PAYTON"},"content":{"rendered":"<p><img loading=\"lazy\" decoding=\"async\" class=\"\" src=\"https:\/\/1000marcas.net\/wp-content\/uploads\/2020\/03\/logo-Skecher.png\" alt=\"Skechers Logo - s\u00edmbolo, significado logotipo, historia, PNG\" width=\"131\" height=\"54\" \/><\/p>\n<h1>GO WALK NOW PAYTON<\/h1>\n<p>\u00a1A CAMINAR! Disfruta de la comodidad y la amortiguaci\u00f3n que ofrecen los calzados de senderismo Payton para hombre. Estos calzados elegantes y funcionales est\u00e1n dise\u00f1adas para brindarte soporte durante tus caminatas y comodidad durante todo el d\u00eda. La plantilla acolchada Skechers Air-Cooled Goga Mat\u2122 mantiene tus pies frescos y secos, mientras que la amortiguaci\u00f3n ligera y reactiva de la entresuela ULTRA LIGHT aumenta la comodidad en cada paso. Para mayor comodidad, utiliza la espuma ultraligera Skechers\u00ae Soft Stride\u2122, que minimiza la fatiga incluso en caminatas largas. Gracias a la suela exterior ligera, se adapta al terreno y garantiza pasos seguros y estables. Adem\u00e1s, pertenecer a la colecci\u00f3n Skechers Hands Free Slip-ins, f\u00e1ciles de usar, ofrece practicidad para el d\u00eda a d\u00eda. La almohadilla especial para el tal\u00f3n Heel Pillow sujeta el pie con seguridad, mientras que la parte superior de malla bicolor con cordones flexibles a\u00f1ade estilo y mayor ventilaci\u00f3n. Adem\u00e1s, es muy f\u00e1cil de limpiar gracias a su capacidad para lavar a m\u00e1quina.<\/p>\n<h4>Caracter\u00edsticas<\/h4>\n<ul>\n<li><span>Cuenta con una plantilla transpirable Skechers Air-Cooled Goga Mat\u2122.<\/span><\/li>\n<li><span>Amortiguaci\u00f3n de entresuela ULTRA LIGHT ligera y con capacidad de respuesta.<\/span><\/li>\n<li><span>Se utiliza espuma de amortiguaci\u00f3n ultraliviana Skechers\u00ae Soft Stride\u2122 para mayor comodidad.<\/span><\/li>\n<li><span>Parte de la colecci\u00f3n Skechers Hands Free Slip-ins f\u00e1ciles de usar.<\/span><\/li>\n<li><span>La almohadilla especial para el tal\u00f3n sostiene el pie de forma segura.<\/span><\/li>\n<li><span>Cuenta con una parte superior de malla dise\u00f1ada en dos tonos con cordones el\u00e1sticos.<\/span><\/li>\n<li><span>Lavable en la lavadora.<\/span><\/li>\n<li><span>Elaborado con ingredientes 100% veganos.<\/span><\/li>\n<li><span>La altura del tac\u00f3n es de 3,17 cm.<\/span><\/li>\n<\/ul>\n<div class=\"c-product-features-details__detail description collapsible-sm d-lg-block col-12 col-lg-4\">\n<h2 class=\"c-product-features-details__title title d-none d-md-block\" aria-expanded=\"false\"><span>Caracter\u00edsticas principales<\/span><\/h2>\n<ul class=\"c-product-features-details__bullets content value\">\n<li class=\"c-product-features-details__bullet\"><span>Panel de tal\u00f3n moldeado Skechers Hands Free Slip-ins\u00ae para un ajuste f\u00e1cil<\/span><\/li>\n<li class=\"c-product-features-details__bullet\"><span>La exclusiva almohada Heel Pillow\u2122 mantiene el pie firmemente en su lugar<\/span><\/li>\n<li class=\"c-product-features-details__bullet\"><span>Plantilla transpirable Skechers Air-Cooled Goga Mat\u2122 con amortiguaci\u00f3n de alto rebote<\/span><\/li>\n<li class=\"c-product-features-details__bullet\"><span>Amortiguaci\u00f3n ULTRA LIGERA, ligera y con capacidad de respuesta<\/span><\/li>\n<li class=\"c-product-features-details__bullet\"><span>Espuma de amortiguaci\u00f3n ultraligera Skechers\u00ae Soft Stride\u2122 para mayor comodidad<\/span><\/li>\n<li class=\"c-product-features-details__bullet\"><span>Elaborado con materiales 100% veganos.<\/span><\/li>\n<\/ul>\n<\/div>\n<div class=\"c-product-features-details__detail details collapsible-sm d-lg-block col-12 col-lg-4\">\n<h2 class=\"c-product-features-details__title title d-none d-md-block\"><span>Detalles de dise\u00f1o<\/span><\/h2>\n<ul class=\"c-product-features-details__bullets content value\">\n<li class=\"c-product-features-details__bullet\"><span>Parte superior de malla dise\u00f1ada en dos tonos con cordones el\u00e1sticos.<\/span><\/li>\n<li class=\"c-product-features-details__bullet\"><span>Suela de tracci\u00f3n flexible.<\/span><\/li>\n<li class=\"c-product-features-details__bullet\"><span>Altura del tac\u00f3n: 1 1\/4 pulgadas.<\/span><\/li>\n<li class=\"c-product-features-details__bullet\"><span>Lavable en la lavadora.<\/span><\/li>\n<li class=\"c-product-features-details__bullet\"><span>Detalle del logotipo de Skechers\u00ae.<\/span><\/li>\n<li>Color: Negro\/ Blanco.<\/li>\n<li>Modelo: <span class=\"product-id\">216375<\/span><span class=\"js-product-details-color-colorCode\">BKW.<\/span><\/li>\n<\/ul>\n<\/div>\n<div class=\"c-product-features-details__detail details js-product-materials collapsible-sm d-lg-block col-12 col-lg-4\">\n<h2 class=\"c-product-features-details__title title d-none d-md-block\">Materiales<\/h2>\n<ul class=\"c-product-features-details__bullets content value\">\n<li class=\"c-product-features-details__bullet\">Suela: SINT\u00c9TICA.<\/li>\n<li class=\"c-product-features-details__bullet\">Parte superior: TEXTIL, SINT\u00c9TICO.<\/li>\n<li class=\"c-product-features-details__bullet\">Plantilla de forro: TEXTIL.<\/li>\n<\/ul>\n<div class=\"c-product-highlights\">\n<div class=\"c-product-highlights__heading-container\">\n<h2 class=\"c-product-highlights__heading\"><span>Aspectos destacados del producto<\/span><\/h2>\n<\/div>\n<div class=\"container\">\n<div class=\"c-product-highlights__container js-slider s-slick slick-initialized slick-slider\" data-slick=\"{&quot;autoplay&quot;:false,&quot;arrows&quot;:true,&quot;dots&quot;:true,&quot;infinite&quot;:false,&quot;mobileFirst&quot;:true,&quot;slidesToShow&quot;:2,&quot;centerMode&quot;:false,&quot;responsive&quot;:[{&quot;centerMode&quot;:true,&quot;breakpoint&quot;:766,&quot;settings&quot;:{&quot;slidesToShow&quot;:3}},{&quot;breakpoint&quot;:1279,&quot;settings&quot;:{&quot;arrows&quot;:true,&quot;slidesToShow&quot;:5}},{&quot;breakpoint&quot;:1879,&quot;settings&quot;:{&quot;arrows&quot;:true,&quot;slidesToShow&quot;:7}}]}\">\n<div class=\"slick-list draggable\">\n<div class=\"slick-track\">\n<div class=\"slick-slide slick-current slick-active\" data-slick-index=\"0\" aria-hidden=\"false\">\n<div>\n<figure class=\"c-product-highlights__item col-lg-2 contentasset-product-highlight-slip-ins\"><img loading=\"lazy\" decoding=\"async\" class=\"alignleft\" src=\"https:\/\/www.skechers.de\/on\/demandware.static\/-\/Library-Sites-SkechersSharedLibrary\/default\/dw24b82c78\/images\/product\/highlights\/SKX_Hands_Free_Slip-ins_Logo-new.svg\" alt=\"Zapatos sin cordones manos libres\" width=\"100\" height=\"100\" data-loading=\"lazy\" \/><figcaption class=\"c-product-highlights__item__heading\"><span><br \/>\nZapatos sin cordones manos libres.<\/p>\n<p><\/span><\/figcaption><\/figure>\n<\/div>\n<\/div>\n<div class=\"slick-slide slick-active\" data-slick-index=\"1\" aria-hidden=\"false\">\n<div>\n<figure class=\"c-product-highlights__item col-lg-2 contentasset-product-highlight-goga-mat\"><img loading=\"lazy\" decoding=\"async\" class=\"alignleft\" src=\"https:\/\/www.skechers.de\/on\/demandware.static\/-\/Library-Sites-SkechersSharedLibrary\/default\/dwfb4f9c77\/images\/product\/highlights\/goga_mat_color.svg\" alt=\"Estera Goga\" width=\"100\" height=\"100\" data-loading=\"lazy\" \/><figcaption class=\"c-product-highlights__item__heading\"><span><\/p>\n<p>Estera Goga.<\/p>\n<p><\/span><\/figcaption><\/figure>\n<\/div>\n<\/div>\n<div class=\"slick-slide slick-active\" data-slick-index=\"2\" aria-hidden=\"false\">\n<div>\n<figure class=\"c-product-highlights__item col-lg-2 contentasset-product-highlight-machine-washable\"><img loading=\"lazy\" decoding=\"async\" class=\"alignleft\" src=\"https:\/\/www.skechers.de\/on\/demandware.static\/-\/Library-Sites-SkechersSharedLibrary\/default\/dwf22ce62e\/images\/product\/highlights\/machine_washable_color.svg\" alt=\"Lavable en la lavadora\" width=\"100\" height=\"100\" data-loading=\"lazy\" \/><figcaption class=\"c-product-highlights__item__heading\"><span><\/p>\n<p>Lavable en la lavadora.<\/p>\n<p><\/span><\/figcaption><\/figure>\n<\/div>\n<\/div>\n<div class=\"slick-slide slick-active\" data-slick-index=\"3\" aria-hidden=\"false\">\n<div>\n<figure class=\"c-product-highlights__item col-lg-2 contentasset-product-highlight-vegan\"><img loading=\"lazy\" decoding=\"async\" class=\"alignleft\" src=\"https:\/\/www.skechers.de\/on\/demandware.static\/-\/Library-Sites-SkechersSharedLibrary\/default\/dw92d4c9d8\/images\/product\/highlights\/vegan_design_color.svg\" alt=\"Vegano\" width=\"100\" height=\"100\" data-loading=\"lazy\" \/><figcaption class=\"c-product-highlights__item__heading\"><span><\/p>\n<p>Vegano.<\/p>\n<p><\/span><\/figcaption><\/figure>\n<\/div>\n<\/div>\n<\/div>\n<\/div>\n<\/div>\n<\/div>\n<\/div>\n<div class=\"c-product-technologies \">\n<div class=\"c-product-technologies__heading-container\">\n<h2 class=\"c-product-technologies__heading\"><span>Tecnolog\u00edas de confort<\/span><\/h2>\n<\/div>\n<div class=\"container\">\n<div class=\"c-product-technologies__container\">\n<div class=\"c-product-technologies__item col-lg-4 col-md-6 \n                            contentasset-pdp-comfort-technology-air-cooled-goga-mat\n\n                             last-type-no-border top-row-padding  comfort-col-small-up\"><img loading=\"lazy\" decoding=\"async\" class=\"alignleft\" src=\"https:\/\/www.skechers.de\/on\/demandware.static\/-\/Library-Sites-SkechersSharedLibrary\/default\/dw3e59bd06\/images\/product\/comfort-tech\/GogaMat.png\" alt=\"Estera Goga\" width=\"100\" height=\"100\" data-loading=\"lazy\" \/><\/p>\n<div><\/div>\n<div class=\"items__heading__body-container\"><span>Estera Goga<\/span><span>Nuestra tecnolog\u00eda Goga Mat\u00ae ofrece una excelente combinaci\u00f3n de soporte y comodidad, brindando una sensaci\u00f3n liviana, acolchada y sensible que es perfecta para usar durante todo el d\u00eda.<\/span><\/p>\n<\/div>\n<\/div>\n<div class=\"c-product-technologies__item col-lg-4 col-md-6 \n                            contentasset-pdp-comfort-technology-slip-ins\n\n                             last-type-no-border top-row-padding  comfort-col-small-up\"><img loading=\"lazy\" decoding=\"async\" class=\"alignleft\" src=\"https:\/\/www.skechers.de\/on\/demandware.static\/-\/Library-Sites-SkechersSharedLibrary\/default\/dw24b82c78\/images\/product\/highlights\/SKX_Hands_Free_Slip-ins_Logo-new.svg\" alt=\"Skechers Hands Free Slip-Ins\" width=\"100\" height=\"100\" data-loading=\"lazy\" \/><\/p>\n<div><\/div>\n<div class=\"items__heading__body-container\"><span>Skechers Hands Free Slip-Ins<\/span><span>SLIP IN\u2122 y disfruta de la comodidad y practicidad absolutas con Skechers Hands Free Slip-ins\u00ae. Zapatos f\u00e1ciles de usar dise\u00f1ados con nuestra exclusiva Heel Pillow\u2122 que mantiene el pie firmemente en su lugar.<\/span><\/p>\n<\/div>\n<\/div>\n<div class=\"c-product-technologies__item col-lg-4 col-md-6 \n                            contentasset-pdp-comfort-technology-ultra-go\n\n                             last-type-no-border bottom-row-padding  comfort-col-small-up\"><img loading=\"lazy\" decoding=\"async\" class=\"alignleft\" src=\"https:\/\/www.skechers.de\/on\/demandware.static\/-\/Library-Sites-SkechersSharedLibrary\/default\/dw89abdeaa\/images\/product\/comfort-tech\/UltraGo.png\" alt=\"Ultra Go\" width=\"100\" height=\"100\" data-loading=\"lazy\" \/><\/p>\n<div><\/div>\n<div class=\"items__heading__body-container\"><span>Ultra Go<\/span><span>Ideal para actividades f\u00edsicas, nuestra amortiguaci\u00f3n liviana ULTRA GO\u00ae proporciona un efecto de rebote alto y sensible con cada paso.<\/span><\/p>\n<\/div>\n<\/div>\n<\/div>\n<\/div>\n<\/div>\n<\/div>\n","protected":false},"excerpt":{"rendered":"<p>GO WALK NOW PAYTON \u00a1A CAMINAR! Disfruta de la comodidad y la amortiguaci\u00f3n que ofrecen los calzados de senderismo Payton<\/p>\n","protected":false},"featured_media":85836,"comment_status":"open","ping_status":"closed","template":"","meta":{"nf_dc_page":""},"product_brand":[],"product_cat":[73],"product_tag":[],"class_list":{"0":"post-85835","1":"product","2":"type-product","3":"status-publish","4":"has-post-thumbnail","6":"product_cat-femenino","8":"first","9":"instock","10":"shipping-taxable","11":"purchasable","12":"product-type-simple"},"_links":{"self":[{"href":"https:\/\/brandss.com.py\/index\/wp-json\/wp\/v2\/product\/85835","targetHints":{"allow":["GET"]}}],"collection":[{"href":"https:\/\/brandss.com.py\/index\/wp-json\/wp\/v2\/product"}],"about":[{"href":"https:\/\/brandss.com.py\/index\/wp-json\/wp\/v2\/types\/product"}],"replies":[{"embeddable":true,"href":"https:\/\/brandss.com.py\/index\/wp-json\/wp\/v2\/comments?post=85835"}],"version-history":[{"count":1,"href":"https:\/\/brandss.com.py\/index\/wp-json\/wp\/v2\/product\/85835\/revisions"}],"predecessor-version":[{"id":85841,"href":"https:\/\/brandss.com.py\/index\/wp-json\/wp\/v2\/product\/85835\/revisions\/85841"}],"wp:featuredmedia":[{"embeddable":true,"href":"https:\/\/brandss.com.py\/index\/wp-json\/wp\/v2\/media\/85836"}],"wp:attachment":[{"href":"https:\/\/brandss.com.py\/index\/wp-json\/wp\/v2\/media?parent=85835"}],"wp:term":[{"taxonomy":"product_brand","embeddable":true,"href":"https:\/\/brandss.com.py\/index\/wp-json\/wp\/v2\/product_brand?post=85835"},{"taxonomy":"product_cat","embeddable":true,"href":"https:\/\/brandss.com.py\/index\/wp-json\/wp\/v2\/product_cat?post=85835"},{"taxonomy":"product_tag","embeddable":true,"href":"https:\/\/brandss.com.py\/index\/wp-json\/wp\/v2\/product_tag?post=85835"}],"curies":[{"name":"wp","href":"https:\/\/api.w.org\/{rel}","templated":true}]}}