{"id":85857,"date":"2025-07-08T14:52:53","date_gmt":"2025-07-08T14:52:53","guid":{"rendered":"https:\/\/brandss.com.py\/index\/?post_type=product&#038;p=85857"},"modified":"2025-07-08T14:53:28","modified_gmt":"2025-07-08T14:53:28","slug":"calzado-deportivo-masculino-skechers-go-run-consistent-2-0","status":"publish","type":"product","link":"https:\/\/brandss.com.py\/index\/producto\/calzado-deportivo-masculino-skechers-go-run-consistent-2-0\/","title":{"rendered":"CALZADO DEPORTIVO MASCULINO SKECHERS GO RUN CONSISTENT 2.0"},"content":{"rendered":"<p><img loading=\"lazy\" decoding=\"async\" class=\"\" src=\"https:\/\/1000marcas.net\/wp-content\/uploads\/2020\/03\/logo-Skecher.png\" alt=\"Skechers Logo - s\u00edmbolo, significado logotipo, historia, PNG\" width=\"114\" height=\"47\" \/><\/p>\n<h1>GO RUN CONSISTENT 2.0<\/h1>\n<p>Mejora tu cardio con total comodidad con las Skechers GO RUN Consistent 2.0\u2122 &#8211; Flight Crew. Estas zapatillas de running con cordones cuentan con una parte superior de malla con detalle sint\u00e9tico en el tal\u00f3n, amortiguaci\u00f3n ultraligera de alta respuesta, tecnolog\u00eda M-Strike\u00ae que optimiza la pisada y una plantilla Skechers Air-Cooled Goga Mat\u2122.<\/p>\n<div class=\"c-product-features-details__detail description collapsible-sm d-lg-block col-12 col-lg-6 active\">\n<h2 class=\"c-product-features-details__title title d-none d-md-block\"><span>Caracter\u00edsticas principales<\/span><\/h2>\n<ul class=\"c-product-features-details__bullets content value\">\n<li class=\"c-product-features-details__bullet\"><span>Plantilla transpirable Skechers Air-Cooled Goga Mat\u2122 con amortiguaci\u00f3n de alto rebote<\/span><\/li>\n<li class=\"c-product-features-details__bullet\"><span>La tecnolog\u00eda Skechers M-Strike\u00ae promueve la eficiencia en cada paso a trav\u00e9s de su configuraci\u00f3n de entresuela, creando transiciones suaves desde el aterrizaje hasta el despegue.<\/span><\/li>\n<li class=\"c-product-features-details__bullet\"><span>Amortiguaci\u00f3n ULTRA GO\u00ae ligera y reactiva<\/span><\/li>\n<li class=\"c-product-features-details__bullet\"><span>Amortiguaci\u00f3n de entresuela ULTRA LIGHT ligera y con capacidad de respuesta<\/span><\/li>\n<\/ul>\n<\/div>\n<div class=\"c-product-features-details__detail details collapsible-sm d-lg-block col-12 col-lg-6\">\n<h2 class=\"c-product-features-details__title title d-none d-md-block\">Detalles de dise\u00f1o<\/h2>\n<ul class=\"c-product-features-details__bullets content value\">\n<li class=\"c-product-features-details__bullet\">Parte superior de malla con cordones y sint\u00e9tico con l\u00ednea de alfileres en la entresuela con degradado<\/li>\n<li class=\"c-product-features-details__bullet\">Construcci\u00f3n de entresuela param\u00e9trica para mayor soporte y estabilidad.<\/li>\n<li class=\"c-product-features-details__bullet\">Suela de tracci\u00f3n flexible<\/li>\n<li class=\"c-product-features-details__bullet\">Altura del tac\u00f3n: 1 1\/4 pulgadas<\/li>\n<li class=\"c-product-features-details__bullet\">Detalle del logotipo de Skechers GO RUN\u00ae<\/li>\n<li>Color: Azul, Blanco, Negro.<\/li>\n<li>Modelo: <span class=\"product-id\">220879BLU.<\/span><\/li>\n<\/ul>\n<div class=\"c-product-technologies__heading-container\">\n<h2 class=\"c-product-technologies__heading\"><span>Tecnolog\u00edas de confort<\/span><\/h2>\n<\/div>\n<div class=\"container\">\n<div class=\"c-product-technologies__container\">\n<div class=\"c-product-technologies__item col-lg-4 col-md-6 \n                            contentasset-pdp-comfort-technology-air-cooled-goga-mat\n\n                             last-type-no-border top-row-padding  comfort-col-4up\"><img loading=\"lazy\" decoding=\"async\" class=\"alignleft\" src=\"https:\/\/www.skechers.com\/on\/demandware.static\/-\/Library-Sites-SkechersSharedLibrary\/default\/dw58cb6f5a\/images\/product\/comfort-tech\/GogaMat.png\" alt=\"Estera Goga\" width=\"100\" height=\"100\" data-loading=\"lazy\" \/><\/p>\n<div><\/div>\n<div class=\"items__heading__body-container\"><span>Estera Goga<\/span><span>Nuestra tecnolog\u00eda Goga Mat\u00ae ofrece una excelente combinaci\u00f3n de soporte y comodidad, brindando una sensaci\u00f3n liviana, acolchada y sensible que es perfecta para usar durante todo el d\u00eda.<\/span><\/p>\n<\/div>\n<\/div>\n<div class=\"c-product-technologies__item col-lg-4 col-md-6 \n                            contentasset-pdp-comfort-technology-ultra-go\n\n                             last-type-no-border top-row-padding  comfort-col-4up\"><img loading=\"lazy\" decoding=\"async\" class=\"alignleft\" src=\"https:\/\/www.skechers.com\/on\/demandware.static\/-\/Library-Sites-SkechersSharedLibrary\/default\/dw7f60095e\/images\/product\/comfort-tech\/UltraGo.png\" alt=\"Ultra Go\" width=\"100\" height=\"100\" data-loading=\"lazy\" \/><\/p>\n<div><\/div>\n<div class=\"items__heading__body-container\"><span>Ultra Go<\/span><span>Ideal para actividades f\u00edsicas, nuestra amortiguaci\u00f3n liviana ULTRA GO\u00ae proporciona un efecto de rebote alto y sensible con cada paso.<\/span><\/p>\n<\/div>\n<\/div>\n<\/div>\n<\/div>\n<\/div>\n","protected":false},"excerpt":{"rendered":"<p>GO RUN CONSISTENT 2.0 Mejora tu cardio con total comodidad con las Skechers GO RUN Consistent 2.0\u2122 &#8211; Flight Crew.<\/p>\n","protected":false},"featured_media":85858,"comment_status":"open","ping_status":"closed","template":"","meta":{"nf_dc_page":""},"product_brand":[],"product_cat":[76],"product_tag":[],"class_list":{"0":"post-85857","1":"product","2":"type-product","3":"status-publish","4":"has-post-thumbnail","6":"product_cat-masculino","8":"first","9":"instock","10":"shipping-taxable","11":"purchasable","12":"product-type-simple"},"_links":{"self":[{"href":"https:\/\/brandss.com.py\/index\/wp-json\/wp\/v2\/product\/85857","targetHints":{"allow":["GET"]}}],"collection":[{"href":"https:\/\/brandss.com.py\/index\/wp-json\/wp\/v2\/product"}],"about":[{"href":"https:\/\/brandss.com.py\/index\/wp-json\/wp\/v2\/types\/product"}],"replies":[{"embeddable":true,"href":"https:\/\/brandss.com.py\/index\/wp-json\/wp\/v2\/comments?post=85857"}],"version-history":[{"count":1,"href":"https:\/\/brandss.com.py\/index\/wp-json\/wp\/v2\/product\/85857\/revisions"}],"predecessor-version":[{"id":85863,"href":"https:\/\/brandss.com.py\/index\/wp-json\/wp\/v2\/product\/85857\/revisions\/85863"}],"wp:featuredmedia":[{"embeddable":true,"href":"https:\/\/brandss.com.py\/index\/wp-json\/wp\/v2\/media\/85858"}],"wp:attachment":[{"href":"https:\/\/brandss.com.py\/index\/wp-json\/wp\/v2\/media?parent=85857"}],"wp:term":[{"taxonomy":"product_brand","embeddable":true,"href":"https:\/\/brandss.com.py\/index\/wp-json\/wp\/v2\/product_brand?post=85857"},{"taxonomy":"product_cat","embeddable":true,"href":"https:\/\/brandss.com.py\/index\/wp-json\/wp\/v2\/product_cat?post=85857"},{"taxonomy":"product_tag","embeddable":true,"href":"https:\/\/brandss.com.py\/index\/wp-json\/wp\/v2\/product_tag?post=85857"}],"curies":[{"name":"wp","href":"https:\/\/api.w.org\/{rel}","templated":true}]}}