{"id":85894,"date":"2025-07-09T11:03:28","date_gmt":"2025-07-09T11:03:28","guid":{"rendered":"https:\/\/brandss.com.py\/index\/?post_type=product&#038;p=85894"},"modified":"2026-02-13T11:00:10","modified_gmt":"2026-02-13T11:00:10","slug":"calzado-deportivo-masculino-edgeride","status":"publish","type":"product","link":"https:\/\/brandss.com.py\/index\/producto\/calzado-deportivo-masculino-edgeride\/","title":{"rendered":"CALZADO DEPORTIVO MASCULINO SKECHERS EDGERIDE"},"content":{"rendered":"<p><img loading=\"lazy\" decoding=\"async\" class=\"\" src=\"https:\/\/1000marcas.net\/wp-content\/uploads\/2020\/03\/logo-Skecher.png\" alt=\"Skechers Logo - s\u00edmbolo, significado logotipo, historia, PNG\" width=\"119\" height=\"49\" \/><\/p>\n<h1>EDGERIDE<\/h1>\n<p><span>Disfruta de la comodidad ecol\u00f3gica con las zapatillas Skechers Relaxed Fit: Edgeride Cader. Con una parte superior de malla y cuero, fabricada con al menos un 20 % de material reciclado, estas zapatillas deportivas ofrecen una entresuela acolchada y una plantilla Skechers Air-Cooled Memory Foam para una comodidad superior.<\/span><\/p>\n<dl data-group-id=\"\u9ed8\u8a8d\">\n<dt><strong>C\u00f3modo y transpirable.<\/strong><\/dt>\n<dd>Casual y c\u00f3modo, moderno y vers\u00e1til, brinda una sensaci\u00f3n c\u00f3moda y transpirable para el uso diario.<\/dd>\n<\/dl>\n<dl data-group-id=\"\u9ed8\u8a8d\">\n<dt><strong>Altura del zapato<\/strong><\/dt>\n<dd>De ca\u00f1a baja<\/dd>\n<\/dl>\n<dl data-group-id=\"\u9ed8\u8a8d\">\n<dt><strong>Material superior<\/strong><\/dt>\n<dd>Malla<\/dd>\n<\/dl>\n<dl data-group-id=\"\u9ed8\u8a8d\">\n<dt><strong>Plantilla<\/strong><\/dt>\n<dd>Plantilla con memoria refrigerada por aire, espuma viscoel\u00e1stica de alto rebote que se adapta a la curva de la suela y al contorno del pie. La EVA de rebote duradero alivia eficazmente la presi\u00f3n del pie y proporciona comodidad durante todo el d\u00eda. Forro absorbente de humedad, dise\u00f1o perforado, c\u00f3modo y transpirable.<\/dd>\n<\/dl>\n<dl data-group-id=\"\u9ed8\u8a8d\">\n<dt><strong>Suela exterior<\/strong><\/dt>\n<dd>La suela est\u00e1 hecha de EVA\/caucho, que es c\u00f3modo y resistente al desgaste.<\/dd>\n<\/dl>\n<dl data-group-id=\"\u9ed8\u8a8d\">\n<dt><strong>Estilo ecol\u00f3gico<\/strong><\/dt>\n<dd>Estilos ecol\u00f3gicos elaborados con materiales reciclados para reducir el impacto en el medio ambiente.<\/dd>\n<\/dl>\n<dl data-group-id=\"\u9ed8\u8a8d\">\n<dt><strong>Amplio y c\u00f3modo<\/strong><\/dt>\n<dd>El dise\u00f1o Relaxed Fit proporciona un ajuste espacioso y c\u00f3modo en la puntera y el antepi\u00e9.<\/dd>\n<\/dl>\n<ul>\n<li><span>Parte superior de cuero y malla deportiva transpirable<\/span><\/li>\n<li><span>Fabricado con al menos un 20% de contenido reciclado en peso, lo que ayuda a reducir los residuos.<\/span><\/li>\n<li><span>Plantilla acolchada de espuma viscoel\u00e1stica refrigerada por aire de Skechers para mayor comodidad<\/span><\/li>\n<li><span>Estilo Relaxed Fit para un ajuste m\u00e1s amplio en la puntera.<\/span><\/li>\n<li><span>Entresuela acolchada<\/span><\/li>\n<li><span>Suela de tracci\u00f3n flexible<\/span><\/li>\n<li>Color: Gris\/Carb\u00f3n.<\/li>\n<li>Modelo: 232838GYCC.<\/li>\n<\/ul>\n<dl data-group-id=\"\u9ed8\u8a8d\"><\/dl>\n","protected":false},"excerpt":{"rendered":"<p>EDGERIDE Disfruta de la comodidad ecol\u00f3gica con las zapatillas Skechers Relaxed Fit: Edgeride Cader. Con una parte superior de malla<\/p>\n","protected":false},"featured_media":85895,"comment_status":"open","ping_status":"closed","template":"","meta":{"nf_dc_page":""},"product_brand":[],"product_cat":[76],"product_tag":[],"class_list":{"0":"post-85894","1":"product","2":"type-product","3":"status-publish","4":"has-post-thumbnail","6":"product_cat-masculino","8":"first","9":"instock","10":"shipping-taxable","11":"purchasable","12":"product-type-simple"},"_links":{"self":[{"href":"https:\/\/brandss.com.py\/index\/wp-json\/wp\/v2\/product\/85894","targetHints":{"allow":["GET"]}}],"collection":[{"href":"https:\/\/brandss.com.py\/index\/wp-json\/wp\/v2\/product"}],"about":[{"href":"https:\/\/brandss.com.py\/index\/wp-json\/wp\/v2\/types\/product"}],"replies":[{"embeddable":true,"href":"https:\/\/brandss.com.py\/index\/wp-json\/wp\/v2\/comments?post=85894"}],"version-history":[{"count":2,"href":"https:\/\/brandss.com.py\/index\/wp-json\/wp\/v2\/product\/85894\/revisions"}],"predecessor-version":[{"id":85903,"href":"https:\/\/brandss.com.py\/index\/wp-json\/wp\/v2\/product\/85894\/revisions\/85903"}],"wp:featuredmedia":[{"embeddable":true,"href":"https:\/\/brandss.com.py\/index\/wp-json\/wp\/v2\/media\/85895"}],"wp:attachment":[{"href":"https:\/\/brandss.com.py\/index\/wp-json\/wp\/v2\/media?parent=85894"}],"wp:term":[{"taxonomy":"product_brand","embeddable":true,"href":"https:\/\/brandss.com.py\/index\/wp-json\/wp\/v2\/product_brand?post=85894"},{"taxonomy":"product_cat","embeddable":true,"href":"https:\/\/brandss.com.py\/index\/wp-json\/wp\/v2\/product_cat?post=85894"},{"taxonomy":"product_tag","embeddable":true,"href":"https:\/\/brandss.com.py\/index\/wp-json\/wp\/v2\/product_tag?post=85894"}],"curies":[{"name":"wp","href":"https:\/\/api.w.org\/{rel}","templated":true}]}}