{"id":85911,"date":"2025-07-09T11:45:27","date_gmt":"2025-07-09T11:45:27","guid":{"rendered":"https:\/\/brandss.com.py\/index\/?post_type=product&#038;p=85911"},"modified":"2025-07-09T11:46:12","modified_gmt":"2025-07-09T11:46:12","slug":"calzado-casual-masculino-skechers-glide-step-ryla","status":"publish","type":"product","link":"https:\/\/brandss.com.py\/index\/producto\/calzado-casual-masculino-skechers-glide-step-ryla\/","title":{"rendered":"CALZADO CASUAL MASCULINO SKECHERS GLIDE-STEP RYLA"},"content":{"rendered":"<p><img loading=\"lazy\" decoding=\"async\" class=\"\" src=\"https:\/\/1000marcas.net\/wp-content\/uploads\/2020\/03\/logo-Skecher.png\" alt=\"Skechers Logo - s\u00edmbolo, significado logotipo, historia, PNG\" width=\"136\" height=\"56\" \/><\/p>\n<h1>GLIDE-STEP RYLA<\/h1>\n<p>Disfruta de la comodidad flexible con Glide-Step\u00ae &#8211; Ryla. Esta zapatilla vegana con cordones el\u00e1sticos presenta una parte superior de jersey jaspeado, una plantilla Skechers Air-Cooled Memory Foam\u00ae y una entresuela con amortiguaci\u00f3n geom\u00e9trica Glide-Step\u00ae.<\/p>\n<div class=\"c-product-features-details__detail description collapsible-sm d-lg-block col-12 col-lg-6 active\">\n<h2 class=\"c-product-features-details__title title d-none d-md-block\"><span>Caracter\u00edsticas principales<\/span><\/h2>\n<ul class=\"c-product-features-details__bullets content value\">\n<li class=\"c-product-features-details__bullet\"><span>Plantilla c\u00f3moda y acolchada Skechers Air-Cooled Memory Foam\u00ae<\/span><\/li>\n<li class=\"c-product-features-details__bullet\"><span>Entresuela geom\u00e9trica Glide-Step\u00ae dise\u00f1ada para proporcionar un impulso natural con cada paso<\/span><\/li>\n<li class=\"c-product-features-details__bullet\"><span>Elaborado con materiales 100% veganos.<\/span><\/li>\n<\/ul>\n<\/div>\n<div class=\"c-product-features-details__detail details collapsible-sm d-lg-block col-12 col-lg-6\">\n<h2 class=\"c-product-features-details__title title d-none d-md-block\">Detalles de dise\u00f1o<\/h2>\n<ul class=\"c-product-features-details__bullets content value\">\n<li class=\"c-product-features-details__bullet\">Parte superior de jersey jaspeado con cordones el\u00e1sticos<\/li>\n<li class=\"c-product-features-details__bullet\">Suela de tracci\u00f3n flexible<\/li>\n<li class=\"c-product-features-details__bullet\">Altura del tac\u00f3n: 1 1\/2 pulgada<\/li>\n<li class=\"c-product-features-details__bullet\">Detalle del logotipo de Skechers\u00ae.<\/li>\n<li>Color: Negro.<\/li>\n<li>Modelo: <span class=\"product-id\">233013<\/span><span class=\"js-product-details-color-colorCode\">BBK.<\/span><\/li>\n<\/ul>\n<div class=\"c-product-highlights\">\n<div class=\"c-product-highlights__heading-container\">\n<h2 class=\"c-product-highlights__heading\"><span>Aspectos destacados del producto<\/span><\/h2>\n<\/div>\n<div class=\"container\">\n<div class=\"c-product-highlights__container js-slider s-slick slick-initialized slick-slider\" data-slick=\"{&quot;autoplay&quot;:false,&quot;arrows&quot;:true,&quot;dots&quot;:true,&quot;infinite&quot;:false,&quot;mobileFirst&quot;:true,&quot;slidesToShow&quot;:1,&quot;centerMode&quot;:false,&quot;responsive&quot;:[{&quot;centerMode&quot;:true,&quot;breakpoint&quot;:766,&quot;settings&quot;:{&quot;slidesToShow&quot;:3}},{&quot;breakpoint&quot;:1279,&quot;settings&quot;:{&quot;arrows&quot;:true,&quot;slidesToShow&quot;:5}},{&quot;breakpoint&quot;:1879,&quot;settings&quot;:{&quot;arrows&quot;:true,&quot;slidesToShow&quot;:7}}]}\">\n<div class=\"slick-list draggable\">\n<div class=\"slick-track\">\n<div class=\"slick-slide slick-current slick-active\" data-slick-index=\"0\" aria-hidden=\"false\">\n<div>\n<figure class=\"c-product-highlights__item col-lg-2 contentasset-product-highlight-vegan\"><img loading=\"lazy\" decoding=\"async\" class=\"alignleft\" src=\"https:\/\/www.skechers.com\/on\/demandware.static\/-\/Library-Sites-SkechersSharedLibrary\/default\/dwc2aefda4\/images\/product\/highlights\/vegan_design_color.svg\" alt=\"Vegano\" width=\"100\" height=\"100\" data-loading=\"lazy\" \/><figcaption class=\"c-product-highlights__item__heading\"><span><\/p>\n<p>Vegano.<\/p>\n<p><\/span><\/figcaption><\/figure>\n<\/div>\n<\/div>\n<\/div>\n<\/div>\n<\/div>\n<\/div>\n<\/div>\n<div class=\"c-product-technologies \">\n<div class=\"c-product-technologies__heading-container\">\n<h2 class=\"c-product-technologies__heading\"><span>Tecnolog\u00edas de confort<\/span><\/h2>\n<\/div>\n<div class=\"container\">\n<div class=\"c-product-technologies__container\">\n<div class=\"c-product-technologies__item col-lg-4 col-md-6 \n                            contentasset-pdp-comfort-technology-air-cooled-memory-foam\n\n                             last-type-no-border top-row-padding  comfort-col-4up\"><img loading=\"lazy\" decoding=\"async\" class=\"alignleft\" src=\"https:\/\/www.skechers.com\/on\/demandware.static\/-\/Library-Sites-SkechersSharedLibrary\/default\/dw51a3d308\/images\/product\/comfort-tech\/AirCooledMemoryFoam.png\" alt=\"Espuma viscoel\u00e1stica refrigerada por aire\" width=\"100\" height=\"100\" data-loading=\"lazy\" \/><\/p>\n<div><\/div>\n<div class=\"items__heading__body-container\"><span>Espuma viscoel\u00e1stica refrigerada por aire<\/span><span>Skechers Air-Cooled Memory Foam\u00ae puede brindar alivio de presi\u00f3n, comodidad instant\u00e1nea y transpirabilidad.<\/span><\/p>\n<p>&nbsp;<\/p>\n<\/div>\n<\/div>\n<div class=\"c-product-technologies__item col-lg-4 col-md-6 \n                            contentasset-pdp-comfort-technology-glide-step\n\n                             last-type-no-border top-row-padding  comfort-col-4up\"><img loading=\"lazy\" decoding=\"async\" class=\"alignleft\" src=\"https:\/\/www.skechers.com\/on\/demandware.static\/-\/Library-Sites-SkechersSharedLibrary\/default\/dwd5910272\/images\/product\/comfort-tech\/Glide-Step.png\" alt=\"Paso deslizante\" width=\"100\" height=\"100\" data-loading=\"lazy\" \/><\/p>\n<div><\/div>\n<div class=\"items__heading__body-container\"><span>Paso deslizante<\/span><span>La geometr\u00eda \u00fanica de nuestra entresuela especialmente dise\u00f1ada ofrece un aterrizaje suave como una almohada y un despegue explosivo.<\/span><\/p>\n<\/div>\n<\/div>\n<\/div>\n<\/div>\n<\/div>\n<\/div>\n","protected":false},"excerpt":{"rendered":"<p>GLIDE-STEP RYLA Disfruta de la comodidad flexible con Glide-Step\u00ae &#8211; Ryla. Esta zapatilla vegana con cordones el\u00e1sticos presenta una parte<\/p>\n","protected":false},"featured_media":85912,"comment_status":"open","ping_status":"closed","template":"","meta":{"nf_dc_page":""},"product_brand":[],"product_cat":[76],"product_tag":[],"class_list":{"0":"post-85911","1":"product","2":"type-product","3":"status-publish","4":"has-post-thumbnail","6":"product_cat-masculino","8":"first","9":"instock","10":"shipping-taxable","11":"purchasable","12":"product-type-simple"},"_links":{"self":[{"href":"https:\/\/brandss.com.py\/index\/wp-json\/wp\/v2\/product\/85911","targetHints":{"allow":["GET"]}}],"collection":[{"href":"https:\/\/brandss.com.py\/index\/wp-json\/wp\/v2\/product"}],"about":[{"href":"https:\/\/brandss.com.py\/index\/wp-json\/wp\/v2\/types\/product"}],"replies":[{"embeddable":true,"href":"https:\/\/brandss.com.py\/index\/wp-json\/wp\/v2\/comments?post=85911"}],"version-history":[{"count":1,"href":"https:\/\/brandss.com.py\/index\/wp-json\/wp\/v2\/product\/85911\/revisions"}],"predecessor-version":[{"id":85917,"href":"https:\/\/brandss.com.py\/index\/wp-json\/wp\/v2\/product\/85911\/revisions\/85917"}],"wp:featuredmedia":[{"embeddable":true,"href":"https:\/\/brandss.com.py\/index\/wp-json\/wp\/v2\/media\/85912"}],"wp:attachment":[{"href":"https:\/\/brandss.com.py\/index\/wp-json\/wp\/v2\/media?parent=85911"}],"wp:term":[{"taxonomy":"product_brand","embeddable":true,"href":"https:\/\/brandss.com.py\/index\/wp-json\/wp\/v2\/product_brand?post=85911"},{"taxonomy":"product_cat","embeddable":true,"href":"https:\/\/brandss.com.py\/index\/wp-json\/wp\/v2\/product_cat?post=85911"},{"taxonomy":"product_tag","embeddable":true,"href":"https:\/\/brandss.com.py\/index\/wp-json\/wp\/v2\/product_tag?post=85911"}],"curies":[{"name":"wp","href":"https:\/\/api.w.org\/{rel}","templated":true}]}}