{"id":85932,"date":"2025-07-09T12:52:59","date_gmt":"2025-07-09T12:52:59","guid":{"rendered":"https:\/\/brandss.com.py\/index\/?post_type=product&#038;p=85932"},"modified":"2025-07-09T12:53:57","modified_gmt":"2025-07-09T12:53:57","slug":"calzado-deportivo-masculino-skechers-vertex-arke","status":"publish","type":"product","link":"https:\/\/brandss.com.py\/index\/producto\/calzado-deportivo-masculino-skechers-vertex-arke\/","title":{"rendered":"CALZADO DEPORTIVO MASCULINO SKECHERS VERTEX-ARKE"},"content":{"rendered":"<p><img loading=\"lazy\" decoding=\"async\" class=\"\" src=\"https:\/\/1000marcas.net\/wp-content\/uploads\/2020\/03\/logo-Skecher.png\" alt=\"Skechers Logo - s\u00edmbolo, significado logotipo, historia, PNG\" width=\"99\" height=\"41\" \/><\/p>\n<h1>VERTEX-ARKE<\/h1>\n<p><span>Dale un toque vintage a tu paso con las zapatillas Skechers Vertex &#8211; Arke. Con una parte superior de malla y cuero, plantilla acolchada Skechers Air-Cooled Memory Foam y una entresuela bien acolchada, estas zapatillas de inspiraci\u00f3n retro ofrecen un estilo ic\u00f3nico y una sujeci\u00f3n excepcional durante todo el d\u00eda.<\/span><\/p>\n<h3>Detalles<\/h3>\n<div class=\"tab-content \">\n<div id=\"3\" class=\"tab-pane fade active in\" role=\"tabpanel\" aria-labelledby=\"nav-profile-tab\">\n<div class=\"row content-row-tabs\">\n<div class=\"col-12 col-md-12 col-lg-12 lista-detalle-producto\">\n<ul>\n<li><span>Disfruta de la comodidad al caminar y la amortiguaci\u00f3n flexible con los Skechers Hands Free Slip-ins\u00ae: GO WALK\u00ae Flex &#8211; New World. Dise\u00f1ados con nuestra exclusiva Heel Pillow\u2122, estos zapatos con cordones cuentan con una parte superior de malla con detalles termofusibles, un panel de tal\u00f3n moldeado para manos libres, plantilla Skechers Air-Cooled Memory Foam\u00ae y la ligera amortiguaci\u00f3n ULTRA GO\u00ae.<\/span><\/li>\n<li><span>Parte superior de cuero y malla de estilo retro en un estilo de zapatilla de perfil bajo con un ajuste cl\u00e1sico.<\/span><\/li>\n<li><span>Estilo con cordones.<\/span><\/li>\n<li><span>Plantilla c\u00f3moda y acolchada de espuma viscoel\u00e1stica refrigerada por aire.<\/span><\/li>\n<li><span>Forro de tela suave.<\/span><\/li>\n<li><span>Entresuela que absorbe los impactos.<\/span><\/li>\n<li><span>Suela de tracci\u00f3n flexible y duradera.<\/span><\/li>\n<li>Color: Gris, amarillo, Negro.<\/li>\n<li>Modelo: 233076GRY.<\/li>\n<\/ul>\n<\/div>\n<\/div>\n<\/div>\n<\/div>\n","protected":false},"excerpt":{"rendered":"<p>VERTEX-ARKE Dale un toque vintage a tu paso con las zapatillas Skechers Vertex &#8211; Arke. Con una parte superior de<\/p>\n","protected":false},"featured_media":85933,"comment_status":"open","ping_status":"closed","template":"","meta":{"nf_dc_page":""},"product_brand":[],"product_cat":[76],"product_tag":[],"class_list":{"0":"post-85932","1":"product","2":"type-product","3":"status-publish","4":"has-post-thumbnail","6":"product_cat-masculino","8":"first","9":"instock","10":"shipping-taxable","11":"purchasable","12":"product-type-simple"},"_links":{"self":[{"href":"https:\/\/brandss.com.py\/index\/wp-json\/wp\/v2\/product\/85932","targetHints":{"allow":["GET"]}}],"collection":[{"href":"https:\/\/brandss.com.py\/index\/wp-json\/wp\/v2\/product"}],"about":[{"href":"https:\/\/brandss.com.py\/index\/wp-json\/wp\/v2\/types\/product"}],"replies":[{"embeddable":true,"href":"https:\/\/brandss.com.py\/index\/wp-json\/wp\/v2\/comments?post=85932"}],"version-history":[{"count":1,"href":"https:\/\/brandss.com.py\/index\/wp-json\/wp\/v2\/product\/85932\/revisions"}],"predecessor-version":[{"id":85938,"href":"https:\/\/brandss.com.py\/index\/wp-json\/wp\/v2\/product\/85932\/revisions\/85938"}],"wp:featuredmedia":[{"embeddable":true,"href":"https:\/\/brandss.com.py\/index\/wp-json\/wp\/v2\/media\/85933"}],"wp:attachment":[{"href":"https:\/\/brandss.com.py\/index\/wp-json\/wp\/v2\/media?parent=85932"}],"wp:term":[{"taxonomy":"product_brand","embeddable":true,"href":"https:\/\/brandss.com.py\/index\/wp-json\/wp\/v2\/product_brand?post=85932"},{"taxonomy":"product_cat","embeddable":true,"href":"https:\/\/brandss.com.py\/index\/wp-json\/wp\/v2\/product_cat?post=85932"},{"taxonomy":"product_tag","embeddable":true,"href":"https:\/\/brandss.com.py\/index\/wp-json\/wp\/v2\/product_tag?post=85932"}],"curies":[{"name":"wp","href":"https:\/\/api.w.org\/{rel}","templated":true}]}}