{"id":85939,"date":"2025-07-09T13:31:01","date_gmt":"2025-07-09T13:31:01","guid":{"rendered":"https:\/\/brandss.com.py\/index\/?post_type=product&#038;p=85939"},"modified":"2025-07-09T13:32:32","modified_gmt":"2025-07-09T13:32:32","slug":"calzado-casual-masculino-puma-shuffle","status":"publish","type":"product","link":"https:\/\/brandss.com.py\/index\/producto\/calzado-casual-masculino-puma-shuffle\/","title":{"rendered":"CALZADO CASUAL MASCULINO PUMA SHUFFLE"},"content":{"rendered":"<p><img loading=\"lazy\" decoding=\"async\" class=\"\" src=\"https:\/\/1000marcas.net\/wp-content\/uploads\/2019\/12\/logo-Puma.png\" alt=\"Logo de Puma: la historia y el significado del logotipo, la marca y el  s\u00edmbolo. | png, vector\" width=\"76\" height=\"38\" \/><\/p>\n<h1>SHUFFLE<\/h1>\n<p>El Puma Shuffle es la nueva interpretaci\u00f3n de un cl\u00e1sico \u00edcono de la cancha de Puma. Esta silueta inspirada en el baloncesto de los 80 presenta una parte superior de cuero sint\u00e9tico suave con una capa de gamuza en el tal\u00f3n, as\u00ed como detalles de perforaciones en el empeine y que adem\u00e1s mantiene la elegancia de cl\u00e1sicos y tecnolog\u00eda de confort, que proporciona una apariencia y sensaci\u00f3n de comodidad que redefinir\u00e1n tu concepto de estilo.<\/p>\n<p>Renueva tu estilo con el toque de frescura a la moda de nuestros calzados PUMA Shuffle. Estos hermosos calzados tienen detalles de elegancia cl\u00e1sicos y tecnolog\u00eda de confort, que incluye nuestra plantilla SoftFoam+, que proporciona una apariencia y sensaci\u00f3n que redefinir\u00e1n tu concepto de estilo.<\/p>\n<h3>Detalles:<\/h3>\n<ul class=\"jsx-2794857728\">\n<li class=\"jsx-2794857728\"><strong class=\"jsx-2794857728\">G\u00e9nero<\/strong>: Masculino.<\/li>\n<li class=\"jsx-2794857728\"><strong class=\"jsx-2794857728\">Material principal<\/strong>: Sint\u00e9tico.<\/li>\n<li class=\"jsx-2794857728\"><strong class=\"jsx-2794857728\">Horma<\/strong>: Normal.<\/li>\n<li class=\"jsx-2794857728\"><strong class=\"jsx-2794857728\">Altura de la plataforma<\/strong>: Bajo.<\/li>\n<li class=\"jsx-2794857728\"><strong class=\"jsx-2794857728\">Material de la suela<\/strong>: Caucho.<\/li>\n<li class=\"jsx-2794857728\"><strong class=\"jsx-2794857728\">Material del forro<\/strong>: Textil.<\/li>\n<li><strong>Color:<\/strong> Puma White\/Puma White\/Peacoat\/Puma Team Gold.<\/li>\n<li><strong>Modelo:<\/strong> 309668-05.<\/li>\n<\/ul>\n","protected":false},"excerpt":{"rendered":"<p>SHUFFLE El Puma Shuffle es la nueva interpretaci\u00f3n de un cl\u00e1sico \u00edcono de la cancha de Puma. Esta silueta inspirada<\/p>\n","protected":false},"featured_media":85940,"comment_status":"open","ping_status":"closed","template":"","meta":{"nf_dc_page":""},"product_brand":[],"product_cat":[76],"product_tag":[],"class_list":{"0":"post-85939","1":"product","2":"type-product","3":"status-publish","4":"has-post-thumbnail","6":"product_cat-masculino","8":"first","9":"instock","10":"shipping-taxable","11":"purchasable","12":"product-type-simple"},"_links":{"self":[{"href":"https:\/\/brandss.com.py\/index\/wp-json\/wp\/v2\/product\/85939","targetHints":{"allow":["GET"]}}],"collection":[{"href":"https:\/\/brandss.com.py\/index\/wp-json\/wp\/v2\/product"}],"about":[{"href":"https:\/\/brandss.com.py\/index\/wp-json\/wp\/v2\/types\/product"}],"replies":[{"embeddable":true,"href":"https:\/\/brandss.com.py\/index\/wp-json\/wp\/v2\/comments?post=85939"}],"version-history":[{"count":1,"href":"https:\/\/brandss.com.py\/index\/wp-json\/wp\/v2\/product\/85939\/revisions"}],"predecessor-version":[{"id":85949,"href":"https:\/\/brandss.com.py\/index\/wp-json\/wp\/v2\/product\/85939\/revisions\/85949"}],"wp:featuredmedia":[{"embeddable":true,"href":"https:\/\/brandss.com.py\/index\/wp-json\/wp\/v2\/media\/85940"}],"wp:attachment":[{"href":"https:\/\/brandss.com.py\/index\/wp-json\/wp\/v2\/media?parent=85939"}],"wp:term":[{"taxonomy":"product_brand","embeddable":true,"href":"https:\/\/brandss.com.py\/index\/wp-json\/wp\/v2\/product_brand?post=85939"},{"taxonomy":"product_cat","embeddable":true,"href":"https:\/\/brandss.com.py\/index\/wp-json\/wp\/v2\/product_cat?post=85939"},{"taxonomy":"product_tag","embeddable":true,"href":"https:\/\/brandss.com.py\/index\/wp-json\/wp\/v2\/product_tag?post=85939"}],"curies":[{"name":"wp","href":"https:\/\/api.w.org\/{rel}","templated":true}]}}