{"id":85968,"date":"2025-07-09T18:10:08","date_gmt":"2025-07-09T18:10:08","guid":{"rendered":"https:\/\/brandss.com.py\/index\/?post_type=product&#038;p=85968"},"modified":"2025-07-09T18:10:48","modified_gmt":"2025-07-09T18:10:48","slug":"calzado-deportivo-femenino-puma-softride-remi","status":"publish","type":"product","link":"https:\/\/brandss.com.py\/index\/producto\/calzado-deportivo-femenino-puma-softride-remi\/","title":{"rendered":"CALZADO DEPORTIVO FEMENINO PUMA SOFTRIDE REMI"},"content":{"rendered":"<p><img loading=\"lazy\" decoding=\"async\" class=\"\" src=\"https:\/\/1000marcas.net\/wp-content\/uploads\/2019\/12\/logo-Puma.png\" alt=\"Logo de Puma: la historia y el significado del logotipo, la marca y el  s\u00edmbolo. | png, vector\" width=\"117\" height=\"58\" \/><\/p>\n<h1>SOFTRIDE REMI<\/h1>\n<p><strong><span>Softride Remi es nuestra nueva zapatilla para correr espec\u00edfica para mujeres, centrada en la comodidad.<\/span><\/strong><\/p>\n<p>Las Softride Remi son nuestras nuevas zapatillas de running para mujer, pensadas para la comodidad. Incorporan la tecnolog\u00eda de amortiguaci\u00f3n SOFTRIDE de PUMA y otras caracter\u00edsticas de dise\u00f1o que mejoran la comodidad durante todo el d\u00eda. Su parte superior de punto y su dise\u00f1o sin cordones facilitan su colocaci\u00f3n y extracci\u00f3n.<\/p>\n<ul>\n<li><span>Cuenta con la tecnolog\u00eda de amortiguaci\u00f3n SOFTRIDE de PUMA y otras caracter\u00edsticas de dise\u00f1o que mejoran la comodidad durante todo el d\u00eda.<\/span><\/li>\n<li><span>La parte superior de punto y la construcci\u00f3n sin cordones hacen que pon\u00e9rselos y quit\u00e1rselos sea sencillo.<\/span><\/li>\n<li><span>SOFTRIDE: Espuma suave dise\u00f1ada para amortiguaci\u00f3n y comodidad durante todo el d\u00eda.<\/span><\/li>\n<li><span>SOFTFOAM+: Plantilla c\u00f3moda de pisar dise\u00f1ada para proporcionar una amortiguaci\u00f3n suave gracias a su tal\u00f3n extra grueso<\/span><\/li>\n<li><span>Bota de ca\u00f1a baja<\/span><\/li>\n<li><span>Parte superior textil<\/span><\/li>\n<li><span>Cierre de encaje<\/span><\/li>\n<li><span>Superficie: carretera<\/span><\/li>\n<li><span>punta redondeada<\/span><\/li>\n<li><span>Suela de caucho zonificada<\/span><\/li>\n<\/ul>\n<h4>Detalles<\/h4>\n<ul class=\"CoreDetails_list__PgCmh\">\n<li>Entresuela: 100% Sint\u00e9tico.<\/li>\n<li>Plantilla: 100% Textil.<\/li>\n<li>Suela: 62.82% Sint\u00e9tico, 37.18% Goma.<\/li>\n<li>Exterior: 99.39% Textil, 0.61% Sint\u00e9tico.<\/li>\n<li>Forro: 100% Textil.<\/li>\n<li class=\"CoreDetails_attributeItem__2An3G\">\n<div class=\"CoreDetails_attributeRow__Qh68R\"><span class=\"CoreDetails_attributeColumn__Cmp1_ CoreDetails_label___iP92\">Modelo: <\/span><span class=\"CoreDetails_attributeColumn__Cmp1_\">309834-11.<\/span><\/div>\n<\/li>\n<li class=\"CoreDetails_attributeItem__2An3G\">\n<div class=\"CoreDetails_attributeRow__Qh68R\">G\u00e9nero: Femenino.<\/div>\n<\/li>\n<li class=\"CoreDetails_attributeItem__2An3G\">\n<div class=\"CoreDetails_attributeRow__Qh68R\"><span class=\"CoreDetails_attributeColumn__Cmp1_ CoreDetails_label___iP92\">Color: <\/span><span class=\"CoreDetails_attributeColumn__Cmp1_\">Midnight Plum-Lilac Frost-PUMA White.<\/span><\/div>\n<\/li>\n<\/ul>\n","protected":false},"excerpt":{"rendered":"<p>SOFTRIDE REMI Softride Remi es nuestra nueva zapatilla para correr espec\u00edfica para mujeres, centrada en la comodidad. Las Softride Remi<\/p>\n","protected":false},"featured_media":85969,"comment_status":"open","ping_status":"closed","template":"","meta":{"nf_dc_page":""},"product_brand":[],"product_cat":[73],"product_tag":[],"class_list":{"0":"post-85968","1":"product","2":"type-product","3":"status-publish","4":"has-post-thumbnail","6":"product_cat-femenino","8":"first","9":"instock","10":"shipping-taxable","11":"purchasable","12":"product-type-simple"},"_links":{"self":[{"href":"https:\/\/brandss.com.py\/index\/wp-json\/wp\/v2\/product\/85968","targetHints":{"allow":["GET"]}}],"collection":[{"href":"https:\/\/brandss.com.py\/index\/wp-json\/wp\/v2\/product"}],"about":[{"href":"https:\/\/brandss.com.py\/index\/wp-json\/wp\/v2\/types\/product"}],"replies":[{"embeddable":true,"href":"https:\/\/brandss.com.py\/index\/wp-json\/wp\/v2\/comments?post=85968"}],"version-history":[{"count":1,"href":"https:\/\/brandss.com.py\/index\/wp-json\/wp\/v2\/product\/85968\/revisions"}],"predecessor-version":[{"id":85975,"href":"https:\/\/brandss.com.py\/index\/wp-json\/wp\/v2\/product\/85968\/revisions\/85975"}],"wp:featuredmedia":[{"embeddable":true,"href":"https:\/\/brandss.com.py\/index\/wp-json\/wp\/v2\/media\/85969"}],"wp:attachment":[{"href":"https:\/\/brandss.com.py\/index\/wp-json\/wp\/v2\/media?parent=85968"}],"wp:term":[{"taxonomy":"product_brand","embeddable":true,"href":"https:\/\/brandss.com.py\/index\/wp-json\/wp\/v2\/product_brand?post=85968"},{"taxonomy":"product_cat","embeddable":true,"href":"https:\/\/brandss.com.py\/index\/wp-json\/wp\/v2\/product_cat?post=85968"},{"taxonomy":"product_tag","embeddable":true,"href":"https:\/\/brandss.com.py\/index\/wp-json\/wp\/v2\/product_tag?post=85968"}],"curies":[{"name":"wp","href":"https:\/\/api.w.org\/{rel}","templated":true}]}}