{"id":85976,"date":"2025-07-09T18:41:56","date_gmt":"2025-07-09T18:41:56","guid":{"rendered":"https:\/\/brandss.com.py\/index\/?post_type=product&#038;p=85976"},"modified":"2025-07-09T18:42:30","modified_gmt":"2025-07-09T18:42:30","slug":"calzado-deportivo-femenino-puma-flexfocus-lite-modern","status":"publish","type":"product","link":"https:\/\/brandss.com.py\/index\/producto\/calzado-deportivo-femenino-puma-flexfocus-lite-modern\/","title":{"rendered":"CALZADO DEPORTIVO FEMENINO PUMA FLEXFOCUS LITE MODERN"},"content":{"rendered":"<p><img loading=\"lazy\" decoding=\"async\" class=\"\" src=\"https:\/\/1000marcas.net\/wp-content\/uploads\/2019\/12\/logo-Puma.png\" alt=\"Logo de Puma: la historia y el significado del logotipo, la marca y el  s\u00edmbolo. | png, vector\" width=\"97\" height=\"48\" \/><\/p>\n<h1>FLEXFOCUS LITE MODERN<\/h1>\n<p><span>Es un modelo innovador de la l\u00ednea Puma Lite, dise\u00f1ado para ofrecer velocidad y comodidad. Gracias a la tecnolog\u00eda Pumalite, estas zapatillas ofrecen una ligereza y estabilidad incre\u00edbles durante el movimiento. La parte superior est\u00e1 fabricada con materiales de alta calidad que aportan estilo y funcionalidad. Estos calzados son ideales para correr, ayud\u00e1ndote a alcanzar nuevas metas y a dejar tu huella.<\/span><\/p>\n<h3><span>Caracter\u00edsticas:<\/span><\/h3>\n<ul>\n<li><span>La innovadora espuma Pumalite proporciona una suavidad excepcional y reduce la fatiga durante el uso prolongado.<\/span><\/li>\n<li><span>Dise\u00f1o moderno que enfatiza el estilo deportivo.<\/span><\/li>\n<li><span>Dise\u00f1o liviano para reducir la fatiga durante el uso.<\/span><\/li>\n<li><span>Suela innovadora con amortiguaci\u00f3n para mayor comodidad al correr.<\/span><\/li>\n<li><span>La parte superior proporciona ventilaci\u00f3n y comodidad en todas las condiciones.<\/span><\/li>\n<li><span>Suela flexible que se adapta a los movimientos del pie.<\/span><\/li>\n<li><span>Versatilidad: adecuado tanto para deportes como para uso diario.<\/span><\/li>\n<li>Color: Azul claro, Gris.<\/li>\n<li>Modelo: 310093-12.<\/li>\n<\/ul>\n<h3><span>Recomendaciones de cuidado:<\/span><\/h3>\n<ul>\n<li><span>Despu\u00e9s de cada uso, dejar secar completamente el calzado a temperatura ambiente, lo m\u00e1s lejos posible de fuentes de calor directas (radiadores, estufas, chimeneas, etc.).<\/span><\/li>\n<li><span>Evite utilizar agentes de limpieza agresivos que puedan da\u00f1ar el material.<\/span><\/li>\n<li><span>Se proporciona informaci\u00f3n de cuidado m\u00e1s detallada en la etiqueta de cada producto.<\/span><\/li>\n<\/ul>\n","protected":false},"excerpt":{"rendered":"<p>FLEXFOCUS LITE MODERN Es un modelo innovador de la l\u00ednea Puma Lite, dise\u00f1ado para ofrecer velocidad y comodidad. Gracias a<\/p>\n","protected":false},"featured_media":85977,"comment_status":"open","ping_status":"closed","template":"","meta":{"nf_dc_page":""},"product_brand":[],"product_cat":[73],"product_tag":[],"class_list":{"0":"post-85976","1":"product","2":"type-product","3":"status-publish","4":"has-post-thumbnail","6":"product_cat-femenino","8":"first","9":"instock","10":"shipping-taxable","11":"purchasable","12":"product-type-simple"},"_links":{"self":[{"href":"https:\/\/brandss.com.py\/index\/wp-json\/wp\/v2\/product\/85976","targetHints":{"allow":["GET"]}}],"collection":[{"href":"https:\/\/brandss.com.py\/index\/wp-json\/wp\/v2\/product"}],"about":[{"href":"https:\/\/brandss.com.py\/index\/wp-json\/wp\/v2\/types\/product"}],"replies":[{"embeddable":true,"href":"https:\/\/brandss.com.py\/index\/wp-json\/wp\/v2\/comments?post=85976"}],"version-history":[{"count":1,"href":"https:\/\/brandss.com.py\/index\/wp-json\/wp\/v2\/product\/85976\/revisions"}],"predecessor-version":[{"id":85983,"href":"https:\/\/brandss.com.py\/index\/wp-json\/wp\/v2\/product\/85976\/revisions\/85983"}],"wp:featuredmedia":[{"embeddable":true,"href":"https:\/\/brandss.com.py\/index\/wp-json\/wp\/v2\/media\/85977"}],"wp:attachment":[{"href":"https:\/\/brandss.com.py\/index\/wp-json\/wp\/v2\/media?parent=85976"}],"wp:term":[{"taxonomy":"product_brand","embeddable":true,"href":"https:\/\/brandss.com.py\/index\/wp-json\/wp\/v2\/product_brand?post=85976"},{"taxonomy":"product_cat","embeddable":true,"href":"https:\/\/brandss.com.py\/index\/wp-json\/wp\/v2\/product_cat?post=85976"},{"taxonomy":"product_tag","embeddable":true,"href":"https:\/\/brandss.com.py\/index\/wp-json\/wp\/v2\/product_tag?post=85976"}],"curies":[{"name":"wp","href":"https:\/\/api.w.org\/{rel}","templated":true}]}}